  {"id":3196,"date":"2024-11-26T15:38:10","date_gmt":"2024-11-26T15:38:10","guid":{"rendered":"https:\/\/www.hawaii.edu\/vice-versa\/?page_id=3196"},"modified":"2024-11-27T05:59:01","modified_gmt":"2024-11-27T05:59:01","slug":"midori-fujioka-2024","status":"publish","type":"page","link":"https:\/\/www.hawaii.edu\/vice-versa\/midori-fujioka-2024\/","title":{"rendered":"Midori Fujioka"},"content":{"rendered":"\n<h1 class=\"wp-block-heading\">Sunday at M\u0101noa<\/h1>\n\n\n\n<figure class=\"wp-block-image size-full\"><img loading=\"lazy\" decoding=\"async\" width=\"551\" height=\"937\" src=\"https:\/\/www.hawaii.edu\/vice-versa\/wp-content\/uploads\/2024\/11\/Screenshot-2024-11-24-at-8.34.48\u202fPM.png\" alt=\"\" class=\"wp-image-3251\" srcset=\"https:\/\/www.hawaii.edu\/vice-versa\/wp-content\/uploads\/2024\/11\/Screenshot-2024-11-24-at-8.34.48\u202fPM.png 551w, https:\/\/www.hawaii.edu\/vice-versa\/wp-content\/uploads\/2024\/11\/Screenshot-2024-11-24-at-8.34.48\u202fPM-235x400.png 235w\" sizes=\"auto, (max-width: 551px) 100vw, 551px\" \/><\/figure>\n\n\n\n<figure class=\"wp-block-image size-full is-resized\"><img loading=\"lazy\" decoding=\"async\" width=\"416\" height=\"320\" src=\"https:\/\/www.hawaii.edu\/vice-versa\/wp-content\/uploads\/2024\/11\/ryan-on-tank.png\" alt=\"\" class=\"wp-image-3252\" style=\"width:548px;height:auto\" srcset=\"https:\/\/www.hawaii.edu\/vice-versa\/wp-content\/uploads\/2024\/11\/ryan-on-tank.png 416w, https:\/\/www.hawaii.edu\/vice-versa\/wp-content\/uploads\/2024\/11\/ryan-on-tank-400x308.png 400w\" sizes=\"auto, (max-width: 416px) 100vw, 416px\" \/><\/figure>\n\n\n\n<p class=\"has-black-color has-text-color has-link-color has-small-font-size wp-elements-8abfa07b071a8e82f4cd1d843492e6b0\"><em>Tank Gunnery, Hohenfels, FRG (1977)<\/em><\/p>\n\n\n\n<hr class=\"wp-block-separator has-alpha-channel-opacity is-style-dots\"\/>\n\n\n\n<figure class=\"wp-block-image size-full is-resized\"><img loading=\"lazy\" decoding=\"async\" width=\"276\" height=\"282\" src=\"https:\/\/www.hawaii.edu\/vice-versa\/wp-content\/uploads\/2024\/11\/Screenshot-2024-11-24-at-1.57.18\u202fPM.png\" alt=\"\" class=\"wp-image-3253\" style=\"width:349px;height:auto\"\/><\/figure>\n\n\n\n<p class=\"has-black-color has-text-color has-link-color has-small-font-size wp-elements-01e30c122f4b763c0b8a237d603d0763\"><em>&#8220;RE&#8221; A Clear, Beautiful Thing (Black Ink on Washi)<\/em><\/p>\n\n\n\n<hr class=\"wp-block-separator has-alpha-channel-opacity is-style-dots\"\/>\n\n\n\n<figure class=\"wp-block-image size-full is-resized\"><img loading=\"lazy\" decoding=\"async\" width=\"473\" height=\"736\" src=\"https:\/\/www.hawaii.edu\/vice-versa\/wp-content\/uploads\/2024\/11\/Screenshot-2024-11-24-at-8.37.55\u202fPM.png\" alt=\"\" class=\"wp-image-3254\" style=\"width:289px;height:auto\" srcset=\"https:\/\/www.hawaii.edu\/vice-versa\/wp-content\/uploads\/2024\/11\/Screenshot-2024-11-24-at-8.37.55\u202fPM.png 473w, https:\/\/www.hawaii.edu\/vice-versa\/wp-content\/uploads\/2024\/11\/Screenshot-2024-11-24-at-8.37.55\u202fPM-257x400.png 257w\" sizes=\"auto, (max-width: 473px) 100vw, 473px\" \/><\/figure>\n\n\n\n<p class=\"has-black-color has-text-color has-link-color has-small-font-size wp-elements-506b385a62c61106bb8f2cf2efc0c279\"><em>&#8220;Kalo in M\u0101noa&#8221; (Black Sharpie on Transparency)<\/em><\/p>\n\n\n\n<hr class=\"wp-block-separator has-alpha-channel-opacity\"\/>\n\n\n<div class=\"wp-block-image\">\n<figure class=\"alignright size-full is-resized\"><img loading=\"lazy\" decoding=\"async\" width=\"800\" height=\"600\" src=\"https:\/\/www.hawaii.edu\/vice-versa\/wp-content\/uploads\/2024\/11\/Midori-Fujioka-Photo-11.22.24.jpeg\" alt=\"\" class=\"wp-image-3221\" style=\"width:272px;height:auto\" srcset=\"https:\/\/www.hawaii.edu\/vice-versa\/wp-content\/uploads\/2024\/11\/Midori-Fujioka-Photo-11.22.24.jpeg 800w, https:\/\/www.hawaii.edu\/vice-versa\/wp-content\/uploads\/2024\/11\/Midori-Fujioka-Photo-11.22.24-400x300.jpeg 400w, https:\/\/www.hawaii.edu\/vice-versa\/wp-content\/uploads\/2024\/11\/Midori-Fujioka-Photo-11.22.24-768x576.jpeg 768w\" sizes=\"auto, (max-width: 767px) 89vw, (max-width: 1000px) 54vw, (max-width: 1071px) 543px, 580px\" \/><\/figure>\n<\/div>\n\n\n<p><a href=\"http:\/\/wordsonwallsbymidorifujioka.blogspot.com\/2019\/06\/biography-fujioka-is-teacher-with.html\">Midori Fujioka<\/a>, a teacher, writer and artist, practices shod\u014d everyday. She is gosei, a fifth generation American of Japanese and Pacific Islander descent with roots in California, Hawai\u2019i and Japan. Her essays, poetry and visual artwork appear in <em>Rice Magazine<\/em>, <em>Tozai Times<\/em>, <em>Transpacific<\/em>, <em>Career Development Quarterly<\/em>, <em>Bread Loaf School of English Journal<\/em> and other Asian Pacific American print and online media. The Djerassi Resident Artists Program features her work.<\/p>\n","protected":false},"excerpt":{"rendered":"<p>Sunday at M\u0101noa Tank Gunnery, Hohenfels, FRG (1977) &#8220;RE&#8221; A Clear, Beautiful Thing (Black Ink on Washi) &#8220;Kalo in M\u0101noa&#8221; (Black Sharpie on Transparency) Midori Fujioka, a teacher, writer and artist, practices shod\u014d everyday. She is gosei, a fifth generation American of Japanese and Pacific Islander descent with roots in California, Hawai\u2019i and Japan. Her &hellip; <\/p>\n<p class=\"link-more\"><a href=\"https:\/\/www.hawaii.edu\/vice-versa\/midori-fujioka-2024\/\" class=\"more-link\">Continue reading<span class=\"screen-reader-text\"> &#8220;Midori Fujioka&#8221;<\/span><\/a><\/p>\n","protected":false},"author":1,"featured_media":0,"parent":0,"menu_order":0,"comment_status":"closed","ping_status":"closed","template":"","meta":{"footnotes":""},"class_list":["post-3196","page","type-page","status-publish","hentry"],"_links":{"self":[{"href":"https:\/\/www.hawaii.edu\/vice-versa\/wp-json\/wp\/v2\/pages\/3196","targetHints":{"allow":["GET"]}}],"collection":[{"href":"https:\/\/www.hawaii.edu\/vice-versa\/wp-json\/wp\/v2\/pages"}],"about":[{"href":"https:\/\/www.hawaii.edu\/vice-versa\/wp-json\/wp\/v2\/types\/page"}],"author":[{"embeddable":true,"href":"https:\/\/www.hawaii.edu\/vice-versa\/wp-json\/wp\/v2\/users\/1"}],"replies":[{"embeddable":true,"href":"https:\/\/www.hawaii.edu\/vice-versa\/wp-json\/wp\/v2\/comments?post=3196"}],"version-history":[{"count":13,"href":"https:\/\/www.hawaii.edu\/vice-versa\/wp-json\/wp\/v2\/pages\/3196\/revisions"}],"predecessor-version":[{"id":3286,"href":"https:\/\/www.hawaii.edu\/vice-versa\/wp-json\/wp\/v2\/pages\/3196\/revisions\/3286"}],"wp:attachment":[{"href":"https:\/\/www.hawaii.edu\/vice-versa\/wp-json\/wp\/v2\/media?parent=3196"}],"curies":[{"name":"wp","href":"https:\/\/api.w.org\/{rel}","templated":true}]}}