  {"id":32,"date":"2021-01-26T00:25:50","date_gmt":"2021-01-26T00:25:50","guid":{"rendered":"https:\/\/www.hawaii.edu\/student-basic-needs\/?page_id=32"},"modified":"2025-08-06T18:42:25","modified_gmt":"2025-08-06T18:42:25","slug":"hilo","status":"publish","type":"page","link":"https:\/\/www.hawaii.edu\/student-basic-needs-olelohawaii\/resources\/hilo\/","title":{"rendered":"Kumu Waiwai no ke Kulanui o Hawai\u02bbi ma Hilo"},"content":{"rendered":"\n<h2 class=\"wp-block-heading\" id=\"kokua-mea\u02bbai\">K\u014dkua Mea\u02bbai<\/h2>\n\n\n\n<ul class=\"wp-block-list\">\n<li><a href=\"https:\/\/hilo.hawaii.edu\/studentaffairs\/basicneedsandoutreach\/\" data-type=\"link\" data-id=\"https:\/\/hilo.hawaii.edu\/studentaffairs\/basicneedsandoutreach\/\">Âé¶¹´«Ã½Hilo Basic Needs &amp; Outreach<\/a><\/li>\n\n\n\n<li><a href=\"https:\/\/humanservices.hawaii.gov\/bessd\/snap\/\">SNAP Application<\/a><\/li>\n\n\n\n<li><a href=\"https:\/\/uhstudentbasicneeds.findhelp.com\/\">findhelp.org<\/a><\/li>\n\n\n\n<li><a href=\"https:\/\/www.kaukau4keiki.org\/home\" data-type=\"URL\" data-id=\"https:\/\/www.kaukau4keiki.org\/home\">Kaukau 4 Keiki<\/a><\/li>\n<\/ul>\n\n\n\n<h2 class=\"wp-block-heading\" id=\"kala-hele-kula\">K\u0101l\u0101 Hele Kula<\/h2>\n\n\n\n<ul class=\"wp-block-list\">\n<li><a href=\"https:\/\/hilo.hawaii.edu\/financialaid\"><abbr title=\"University of Hawaii\"><\/abbr><\/a><a href=\"https:\/\/hilo.hawaii.edu\/financialaid\/\"><abbr title=\"University of Hawaii\">UH<\/abbr>&nbsp;Hilo Financial Aid &amp; Chatbot!<\/a><\/li>\n\n\n\n<li><a href=\"https:\/\/studentaid.gov\/h\/apply-for-aid\/fafsa\"><abbr title=\"Free Application for Federal Student Aid\">FAFSA<\/abbr> Application<\/a><\/li>\n\n\n\n<li><a href=\"https:\/\/uhstudentbasicneeds.auntbertha.com\/\">findhelp.or<\/a><a href=\"https:\/\/uhstudentbasicneeds.findhelp.com\">g<\/a><\/li>\n<\/ul>\n\n\n\n<h2 class=\"wp-block-heading\" id=\"lawelawe-olakino\">Lawelawe Olakino<\/h2>\n\n\n\n<ul class=\"wp-block-list\">\n<li><a href=\"https:\/\/hilo.hawaii.edu\/studentaffairs\/health\/\">Campus Health Services<\/a><\/li>\n\n\n\n<li><a href=\"https:\/\/hilo.hawaii.edu\/studentaffairs\/counseling\/\">Campus Counseling Services<\/a><\/li>\n\n\n\n<li><a href=\"https:\/\/uhstudentbasicneeds.findhelp.com\/\">findhelp.org<\/a><\/li>\n<\/ul>\n\n\n\n<h2 class=\"wp-block-heading\" id=\"kokua-noho-hale\">K\u014dkua Noho Hale<\/h2>\n\n\n\n<ul class=\"wp-block-list\">\n<li><a href=\"https:\/\/hilo.hawaii.edu\/housing\/\" data-type=\"link\" data-id=\"https:\/\/hilo.hawaii.edu\/housing\/\">Âé¶¹´«Ã½Hilo Housing<\/a><\/li>\n\n\n\n<li><a href=\"http:\/\/www.hawaiiancommunity.net\" data-type=\"URL\" data-id=\"http:\/\/www.hawaiiancommunity.net\">Hawaiian Community Assets<\/a><\/li>\n\n\n\n<li><a href=\"https:\/\/uhstudentbasicneeds.findhelp.com\">findhelp.org<\/a><\/li>\n<\/ul>\n\n\n\n<h2 class=\"wp-block-heading\" id=\"kumu-waiwai-\u02bbe-a\u02bbe\">Kumu Waiwai \u02bb\u0112 A\u02bbe<\/h2>\n\n\n\n<ul class=\"wp-block-list\">\n<li><a href=\"https:\/\/hilo.hawaii.edu\/covid19\/\"><abbr title=\"coronavirus disease 2019\">COVID-19<\/abbr>&nbsp;Support<\/a><\/li>\n\n\n\n<li><a href=\"https:\/\/www.auw.org\/\" data-type=\"link\" data-id=\"https:\/\/www.auw.org\/\">Aloha United Way<\/a><\/li>\n\n\n\n<li><a href=\"https:\/\/www.hawaii.edu\/offices\/student-affairs\/community-support-services-resources-information\/\" data-type=\"link\" data-id=\"https:\/\/www.hawaii.edu\/offices\/student-affairs\/community-support-services-resources-information\/\">University of Hawai\u2018i Resources<\/a><\/li>\n\n\n\n<li><a href=\"https:\/\/hilo.hawaii.edu\/studentaffairs\/resources\/\">Campus and Community Resource Page<\/a><\/li>\n\n\n\n<li><a href=\"https:\/\/www.hawaii.edu\/student-basic-needs\/wp-content\/uploads\/sites\/33\/2021\/03\/Internet-Kokua-Program-Enrollment-Form-v7-20210208.pdf\">Internet Kokua Program Enrollment Form<\/a><\/li>\n\n\n\n<li><a href=\"https:\/\/www.revitalizeoahu.org\/renthelp\" data-type=\"link\" data-id=\"https:\/\/www.revitalizeoahu.org\/renthelp\">Rental and Utility Relief Program<\/a><\/li>\n\n\n\n<li><a href=\"https:\/\/getemergencybroadband.org\/\" data-type=\"URL\" data-id=\"https:\/\/getemergencybroadband.org\/\">Emergency Broadband Benefit Program<\/a><\/li>\n\n\n\n<li><a href=\"https:\/\/www.getinternet.gov\/apply\" data-type=\"link\" data-id=\"https:\/\/www.getinternet.gov\/apply\">Affordable Connectivity Program<\/a><\/li>\n<\/ul>\n\n\n\n<h2 class=\"wp-block-heading\" id=\"ka\u02bba-launa-kahua-kula\">Ka\u02bba Launa Kahua Kula<\/h2>\n\n\n\n<p class=\"wp-block-paragraph\">Sherri Akau , Interim Executive Director, Student Support and Wellbeing, <a href=\"mailto:akau714@hawaii.edu\">akau714@hawaii.edu<\/a><\/p>\n\n\n\n<p class=\"wp-block-paragraph\">Kaleb Matthews, Residence Life Coordinator, <a href=\"mailto:kalebkm@hawaii.edu\">kalebkm@hawaii.edu<\/a><\/p>\n","protected":false},"excerpt":{"rendered":"<p>K\u014dkua Mea\u02bbai K\u0101l\u0101 Hele Kula Lawelawe Olakino K\u014dkua Noho Hale Kumu Waiwai \u02bb\u0112 A\u02bbe Ka\u02bba Launa Kahua Kula Sherri Akau , Interim Executive Director, Student Support and Wellbeing, akau714@hawaii.edu Kaleb Matthews, Residence Life Coordinator, kalebkm@hawaii.edu<\/p>\n","protected":false},"author":38,"featured_media":495,"parent":43,"menu_order":0,"comment_status":"closed","ping_status":"closed","template":"page-leftsidebar.php","meta":{"_crdt_document":"","footnotes":""},"class_list":["post-32","page","type-page","status-publish","has-post-thumbnail","hentry"],"_links":{"self":[{"href":"https:\/\/www.hawaii.edu\/student-basic-needs-olelohawaii\/wp-json\/wp\/v2\/pages\/32","targetHints":{"allow":["GET"]}}],"collection":[{"href":"https:\/\/www.hawaii.edu\/student-basic-needs-olelohawaii\/wp-json\/wp\/v2\/pages"}],"about":[{"href":"https:\/\/www.hawaii.edu\/student-basic-needs-olelohawaii\/wp-json\/wp\/v2\/types\/page"}],"author":[{"embeddable":true,"href":"https:\/\/www.hawaii.edu\/student-basic-needs-olelohawaii\/wp-json\/wp\/v2\/users\/38"}],"replies":[{"embeddable":true,"href":"https:\/\/www.hawaii.edu\/student-basic-needs-olelohawaii\/wp-json\/wp\/v2\/comments?post=32"}],"version-history":[{"count":10,"href":"https:\/\/www.hawaii.edu\/student-basic-needs-olelohawaii\/wp-json\/wp\/v2\/pages\/32\/revisions"}],"predecessor-version":[{"id":1395,"href":"https:\/\/www.hawaii.edu\/student-basic-needs-olelohawaii\/wp-json\/wp\/v2\/pages\/32\/revisions\/1395"}],"up":[{"embeddable":true,"href":"https:\/\/www.hawaii.edu\/student-basic-needs-olelohawaii\/wp-json\/wp\/v2\/pages\/43"}],"wp:featuredmedia":[{"embeddable":true,"href":"https:\/\/www.hawaii.edu\/student-basic-needs-olelohawaii\/wp-json\/wp\/v2\/media\/495"}],"wp:attachment":[{"href":"https:\/\/www.hawaii.edu\/student-basic-needs-olelohawaii\/wp-json\/wp\/v2\/media?parent=32"}],"curies":[{"name":"wp","href":"https:\/\/api.w.org\/{rel}","templated":true}]}}