  {"id":30,"date":"2021-01-26T00:25:35","date_gmt":"2021-01-26T00:25:35","guid":{"rendered":"https:\/\/www.hawaii.edu\/student-basic-needs\/?page_id=30"},"modified":"2025-08-06T20:19:07","modified_gmt":"2025-08-06T20:19:07","slug":"leeward","status":"publish","type":"page","link":"https:\/\/www.hawaii.edu\/student-basic-needs-olelohawaii\/resources\/leeward\/","title":{"rendered":"Kumu Waiwai no ke K\u014dleke Kai\u0101ulu \u02bbo Leeward"},"content":{"rendered":"\n<h2 class=\"wp-block-heading\" id=\"kokua-mea\u02bbai\">K\u014dkua Mea\u02bbai<\/h2>\n\n\n\n<ul class=\"wp-block-list\">\n<li><a href=\"https:\/\/hanaiia.wixsite.com\/leewardcc\">H\u0101nai i\u0101 Leeward<\/a><\/li>\n\n\n\n<li><a href=\"http:\/\/www.leeward.hawaii.edu\/HINET\"><abbr title=\"Hawaii Nutritional Employment and Training\">HINET<\/abbr><\/a><\/li>\n\n\n\n<li><a href=\"https:\/\/humanservices.hawaii.gov\/bessd\/snap\/\"><abbr title=\"Supplemental Nutrition Assistance Program\">SNAP<\/abbr> Application<\/a><\/li>\n\n\n\n<li><a href=\"https:\/\/www.kaukau4keiki.org\/home\" data-type=\"URL\" data-id=\"https:\/\/www.kaukau4keiki.org\/home\">Kaukau 4 Keiki<\/a><\/li>\n\n\n\n<li><a href=\"https:\/\/uhstudentbasicneeds.findhelp.com\">findhelp.org<\/a><\/li>\n<\/ul>\n\n\n\n<h2 class=\"wp-block-heading\" id=\"kala-hele-kula\">K\u0101l\u0101 Hele Kula<\/h2>\n\n\n\n<ul class=\"wp-block-list\">\n<li><a href=\"https:\/\/www.leeward.hawaii.edu\/finaid\" data-type=\"URL\" data-id=\"https:\/\/www.leeward.hawaii.edu\/finaid\">Leeward <abbr title=\"Community College\">CC<\/abbr> Financial Aid &amp; Chatbot!<\/a><\/li>\n\n\n\n<li><a href=\"https:\/\/studentaid.gov\/h\/apply-for-aid\/fafsa\"><abbr title=\"Free Application for Federal Student Aid\">FAFSA<\/abbr> Application<\/a><\/li>\n\n\n\n<li><a href=\"https:\/\/uhstudentbasicneeds.findhelp.com\">findhelp.org<\/a><\/li>\n<\/ul>\n\n\n\n<h2 class=\"wp-block-heading\" id=\"lawelawe-olakino\">Lawelawe Olakino<\/h2>\n\n\n\n<ul class=\"wp-block-list\">\n<li><a href=\"https:\/\/www.hawaii.edu\/shs\/lcc\/\">Campus Health Services<\/a><\/li>\n\n\n\n<li><a href=\"https:\/\/www.leeward.hawaii.edu\/TitleIX-resources\">Mental Health Support<\/a><\/li>\n\n\n\n<li><a href=\"https:\/\/uhstudentbasicneeds.findhelp.com\">findhelp.org<\/a><\/li>\n<\/ul>\n\n\n\n<h2 class=\"wp-block-heading\" id=\"kokua-noho-hale\">K\u014dkua Noho Hale<\/h2>\n\n\n\n<ul class=\"wp-block-list\">\n<li><a href=\"http:\/\/www.hawaiiancommunity.net\/services.asp\" data-type=\"URL\" data-id=\"http:\/\/www.hawaiiancommunity.net\/services.asp\">Hawaiian Community Assets<\/a><\/li>\n\n\n\n<li><a href=\"https:\/\/uhstudentbasicneeds.findhelp.com\">findhelp.org<\/a><\/li>\n<\/ul>\n\n\n\n<h2 class=\"wp-block-heading\" id=\"kumu-waiwai-\u02bbe-a\u02bbe\">Kumu Waiwai \u02bb\u0112 A\u02bbe<\/h2>\n\n\n\n<ul class=\"wp-block-list\">\n<li><a href=\"https:\/\/hanaiia.wixsite.com\/leewardcc\/leeward-hui-ohana\" data-type=\"URL\" data-id=\"https:\/\/hanaiia.wixsite.com\/leewardcc\/leeward-hui-ohana\">Leeward Hui \u02bbOhana<\/a><\/li>\n\n\n\n<li><a href=\"http:\/\/www.leeward.hawaii.edu\/covid19-student-resources\"><abbr title=\"coronavirus disease 2019\">COVID-19<\/abbr>&nbsp;Support<\/a><\/li>\n\n\n\n<li><a href=\"http:\/\/www.hawaii.edu\/bridgetohope\/resources\/social_services.htm\">Aloha United Way<\/a><\/li>\n\n\n\n<li><a href=\"https:\/\/www.hawaii.edu\/offices\/student-affairs\/community-support-services-resources-information\/\">University of Hawai\u2018i Resources<\/a><\/li>\n\n\n\n<li><a href=\"https:\/\/www.hawaii.edu\/student-basic-needs-olelohawaii\/wp-content\/uploads\/sites\/38\/2021\/03\/Internet-Kokua-Program-Enrollment-Form-v7-20210208.pdf\">Internet Kokua Program Enrollment Form<\/a><\/li>\n\n\n\n<li><a href=\"https:\/\/www.revitalizeoahu.org\/renthelp\" data-type=\"link\" data-id=\"https:\/\/www.revitalizeoahu.org\/renthelp\">Rental and Utility Relief Program<\/a><\/li>\n\n\n\n<li><a href=\"https:\/\/getemergencybroadband.org\/\" data-type=\"URL\" data-id=\"https:\/\/getemergencybroadband.org\/\">Emergency Broadband Benefit Program<\/a><\/li>\n\n\n\n<li><a href=\"https:\/\/www.getinternet.gov\/apply\" data-type=\"link\" data-id=\"https:\/\/www.getinternet.gov\/apply\">Affordable Connectivity Program<\/a><\/li>\n<\/ul>\n\n\n\n<h2 class=\"wp-block-heading\" id=\"ka\u02bba-launa-kahua-kula\">Ka\u02bba Launa Kahua Kula<\/h2>\n\n\n\n<p class=\"wp-block-paragraph\">Lexer Chou, Student Life Coordinator, <a href=\"mailto:achou@hawaii.edu\">achou@hawaii.edu<\/a><\/p>\n\n\n\n<h2 class=\"wp-block-heading\" id=\"ka\u02bba-launa-kahua-kula\">Leeward CC Campus Committee<\/h2>\n\n\n\n<p class=\"wp-block-paragraph\">JoAnn Cagasan-Raley, HI-Net Program Coordinator,\u00a0<a href=\"mailto:jcagasan@hawaii.edu\">jcagasan@hawaii.edu<\/a><\/p>\n\n\n\n<p class=\"wp-block-paragraph\">Lexer Chou, Student Life Coordinator,\u00a0<a href=\"mailto:achou@hwaii.edu\">achou@hwaii.edu<\/a><br><\/p>\n","protected":false},"excerpt":{"rendered":"<p>K\u014dkua Mea\u02bbai K\u0101l\u0101 Hele Kula Lawelawe Olakino K\u014dkua Noho Hale Kumu Waiwai \u02bb\u0112 A\u02bbe Ka\u02bba Launa Kahua Kula Lexer Chou, Student Life Coordinator, achou@hawaii.edu Leeward CC Campus Committee JoAnn Cagasan-Raley, HI-Net Program Coordinator,\u00a0jcagasan@hawaii.edu Lexer Chou, Student Life Coordinator,\u00a0achou@hwaii.edu<\/p>\n","protected":false},"author":38,"featured_media":609,"parent":43,"menu_order":7,"comment_status":"closed","ping_status":"closed","template":"page-leftsidebar.php","meta":{"_crdt_document":"","footnotes":""},"class_list":["post-30","page","type-page","status-publish","has-post-thumbnail","hentry"],"_links":{"self":[{"href":"https:\/\/www.hawaii.edu\/student-basic-needs-olelohawaii\/wp-json\/wp\/v2\/pages\/30","targetHints":{"allow":["GET"]}}],"collection":[{"href":"https:\/\/www.hawaii.edu\/student-basic-needs-olelohawaii\/wp-json\/wp\/v2\/pages"}],"about":[{"href":"https:\/\/www.hawaii.edu\/student-basic-needs-olelohawaii\/wp-json\/wp\/v2\/types\/page"}],"author":[{"embeddable":true,"href":"https:\/\/www.hawaii.edu\/student-basic-needs-olelohawaii\/wp-json\/wp\/v2\/users\/38"}],"replies":[{"embeddable":true,"href":"https:\/\/www.hawaii.edu\/student-basic-needs-olelohawaii\/wp-json\/wp\/v2\/comments?post=30"}],"version-history":[{"count":10,"href":"https:\/\/www.hawaii.edu\/student-basic-needs-olelohawaii\/wp-json\/wp\/v2\/pages\/30\/revisions"}],"predecessor-version":[{"id":1405,"href":"https:\/\/www.hawaii.edu\/student-basic-needs-olelohawaii\/wp-json\/wp\/v2\/pages\/30\/revisions\/1405"}],"up":[{"embeddable":true,"href":"https:\/\/www.hawaii.edu\/student-basic-needs-olelohawaii\/wp-json\/wp\/v2\/pages\/43"}],"wp:featuredmedia":[{"embeddable":true,"href":"https:\/\/www.hawaii.edu\/student-basic-needs-olelohawaii\/wp-json\/wp\/v2\/media\/609"}],"wp:attachment":[{"href":"https:\/\/www.hawaii.edu\/student-basic-needs-olelohawaii\/wp-json\/wp\/v2\/media?parent=30"}],"curies":[{"name":"wp","href":"https:\/\/api.w.org\/{rel}","templated":true}]}}