  {"id":19,"date":"2021-01-26T00:20:46","date_gmt":"2021-01-26T00:20:46","guid":{"rendered":"https:\/\/www.hawaii.edu\/student-basic-needs\/?page_id=19"},"modified":"2025-08-06T18:37:29","modified_gmt":"2025-08-06T18:37:29","slug":"manoa","status":"publish","type":"page","link":"https:\/\/www.hawaii.edu\/student-basic-needs-olelohawaii\/resources\/manoa\/","title":{"rendered":"Kumu Waiwai no ke Kulanui o Hawai\u02bbi ma M\u0101noa"},"content":{"rendered":"\n<p class=\"wp-block-paragraph\"><\/p>\n\n\n\n<h2 class=\"wp-block-heading\"><a href=\"https:\/\/star.hawaii.edu\/virtual-kiosk\/app.jsp#!\/kiosk?unit=858\" data-type=\"URL\" data-id=\"https:\/\/star.hawaii.edu\/virtual-kiosk\/app.jsp#!\/kiosk?unit=858\">NEW VIRTUAL CAFE<\/a><\/h2>\n\n\n\n<p class=\"wp-block-paragraph\"><\/p>\n\n\n\n<h2 class=\"wp-block-heading\" id=\"kokua-mea\u02bbai\">K\u014dkua Mea\u02bbai<\/h2>\n\n\n\n<ul class=\"wp-block-list\">\n<li><a href=\"https:\/\/www.facebook.com\/foodvaulthawaii\/\">Food Vault Hawaii<\/a><\/li>\n\n\n\n<li><a href=\"https:\/\/humanservices.hawaii.gov\/bessd\/snap\/\"><abbr title=\"Supplemental Nutrition Assistance Program\">SNAP<\/abbr> Application<\/a><\/li>\n\n\n\n<li><a href=\"https:\/\/www.kaukau4keiki.org\/home\" data-type=\"URL\" data-id=\"https:\/\/www.kaukau4keiki.org\/home\">Kaukau 4 Keiki<\/a><\/li>\n\n\n\n<li><a href=\"https:\/\/uhstudentbasicneeds.findhelp.com\">findhelp.org<\/a><\/li>\n<\/ul>\n\n\n\n<h2 class=\"wp-block-heading\" id=\"kala-hele-kula\">K\u0101l\u0101 Hele Kula<\/h2>\n\n\n\n<ul class=\"wp-block-list\">\n<li><a href=\"https:\/\/go.hawaii.edu\/gnX\" data-type=\"link\" data-id=\"https:\/\/go.hawaii.edu\/gnX\">Child Care Access Mean\u02bbs Parents in School Grant<\/a><\/li>\n\n\n\n<li><a href=\"https:\/\/go.hawaii.edu\/gnX\" data-type=\"link\" data-id=\"https:\/\/go.hawaii.edu\/gnX\">M\u0101noa Basic Needs Funding Application<\/a><\/li>\n\n\n\n<li><a href=\"https:\/\/manoa.hawaii.edu\/fas\/\" data-type=\"URL\" data-id=\"https:\/\/manoa.hawaii.edu\/fas\/\">M\u0101noa Financial Aid &amp; Chatbot!<\/a><\/li>\n\n\n\n<li><a href=\"https:\/\/studentaid.gov\/h\/apply-for-aid\/fafsa\"><abbr title=\"Free Application for Federal Student Aid\">FAFSA<\/abbr> Application<\/a><\/li>\n\n\n\n<li><a href=\"https:\/\/uhstudentbasicneeds.findhelp.com\">findhelp.org<\/a><\/li>\n<\/ul>\n\n\n\n<h2 class=\"wp-block-heading\" id=\"lawelawe-olakino\">Lawelawe Olakino<\/h2>\n\n\n\n<ul class=\"wp-block-list\">\n<li><a href=\"https:\/\/www.hawaii.edu\/shs\/for_patients\/appointments.php\" data-type=\"link\" data-id=\"https:\/\/www.hawaii.edu\/shs\/for_patients\/appointments.php\">University Health Services M\u0101noa<\/a><\/li>\n\n\n\n<li><a href=\"http:\/\/www.manoa.hawaii.edu\/counseling\/\" data-type=\"link\" data-id=\"http:\/\/www.manoa.hawaii.edu\/counseling\/\">Counseling &amp; Student Development Center<\/a><\/li>\n\n\n\n<li><a href=\"https:\/\/www.hhhrc.org\" data-type=\"URL\" data-id=\"https:\/\/www.hhhrc.org\">Hawai\u02bbi Health &amp; Harm Reduction Center<\/a> LGBTQ+ Community<\/li>\n\n\n\n<li><a href=\"https:\/\/auw211.org\">Aloha United Way\u02bbs SUD Care Coordination<\/a><\/li>\n\n\n\n<li><a href=\"https:\/\/uhstudentbasicneeds.findhelp.com\/\">findhelp.org<\/a><\/li>\n<\/ul>\n\n\n\n<h2 class=\"wp-block-heading\" id=\"kokua-noho-hale\">K\u014dkua Noho Hale<\/h2>\n\n\n\n<ul class=\"wp-block-list\">\n<li><a href=\"https:\/\/manoa.hawaii.edu\/housing\/\">M\u0101noa Housing Services<\/a><\/li>\n\n\n\n<li><a href=\"https:\/\/hawaiiancommunity.net\">Hawaiian Community Assets<\/a><\/li>\n\n\n\n<li><a href=\"https:\/\/www.rysehawaii.org\">Residential Youth Services &amp; Empowerment (RYSE)<\/a><\/li>\n\n\n\n<li><a href=\"https:\/\/uhstudentbasicneeds.findhelp.com\">findhelp.org<\/a><\/li>\n<\/ul>\n\n\n\n<h2 class=\"wp-block-heading\" id=\"kumu-waiwai-\u02bbe-a\u02bbe\">Kumu Waiwai \u02bb\u0112 A\u02bbe<\/h2>\n\n\n\n<ul class=\"wp-block-list\">\n<li><a href=\"https:\/\/www.auw.org\/\" data-type=\"link\" data-id=\"https:\/\/www.auw.org\/\">Aloha United Way<\/a> <\/li>\n\n\n\n<li><a href=\"https:\/\/www.hawaii.edu\/bridgetohope\/\">Bridge To Hope<\/a><\/li>\n\n\n\n<li><a href=\"http:\/\/www.hawaii.edu\/childrenscenter\/\">Childcare<\/a><\/li>\n\n\n\n<li><a href=\"https:\/\/www.hawaii.edu\/offices\/student-affairs\/community-support-services-resources-information\/\" data-type=\"link\" data-id=\"https:\/\/www.hawaii.edu\/offices\/student-affairs\/community-support-services-resources-information\/\">University of Hawai\u02bbi Resources<\/a><\/li>\n\n\n\n<li><a href=\"https:\/\/manoa.hawaii.edu\/library\/devices\/\" data-type=\"link\" data-id=\"https:\/\/manoa.hawaii.edu\/library\/devices\/\">Loanable Technology<\/a><\/li>\n\n\n\n<li><a href=\"http:\/\/manoa.hawaii.edu\/veterans\/\">Veterans Support Services<\/a><\/li>\n\n\n\n<li><a href=\"https:\/\/www.hawaii.edu\/student-basic-needs\/wp-content\/uploads\/sites\/33\/2021\/03\/Internet-Kokua-Program-Enrollment-Form-v7-20210208.pdf\">Internet Kokua Program Enrollment Form<\/a><\/li>\n\n\n\n<li><a href=\"https:\/\/www.revitalizeoahu.org\/renthelp\" data-type=\"link\" data-id=\"https:\/\/www.revitalizeoahu.org\/renthelp\">Rental and Utility Relief Program<\/a><\/li>\n\n\n\n<li><a href=\"https:\/\/www.usac.org\/about\/emergency-broadband-benefit-program\/\" data-type=\"link\" data-id=\"https:\/\/www.usac.org\/about\/emergency-broadband-benefit-program\/\">Emergency Broadband Benefit Program<\/a><\/li>\n\n\n\n<li><a href=\"https:\/\/www.getinternet.gov\/apply\" data-type=\"link\" data-id=\"https:\/\/www.getinternet.gov\/apply\">Affordable Connectivity Program<\/a><\/li>\n<\/ul>\n\n\n\n<h2 class=\"wp-block-heading\" id=\"ka\u02bba-launa-kahua-kula\">Ka\u02bba Launa Kahua Kula<\/h2>\n\n\n\n<p class=\"wp-block-paragraph\">Kahunawai Wright, Interim Dean of Students, <a href=\"mailto:manoasbn@hawaii.edu\">manoasbn@hawaii.edu<\/a> <\/p>\n\n\n\n<h2 class=\"wp-block-heading\" id=\"ka\u02bba-launa-kahua-kula\">Âé¶¹´«Ã½M\u0101noa Campus Committee<\/h2>\n\n\n\n<p class=\"wp-block-paragraph\">Teresa Bill, Bridge-to-Hope Coordinator, tbill@hawaii.edu<\/p>\n\n\n\n<p class=\"wp-block-paragraph\">Kenny Lopez, Student Housing Services,\u00a0<a href=\"mailto:kennylop@hawaii.edu\">kennylop@hawaii.edu<\/a><\/p>\n\n\n\n<p class=\"wp-block-paragraph\">Bonnyjean Manini, Food Vault Hawaii,\u00a0<a href=\"mailto:bonyjean@hawaii.edu\">bonyjean@hawaii.edu<\/a><\/p>\n\n\n\n<p class=\"wp-block-paragraph\">Jillian Strong, Maui Case Management Coordinator,\u00a0<a href=\"mailto:manoasbn@hawaii.edu\">manoasbn@hawaii.edu<\/a><\/p>\n\n\n\n<p class=\"wp-block-paragraph\">Ku\u02bbulei Salzer, Health Promotions, <a href=\"mailto:salzer@hawaii.edu\">salzer@hawaii.edu<\/a><\/p>\n\n\n\n<p class=\"wp-block-paragraph\">Angie Solomon, Student Parents at M\u0101noa Coordinator,\u00a0<a href=\"mailto:ksolomon@hawaii.edu\">ksolomon@hawaii.edu<\/a><\/p>\n\n\n\n<p class=\"wp-block-paragraph\">Tina Tauasosi-Posiulai, Pasefika Student Advancement Program,\u00a0<a href=\"mailto:tauasosi@hawaii.edu\">tauasosi@hawaii.edu<\/a><\/p>\n\n\n\n<p class=\"wp-block-paragraph\">Wiliama Sanchez, Director of Student Conduct &amp; Concern,\u00a0<a href=\"mailto:wiliama@hawaii.edu\">wiliama@hawaii.edu<\/a><\/p>\n","protected":false},"excerpt":{"rendered":"<p>NEW VIRTUAL CAFE K\u014dkua Mea\u02bbai K\u0101l\u0101 Hele Kula Lawelawe Olakino K\u014dkua Noho Hale Kumu Waiwai \u02bb\u0112 A\u02bbe Ka\u02bba Launa Kahua Kula Kahunawai Wright, Interim Dean of Students, manoasbn@hawaii.edu Âé¶¹´«Ã½M\u0101noa Campus Committee Teresa Bill, Bridge-to-Hope Coordinator, tbill@hawaii.edu Kenny Lopez, Student &hellip; <\/p>\n","protected":false},"author":38,"featured_media":498,"parent":43,"menu_order":1,"comment_status":"closed","ping_status":"closed","template":"page-leftsidebar.php","meta":{"_crdt_document":"","footnotes":""},"class_list":["post-19","page","type-page","status-publish","has-post-thumbnail","hentry"],"_links":{"self":[{"href":"https:\/\/www.hawaii.edu\/student-basic-needs-olelohawaii\/wp-json\/wp\/v2\/pages\/19","targetHints":{"allow":["GET"]}}],"collection":[{"href":"https:\/\/www.hawaii.edu\/student-basic-needs-olelohawaii\/wp-json\/wp\/v2\/pages"}],"about":[{"href":"https:\/\/www.hawaii.edu\/student-basic-needs-olelohawaii\/wp-json\/wp\/v2\/types\/page"}],"author":[{"embeddable":true,"href":"https:\/\/www.hawaii.edu\/student-basic-needs-olelohawaii\/wp-json\/wp\/v2\/users\/38"}],"replies":[{"embeddable":true,"href":"https:\/\/www.hawaii.edu\/student-basic-needs-olelohawaii\/wp-json\/wp\/v2\/comments?post=19"}],"version-history":[{"count":13,"href":"https:\/\/www.hawaii.edu\/student-basic-needs-olelohawaii\/wp-json\/wp\/v2\/pages\/19\/revisions"}],"predecessor-version":[{"id":1394,"href":"https:\/\/www.hawaii.edu\/student-basic-needs-olelohawaii\/wp-json\/wp\/v2\/pages\/19\/revisions\/1394"}],"up":[{"embeddable":true,"href":"https:\/\/www.hawaii.edu\/student-basic-needs-olelohawaii\/wp-json\/wp\/v2\/pages\/43"}],"wp:featuredmedia":[{"embeddable":true,"href":"https:\/\/www.hawaii.edu\/student-basic-needs-olelohawaii\/wp-json\/wp\/v2\/media\/498"}],"wp:attachment":[{"href":"https:\/\/www.hawaii.edu\/student-basic-needs-olelohawaii\/wp-json\/wp\/v2\/media?parent=19"}],"curies":[{"name":"wp","href":"https:\/\/api.w.org\/{rel}","templated":true}]}}