  {"id":17,"date":"2021-01-26T00:19:38","date_gmt":"2021-01-26T00:19:38","guid":{"rendered":"https:\/\/www.hawaii.edu\/student-basic-needs\/?page_id=17"},"modified":"2023-10-25T01:39:45","modified_gmt":"2023-10-25T01:39:45","slug":"about","status":"publish","type":"page","link":"https:\/\/www.hawaii.edu\/student-basic-needs-olelohawaii\/about\/","title":{"rendered":"No M\u0101kou"},"content":{"rendered":"\n<div align=\"center\"><img loading=\"lazy\" decoding=\"async\" class=\"alignnone size-full wp-image-599\" src=\"https:\/\/www.hawaii.edu\/student-basic-needs-olelohawaii\/wp-content\/uploads\/sites\/38\/2021\/04\/student-gathering.png\" alt=\"\" width=\"600\" height=\"435\"><br><span style=\"font-family: Times New Roman;font-weight: bold;color: #c0c0c0;font-size: 3rem\">\u201c<\/span> <span style=\"font-size: 1.75rem;font-family: Times New Roman;font-weight: bold\">\u2018A\u2018ohe hana nui ke alu \u2018ia.<\/span> <span style=\"font-family: Times New Roman;font-weight: bold;color: #c0c0c0;font-size: 3rem\">\u201d<\/span><br><span style=\"font-style: italic\"> Na Mary Kawena Pukui. <\/span><\/div><br>\n\n\n\n<h2 class=\"wp-block-heading\" id=\"he-aha-na-pono-ola\">He Aha N\u0101 Pono Ola?<\/h2>\n\n\n\n<p class=\"wp-block-paragraph\">\u02bbO n\u0101 pono ola \u02bbo ia ka lawa k\u016bpono o ka mea\u02bbai, ka noho hale \u02bbana, ka m\u0101lama keiki, ke ola lolo maika\u02bbi, ke k\u0101l\u0101, ke alakau a me n\u0101 mea \u02bb\u0113 a\u02bbe paha. He ko\u02bbiko\u02bbi ka lawa k\u016bpono o n\u0101 pono ola no n\u0101 haum\u0101na i m\u0101kaukau l\u0101kou i ka hele kula \u02bbana, ka ho\u02bbomau \u02bbana i ka hele, ka puka \u02bbana, a no k\u014d l\u0101kou ola maika\u02bbi laul\u0101.<\/p>\n\n\n\n<p class=\"wp-block-paragraph\">Lawa \u02bbole n\u0101 pono ola no n\u0101 haum\u0101na kulanui he mau miliona i k\u0113l\u0101, k\u0113ia makahiki. I ka makahiki 2019, n\u012bnauele \u02bbia he 167,000 haum\u0101na kulanui e ka <a href=\"https:\/\/hope4college.com\/wp-content\/uploads\/2020\/02\/2019_RealCollege_Survey_Report.pdf\" data-type=\"URL\" data-id=\"https:\/\/hope4college.com\/wp-content\/uploads\/2020\/02\/2019_RealCollege_Survey_Report.pdf\">Hope Center<\/a> a no ia mau haum\u0101na, \u02bbo ka 39% \u02bba\u02bbole i lawa n\u0101 pono ola no n\u0101 l\u0101 he 30 i hala iho nei ; \u02bba\u02bbole lawa ka noho hale \u02bbana no 46%; a \u02bba\u02bbole loa\u02bba kahi e noho ai i loko o ka makahiki i hala iho nei no 17%.<\/p>\n\n\n\n<h2 class=\"wp-block-heading\" id=\"komike-pono-ola-o-ka-\u02bbonaehana-uh\">K\u014dmike Pono Ola O Ka \u02bb\u014cnaehana UH<\/h2>\n\n\n\n<p class=\"wp-block-paragraph\">Ho\u02bbokumu \u02bbia ke k\u014dmike pono ola o ka \u02bb\u014dnaehana Kulanui \u02bbo Hawai\u02bbi (UHBNC) i ka makahiki 2019 na ka pelekikena o ke kulanui \u02bbo David Lassner i \u02bbike a e ho\u02bboponopono ai i ka lawa \u02bbole o ka mea\u02bbai a me n\u0101 pono ola \u02bb\u0113 a\u02bbe ma waena o n\u0101 po\u02bbe haum\u0101na kulanui. K\u016bpa\u02bba ka UHBNC i ka lawa k\u016bpono o n\u0101 pono ola no n\u0101 haum\u0101na i k\u014d ai n\u0101 pahuhopu pilikino a ho\u02bbona\u02bbauao a l\u0101kou. Ma ka loa\u02bba i n\u0101 l\u0101l\u0101 no k\u0113l\u0101, k\u0113ia kahua UH, \u02bbike n\u0101 l\u0101l\u0101 i n\u0101 kumu waiwai i loa\u02bba ma k\u014d l\u0101kou kahua kula a kai\u0101ulu k\u012bko\u02bb\u012b. No ka leka uila \u02bbana i n\u0101 l\u0101l\u0101 o ke k\u014dmike, e \u02bbolu\u02bbolu e leka i\u0101 <a>uhsbn@hawaii.edu<\/a>.<\/p>\n\n\n\n<h2 class=\"wp-block-heading\" id=\"lala-komike\">L\u0101l\u0101 K\u014dmike<\/h2>\n\n\n\n<p class=\"wp-block-paragraph\"><abbr title=\"University of Hawaii\">UH<\/abbr> Hilo &#8211; Catherina (Ui) Amantiad, Housing Resident Manager, <a href=\"mailto:camanti@hawaii.edu\" target=\"_blank\" rel=\"noreferrer noopener\">camanti@hawaii.edu<\/a><\/p>\n\n\n\n<p class=\"wp-block-paragraph\">Âé¶¹´«Ã½Hilo &#8211; Tim Moore, Interim Dean of Students,&nbsp;<a rel=\"noreferrer noopener\" href=\"mailto:mooreta@hawaii.edu\" target=\"_blank\">mooreta@hawaii.edu<\/a><\/p>\n\n\n\n<p class=\"wp-block-paragraph\"><abbr title=\"University of Hawaii\">UH<\/abbr> M\u0101noa &#8211; Theresa Crichfield, Associate Vice Provost for Student Success &amp; Dean of Students, <a href=\"mailto:tcrich@hawaii.edu\">tcrich@hawaii.edu<\/a><\/p>\n\n\n\n<p class=\"wp-block-paragraph\"><abbr title=\"University of Hawaii\">UH<\/abbr> West O\u02bbahu &#8211; Loea Akiona, Coordinator for Career Services,&nbsp;<a rel=\"noreferrer noopener\" href=\"mailto:loea@hawaii.edu\" target=\"_blank\">loea@hawaii.edu<\/a><\/p>\n\n\n\n<p class=\"wp-block-paragraph\">Hawai\u02bbi CC &#8211; Craig Mitchell,&nbsp;Counseling, Advising, and Support Services Center,&nbsp;<a rel=\"noreferrer noopener\" href=\"mailto:craigm2@hawaii.edu\" target=\"_blank\">craigm2@hawaii.edu<\/a><\/p>\n\n\n\n<p class=\"wp-block-paragraph\">Hawai&#8217;i CC &#8211; Christine Quintana, Vice Chancellor for Student Affairs,&nbsp;<a rel=\"noreferrer noopener\" href=\"mailto:cdamate@hawaii.edu\" target=\"_blank\">cdamate@hawaii.edu<\/a><\/p>\n\n\n\n<p class=\"wp-block-paragraph\">Honolulu <abbr title=\"Community College\">CC<\/abbr> &#8211; Ina Miller-Cabasug, Learning Resources Retention Specialist, <a href=\"mailto:inamc@hawaii.edu\" target=\"_blank\" rel=\"noreferrer noopener\">inamc@hawaii.edu<\/a><\/p>\n\n\n\n<p class=\"wp-block-paragraph\">Kapi\u2018olani <abbr title=\"Community College\">CC<\/abbr> &#8211; LaVache Scanlan, Coordinator First Year Experience, <a href=\"mailto:lavache@hawaii.edu\">lavache@hawaii.edu<\/a><\/p>\n\n\n\n<p class=\"wp-block-paragraph\">Kaua\u2018i <abbr title=\"Community College\">CC<\/abbr> &#8211; Berna Souza, HiNet Coordinator &#8211; Instructional &amp; Student Support, <a href=\"mailto:bwilson1@hawaii.edu\">bwilson1@hawaii.edu<\/a><\/p>\n\n\n\n<p class=\"wp-block-paragraph\">Leeward <abbr title=\"Community College\">CC<\/abbr> &#8211; Lexer Chou, Student Life Coordinator, <a href=\"mailto:achou@hawaii.edu\">achou@hawaii.edu<\/a> <\/p>\n\n\n\n<p class=\"wp-block-paragraph\">Leeward CC &#8211; Jo Ann Cagasan, HiNET Program Coordinator, <a href=\"mailto:jcagasan@hawaii.edu\">jcagasan@hawaii.edu<\/a><\/p>\n\n\n\n<p class=\"wp-block-paragraph\">Maui College &#8211; Kulamanu Ishihara, Interim Vice Chancellor of Student Affairs, <a href=\"mailto:vorhies@hawaii.edu\">vorhies@hawaii.edu<\/a><\/p>\n\n\n\n<p class=\"wp-block-paragraph\">Windward <abbr title=\"Community College\">CC<\/abbr> &#8211; Ka\u2018ahu Alo, Student Life Counselor, <a href=\"mailto:kaahualo@hawaii.edu\">kaahualo@hawaii.edu<\/a> <\/p>\n\n\n\n<p class=\"wp-block-paragraph\">Windward CC &#8211; Ardis Eschenberg, Chancellor, <a href=\"mailto:ardise@hawaii.edu\">ardise@hawaii.edu<\/a><\/p>\n\n\n\n<p class=\"wp-block-paragraph\">Âé¶¹´«Ã½Community Colleges &#8211; Cathy Bio, Director of Student Success, <a href=\"mailto:cbio@hawaii.edu\">cbio@hawaii.edu<\/a> <\/p>\n\n\n\n<p class=\"wp-block-paragraph\"><abbr title=\"University of Hawaii\">UH<\/abbr> System &#8211; Farrahmarie Gomes, Associate Vice President for Student Affairs, <a href=\"mailto:fmgomes@hawaii.edu\">fmgomes@hawaii.edu<\/a><\/p>\n\n\n\n<p class=\"wp-block-paragraph\"><abbr title=\"University of Hawaii\">Âé¶¹´«Ã½System<\/abbr> &#8211; <span style=\"font-weight: 400\">Albie Miles, <abbr title=\"University of Hawaii Basic Needs Committee\">UHBNC<\/abbr> Chair, UHWO Assistant Professor of Sustainable Community Food Systems<\/span>, <a href=\"mailto:albie@hawaii.edu\">albie@hawaii.edu<\/a><\/p>\n\n\n\n<p class=\"wp-block-paragraph\"><abbr title=\"University of Hawaii\">UH<\/abbr> System &#8211; Tehani Keanini, Student Basic Needs Coordinator, tehanis@hawaii.edu<\/p>\n\n\n\n<h2 class=\"wp-block-heading\" id=\"administrator-resources\">Kumu Waiwai No N\u0101 Luna Ho\u02bbona\u02bbauao<\/h2>\n\n\n\n<ul class=\"wp-block-list\">\n<li><a href=\"https:\/\/hope4college.com\/wp-content\/uploads\/2021\/02\/BTFP_SNAP.pdf\"><span style=\"font-weight: 400\">Implementing Federal Guidance for SNAP Expansion<\/span><\/a><\/li>\n\n\n\n<li><a href=\"https:\/\/www.fns.usda.gov\/snap\/recipient\/eligibility\"><span style=\"font-weight: 400\">SNAP Eligibility<\/span><\/a><\/li>\n\n\n\n<li><a href=\"https:\/\/fsapartners.ed.gov\/knowledge-center\/library\/dear-colleague-letters\/2022-01-20\/use-fafsa-data-administer-federal-programs\" data-type=\"URL\" data-id=\"https:\/\/fsapartners.ed.gov\/knowledge-center\/library\/dear-colleague-letters\/2022-01-20\/use-fafsa-data-administer-federal-programs\">Using FAFSA Data to Administer Federal Programs<\/a><\/li>\n<\/ul>\n\n\n\n<h2 class=\"wp-block-heading\" id=\"administrator-resources\">\u02bb\u014clelo Pono Ola no ka \u02bbOloke\u02bba Koina Papa<\/h2>\n\n\n\n<p class=\"wp-block-paragraph\">Paipai \u02bbia n\u0101 kumu e ho\u02bbokomo i ka \u02bb\u014dlelo pono ola ma ko l\u0101kou \u02bboloke\u02bba koina papa:<\/p>\n\n\n\n<p class=\"wp-block-paragraph\"><em style=\"font-weight: bold\">\u201c\u02bbO n\u0101 pono ola \u02bbo ia ka lawa k\u016bpono o ka mea\u02bbai, ka noho hale \u02bbana, ka m\u0101lama keiki, ke ola lolo maika\u02bbi, ke k\u0101l\u0101, ke alakau a me n\u0101 mea \u02bb\u0113 a\u02bbe paha. He ko\u02bbiko\u02bbi ka lawa k\u016bpono o n\u0101 pono ola no n\u0101 haum\u0101na i m\u0101kaukau l\u0101kou i ka hele kula \u02bbana, ka ho\u02bbomau \u02bbana i ka hele a i ka puka \u02bbana a no k\u014d l\u0101kou ola maika\u02bbi laul\u0101. In\u0101 ke \u02bbike nei \u02bboe a i \u02bbole paha kekahi kanaka i ka lawa \u02bbole o n\u0101 pono ola, e \u02bbolu\u02bbolu e n\u0101n\u0101 i k\u0113ia mau kumu waiwai: <a rel=\"noreferrer noopener\" href=\"https:\/\/www.hawaii.edu\/student-basic-needs-olelohawaii\/\" target=\"_blank\" data-type=\"URL\" data-id=\"https:\/\/www.hawaii.edu\/student-basic-needs-olelohawaii\/\">N\u0101 <\/a><\/em><font color=\"#2271b1\"><a href=\"https:\/\/www.hawaii.edu\/student-basic-needs-olelohawaii\/\" data-type=\"URL\" data-id=\"https:\/\/www.hawaii.edu\/student-basic-needs-olelohawaii\/\" target=\"_blank\" rel=\"noreferrer noopener\"><span style=\"font-weight: 600\"><i><u>P<\/u><\/i><\/span><\/a><\/font><font color=\"#2271b1\"><a rel=\"noreferrer noopener\" href=\"https:\/\/www.hawaii.edu\/student-basic-needs-olelohawaii\/\" data-type=\"URL\" data-id=\"https:\/\/www.hawaii.edu\/student-basic-needs-olelohawaii\/\" target=\"_blank\"><span style=\"font-weight: 600\"><i><u>ono<\/u><\/i><\/span><\/a><\/font><strong><a rel=\"noreferrer noopener\" href=\"https:\/\/www.hawaii.edu\/student-basic-needs-olelohawaii\/\" data-type=\"URL\" data-id=\"https:\/\/www.hawaii.edu\/student-basic-needs-olelohawaii\/\" target=\"_blank\"><em> Ola Haum\u0101na<\/em><\/a><\/strong><b>\u201c<\/b><\/p>\n","protected":false},"excerpt":{"rendered":"<p>\u201c \u2018A\u2018ohe hana nui ke alu \u2018ia. \u201d Na Mary Kawena Pukui. He Aha N\u0101 Pono Ola? \u02bbO n\u0101 pono ola \u02bbo ia ka lawa k\u016bpono o ka mea\u02bbai, ka noho hale \u02bbana, ka m\u0101lama keiki, ke ola lolo maika\u02bbi, &hellip; <\/p>\n","protected":false},"author":38,"featured_media":0,"parent":0,"menu_order":0,"comment_status":"closed","ping_status":"closed","template":"","meta":{"_crdt_document":"","footnotes":""},"class_list":["post-17","page","type-page","status-publish","hentry"],"_links":{"self":[{"href":"https:\/\/www.hawaii.edu\/student-basic-needs-olelohawaii\/wp-json\/wp\/v2\/pages\/17","targetHints":{"allow":["GET"]}}],"collection":[{"href":"https:\/\/www.hawaii.edu\/student-basic-needs-olelohawaii\/wp-json\/wp\/v2\/pages"}],"about":[{"href":"https:\/\/www.hawaii.edu\/student-basic-needs-olelohawaii\/wp-json\/wp\/v2\/types\/page"}],"author":[{"embeddable":true,"href":"https:\/\/www.hawaii.edu\/student-basic-needs-olelohawaii\/wp-json\/wp\/v2\/users\/38"}],"replies":[{"embeddable":true,"href":"https:\/\/www.hawaii.edu\/student-basic-needs-olelohawaii\/wp-json\/wp\/v2\/comments?post=17"}],"version-history":[{"count":18,"href":"https:\/\/www.hawaii.edu\/student-basic-needs-olelohawaii\/wp-json\/wp\/v2\/pages\/17\/revisions"}],"predecessor-version":[{"id":1378,"href":"https:\/\/www.hawaii.edu\/student-basic-needs-olelohawaii\/wp-json\/wp\/v2\/pages\/17\/revisions\/1378"}],"wp:attachment":[{"href":"https:\/\/www.hawaii.edu\/student-basic-needs-olelohawaii\/wp-json\/wp\/v2\/media?parent=17"}],"curies":[{"name":"wp","href":"https:\/\/api.w.org\/{rel}","templated":true}]}}