  {"id":145,"date":"2021-01-27T00:41:52","date_gmt":"2021-01-27T00:41:52","guid":{"rendered":"https:\/\/www.hawaii.edu\/student-basic-needs\/?page_id=145"},"modified":"2025-08-06T20:22:53","modified_gmt":"2025-08-06T20:22:53","slug":"maui","status":"publish","type":"page","link":"https:\/\/www.hawaii.edu\/student-basic-needs-olelohawaii\/resources\/maui\/","title":{"rendered":"Kumu Waiwai no ke K\u014dleke o Maui"},"content":{"rendered":"\n<h2 class=\"wp-block-heading\" id=\"kokua-mea\u02bbai\">K\u014dkua Mea\u02bbai<\/h2>\n\n\n\n<ul class=\"wp-block-list\">\n<li><a href=\"https:\/\/humanservices.hawaii.gov\/bessd\/snap\/\"><abbr title=\"Supplemental Nutrition Assistance Program\">SNAP<\/abbr> Application<\/a><\/li>\n\n\n\n<li><a href=\"https:\/\/mauifoodbank.org\/food-distribution-sites\/\" data-type=\"URL\" data-id=\"https:\/\/mauifoodbank.org\/food-distribution-sites\/\">Maui Food Bank<\/a><\/li>\n\n\n\n<li><a href=\"https:\/\/www.kaukau4keiki.org\/home\" data-type=\"URL\" data-id=\"https:\/\/www.kaukau4keiki.org\/home\">Kaukau 4 Keiki<\/a><\/li>\n\n\n\n<li><a href=\"https:\/\/uhstudentbasicneeds.auntbertha.com\">findhelp.or<\/a><a href=\"https:\/\/uhstudentbasicneeds.findhelp.com\">g<\/a><\/li>\n<\/ul>\n\n\n\n<h2 class=\"wp-block-heading\" id=\"kala-hele-kula\">K\u0101l\u0101 Hele Kula<\/h2>\n\n\n\n<ul class=\"wp-block-list\">\n<li><a href=\"http:\/\/maui.hawaii.edu\/financial\/\"><\/a><a href=\"https:\/\/maui.hawaii.edu\/financial\/\" data-type=\"URL\" data-id=\"https:\/\/maui.hawaii.edu\/financial\/\">Maui College Financial Aid &amp; Chatbot!<\/a><\/li>\n\n\n\n<li><a href=\"https:\/\/studentaid.gov\/h\/apply-for-aid\/fafsa\"><abbr title=\"Free Application for Federal Student Aid\">FAFSA<\/abbr> Application<\/a><\/li>\n\n\n\n<li><a href=\"https:\/\/uhstudentbasicneeds.findhelp.com\">findhelp.org<\/a><\/li>\n<\/ul>\n\n\n\n<h2 class=\"wp-block-heading\" id=\"lawelawe-olakino\">Lawelawe Olakino<\/h2>\n\n\n\n<ul class=\"wp-block-list\">\n<li><a href=\"http:\/\/maui.hawaii.edu\/health-center\/\">Campus Health Services<\/a><\/li>\n\n\n\n<li><a href=\"https:\/\/uhstudentbasicneeds.findhelp.com\">findhelp.org<\/a><\/li>\n<\/ul>\n\n\n\n<h2 class=\"wp-block-heading\" id=\"kokua-noho-hale\">K\u014dkua Noho Hale<\/h2>\n\n\n\n<ul class=\"wp-block-list\">\n<li><a href=\"http:\/\/www.hawaiiancommunity.net\/services.asp\" data-type=\"URL\" data-id=\"http:\/\/www.hawaiiancommunity.net\/services.asp\">Hawaiian Community Assets<\/a><\/li>\n\n\n\n<li><a href=\"https:\/\/www.catholiccharitieshawaii.org\/maui-county-rental-utility-relief-program\/\" data-type=\"URL\" data-id=\"https:\/\/www.catholiccharitieshawaii.org\/maui-county-rental-utility-relief-program\/\">Maui County Emergency Rental Assistance Program<\/a><\/li>\n\n\n\n<li><a href=\"https:\/\/www.khako.org\/programs\/rental-assistance-program\/\" data-type=\"URL\" data-id=\"https:\/\/www.khako.org\/programs\/rental-assistance-program\/\">Ka Hale A Ke Ola Rental Assistance Program<\/a><\/li>\n\n\n\n<li><a href=\"https:\/\/www.legalaidhawaii.org\/i-cant-pay-my-rent-mortgage.html\" data-type=\"URL\" data-id=\"https:\/\/www.legalaidhawaii.org\/i-cant-pay-my-rent-mortgage.html\">Legal Aid Society of Hawai\u02bbi<\/a><\/li>\n\n\n\n<li><a href=\"https:\/\/www.meoinc.org\/programs-services\/community-services\/housing-assistance\/\" data-type=\"URL\" data-id=\"https:\/\/www.meoinc.org\/programs-services\/community-services\/housing-assistance\/\">Maui Economic Opportunity &#8211; Housing Assistance<\/a><\/li>\n\n\n\n<li><a href=\"https:\/\/uhstudentbasicneeds.findhelp.com\">findhelp.org<\/a><\/li>\n<\/ul>\n\n\n\n<h2 class=\"wp-block-heading\" id=\"kumu-waiwai-\u02bbe-a\u02bbe\">Kumu Waiwai \u02bb\u0112 A\u02bbe<\/h2>\n\n\n\n<ul class=\"wp-block-list\">\n<li><a href=\"http:\/\/maui.hawaii.edu\/health-center\/coronavirus-update\/covid-19-student-support\/\"><abbr title=\"coronavirus disease 2019\">COVID-19<\/abbr>&nbsp;Support<\/a><\/li>\n\n\n\n<li><a href=\"http:\/\/www.hawaii.edu\/bridgetohope\/resources\/social_services.htm\">Aloha United Way<\/a><\/li>\n\n\n\n<li><a href=\"https:\/\/www.hawaii.edu\/offices\/student-affairs\/community-support-services-resources-information\/\">University of Hawai\u2018i Resources<\/a><\/li>\n\n\n\n<li><a href=\"https:\/\/www.hawaii.edu\/student-basic-needs-olelohawaii\/wp-content\/uploads\/sites\/38\/2021\/02\/UHMC-Resource-List.pdf\"><abbr title=\"University of Hawaii Maui College\">UHMC<\/abbr> Resource List<\/a> List current as of 3\/1\/21. For questions, please call the agency directly for changes to services.<\/li>\n\n\n\n<li><a href=\"https:\/\/www.hawaii.edu\/student-basic-needs-olelohawaii\/wp-content\/uploads\/sites\/38\/2021\/03\/Internet-Kokua-Program-Enrollment-Form-v7-20210208.pdf\">Internet Kokua Program Enrollment Form<\/a><\/li>\n\n\n\n<li><a href=\"https:\/\/www.oneoahu.org\/renthelp\">Rental and Utility Relief Program<\/a><\/li>\n\n\n\n<li><a href=\"https:\/\/getemergencybroadband.org\/\" data-type=\"URL\" data-id=\"https:\/\/getemergencybroadband.org\/\">Emergency Broadband Benefit Program<\/a><\/li>\n\n\n\n<li><a href=\"https:\/\/www.getinternet.gov\/apply\" data-type=\"link\" data-id=\"https:\/\/www.getinternet.gov\/apply\">Affordable Connectivity Program<\/a><\/li>\n<\/ul>\n\n\n\n<h2 class=\"wp-block-heading\" id=\"ka\u02bba-launa-kahua-kula\">Ka\u02bba Launa Kahua Kula<\/h2>\n\n\n\n<p class=\"wp-block-paragraph\">Kulamanu Ishihara, Vice Chancellor of Student Affairs,\u00a0<a href=\"mailto:vorhies@hawaii.edu\">vorhies@hawaii.edu<\/a><\/p>\n\n\n\n<h2 class=\"wp-block-heading\" id=\"ka\u02bba-launa-kahua-kula\">Âé¶¹´«Ã½Maui College Campus Committee<\/h2>\n\n\n\n<p class=\"wp-block-paragraph\">Kulamanu Ishihara, Vice Chancellor of Student Affairs,\u00a0<a href=\"mailto:cvorhies@hawaii.edu\">cvorhies@hawaii.edu<\/a><\/p>\n\n\n\n<p class=\"wp-block-paragraph\">March Antosh, Design &amp; Marketing,\u00a0<a href=\"mailto:marcca@hawaii.edu\">marcca@hawaii.edu<\/a><\/p>\n\n\n\n<p class=\"wp-block-paragraph\">Bobbie Rucker, Title III Administrative Assistance,\u00a0<a href=\"mailto:brucker@hawaii.edu\">brucker@hawaii.edu<\/a><\/p>\n\n\n\n<p class=\"wp-block-paragraph\">Bonnie Friedman, Marketing,\u00a0<a href=\"mailto:bonnief@hawaii.edu\">bonnief@hawaii.edu<\/a><\/p>\n\n\n\n<p class=\"wp-block-paragraph\">Christopher Yanuaria, Personal Support Counselor,\u00a0<a href=\"mailto:cy9@hawaii.edu\">cy9@hawaii.edu<\/a><\/p>\n\n\n\n<p class=\"wp-block-paragraph\">Kilohana Miller, Institutional Analyst,\u00a0<a href=\"mailto:kilohana@hawaii.edu\">kilohana@hawaii.edu<\/a><\/p>\n\n\n\n<p class=\"wp-block-paragraph\">Leilani Kepler, Work Based Learning Specialist,\u00a0<a href=\"mailto:lkepler@hawaii.edu\">lkepler@hawaii.edu<\/a><\/p>\n\n\n\n<p class=\"wp-block-paragraph\">Leslie Watson, UHMC Health Center\/Allied Health,\u00a0<a href=\"mailto:lw33@hawaii.edu\">lw33@hawaii.edu<\/a><\/p>\n\n\n\n<p class=\"wp-block-paragraph\">Shawna Pabingwit, Title IX\/EEO\/AA Coordinator,\u00a0<a href=\"mailto:martinsh@hawaii.edu\">martinsh@hawaii.edu<\/a><br><\/p>\n","protected":false},"excerpt":{"rendered":"<p>K\u014dkua Mea\u02bbai K\u0101l\u0101 Hele Kula Lawelawe Olakino K\u014dkua Noho Hale Kumu Waiwai \u02bb\u0112 A\u02bbe Ka\u02bba Launa Kahua Kula Kulamanu Ishihara, Vice Chancellor of Student Affairs,\u00a0vorhies@hawaii.edu Âé¶¹´«Ã½Maui College Campus Committee Kulamanu Ishihara, Vice Chancellor of Student Affairs,\u00a0cvorhies@hawaii.edu March Antosh, Design &hellip; <\/p>\n","protected":false},"author":38,"featured_media":611,"parent":43,"menu_order":8,"comment_status":"closed","ping_status":"closed","template":"page-leftsidebar.php","meta":{"_crdt_document":"","footnotes":""},"class_list":["post-145","page","type-page","status-publish","has-post-thumbnail","hentry"],"_links":{"self":[{"href":"https:\/\/www.hawaii.edu\/student-basic-needs-olelohawaii\/wp-json\/wp\/v2\/pages\/145","targetHints":{"allow":["GET"]}}],"collection":[{"href":"https:\/\/www.hawaii.edu\/student-basic-needs-olelohawaii\/wp-json\/wp\/v2\/pages"}],"about":[{"href":"https:\/\/www.hawaii.edu\/student-basic-needs-olelohawaii\/wp-json\/wp\/v2\/types\/page"}],"author":[{"embeddable":true,"href":"https:\/\/www.hawaii.edu\/student-basic-needs-olelohawaii\/wp-json\/wp\/v2\/users\/38"}],"replies":[{"embeddable":true,"href":"https:\/\/www.hawaii.edu\/student-basic-needs-olelohawaii\/wp-json\/wp\/v2\/comments?post=145"}],"version-history":[{"count":11,"href":"https:\/\/www.hawaii.edu\/student-basic-needs-olelohawaii\/wp-json\/wp\/v2\/pages\/145\/revisions"}],"predecessor-version":[{"id":1407,"href":"https:\/\/www.hawaii.edu\/student-basic-needs-olelohawaii\/wp-json\/wp\/v2\/pages\/145\/revisions\/1407"}],"up":[{"embeddable":true,"href":"https:\/\/www.hawaii.edu\/student-basic-needs-olelohawaii\/wp-json\/wp\/v2\/pages\/43"}],"wp:featuredmedia":[{"embeddable":true,"href":"https:\/\/www.hawaii.edu\/student-basic-needs-olelohawaii\/wp-json\/wp\/v2\/media\/611"}],"wp:attachment":[{"href":"https:\/\/www.hawaii.edu\/student-basic-needs-olelohawaii\/wp-json\/wp\/v2\/media?parent=145"}],"curies":[{"name":"wp","href":"https:\/\/api.w.org\/{rel}","templated":true}]}}