  {"id":129,"date":"2021-01-27T00:13:30","date_gmt":"2021-01-27T00:13:30","guid":{"rendered":"https:\/\/www.hawaii.edu\/student-basic-needs\/?page_id=129"},"modified":"2025-08-06T19:55:18","modified_gmt":"2025-08-06T19:55:18","slug":"hawaii","status":"publish","type":"page","link":"https:\/\/www.hawaii.edu\/student-basic-needs-olelohawaii\/resources\/hawaii\/","title":{"rendered":"Kumu Waiwai no ke K\u014dleke Kai\u0101ulu o Hawai\u02bbi"},"content":{"rendered":"\n<h2 class=\"wp-block-heading\" id=\"kokua-mea\u02bbai\">K\u014dkua Mea\u02bbai<\/h2>\n\n\n\n<ul class=\"wp-block-list\">\n<li><a href=\"https:\/\/hawaii.hawaii.edu\/counseling\/hinet\"><abbr title=\"Hawaii Nutrition Employment and Training\">HINET<\/abbr>&nbsp;Ho\u2018ola Ike<\/a><\/li>\n\n\n\n<li><a href=\"https:\/\/humanservices.hawaii.gov\/bessd\/snap\/\"><abbr title=\"Supplemental Nutrition Assistance Program\">SNAP<\/abbr> Application<\/a><\/li>\n\n\n\n<li><a href=\"https:\/\/www.kaukau4keiki.org\/home\" data-type=\"URL\" data-id=\"https:\/\/www.kaukau4keiki.org\/home\">Kaukau 4 Keiki<\/a><\/li>\n\n\n\n<li><a href=\"https:\/\/uhstudentbasicneeds.findhelp.com\">findhelp.org<\/a><\/li>\n<\/ul>\n\n\n\n<h2 class=\"wp-block-heading\" id=\"kala-hele-kula\">K\u0101l\u0101 Hele Kula<\/h2>\n\n\n\n<ul class=\"wp-block-list\">\n<li><a href=\"https:\/\/hawaii.hawaii.edu\/financialaid\"><\/a><a href=\"https:\/\/hawaii.hawaii.edu\/financialaid\" data-type=\"URL\" data-id=\"https:\/\/hawaii.hawaii.edu\/financialaid\">Hawai\u2018i <abbr title=\"Community College\">CC<\/abbr> Financial Aid &amp; Chatbot!<\/a><\/li>\n\n\n\n<li><a href=\"https:\/\/studentaid.gov\/h\/apply-for-aid\/fafsa\"><abbr title=\"Free Application for Federal Student Aid\">FAFSA<\/abbr> Application<\/a><\/li>\n\n\n\n<li><a href=\"https:\/\/uhstudentbasicneeds.findhelp.com\">findhelp.org<\/a><\/li>\n<\/ul>\n\n\n\n<h2 class=\"wp-block-heading\" id=\"lawelawe-olakino\">Lawelawe Olakino<\/h2>\n\n\n\n<ul class=\"wp-block-list\">\n<li><a href=\"https:\/\/hawaii.hawaii.edu\/mental-wellness\">Campus Health Services<\/a><\/li>\n\n\n\n<li><a href=\"https:\/\/uhstudentbasicneeds.findhelp.com\">findhelp.org<\/a><\/li>\n<\/ul>\n\n\n\n<h2 class=\"wp-block-heading\" id=\"kokua-noho-hale\">K\u014dkua Noho Hale<\/h2>\n\n\n\n<ul class=\"wp-block-list\">\n<li><a href=\"https:\/\/uhstudentbasicneeds.findhelp.com\">findhelp.org<\/a><\/li>\n<\/ul>\n\n\n\n<h2 class=\"wp-block-heading\" id=\"kumu-waiwai-\u02bbe-a\u02bbe\">Kumu Waiwai \u02bb\u0112 A\u02bbe<\/h2>\n\n\n\n<ul class=\"wp-block-list\">\n<li><a href=\"https:\/\/hawaii.hawaii.edu\/covid-19\/student-support-information\"><abbr title=\"coronavirus disease 2019\">COVID-19<\/abbr>&nbsp;Support<\/a><\/li>\n\n\n\n<li><a href=\"http:\/\/www.hawaii.edu\/bridgetohope\/resources\/social_services.htm\">Aloha United Way<\/a><\/li>\n\n\n\n<li><a href=\"https:\/\/www.hawaii.edu\/offices\/student-affairs\/community-support-services-resources-information\/\">University of Hawai\u2018i Resources<\/a><\/li>\n\n\n\n<li><a href=\"https:\/\/www.hawaii.edu\/student-basic-needs-olelohawaii\/wp-content\/uploads\/sites\/38\/2021\/03\/Internet-Kokua-Program-Enrollment-Form-v7-20210208.pdf\">Internet Kokua Program Enrollment Form<\/a><\/li>\n\n\n\n<li><a href=\"https:\/\/www.oneoahu.org\/renthelp\">Rental and Utility Relief Program<\/a><\/li>\n\n\n\n<li><a href=\"https:\/\/getemergencybroadband.org\/\" data-type=\"URL\" data-id=\"https:\/\/getemergencybroadband.org\/\">Emergency Broadband Benefit Program<\/a><\/li>\n\n\n\n<li><a href=\"https:\/\/www.getinternet.gov\/apply\" data-type=\"link\" data-id=\"https:\/\/www.getinternet.gov\/apply\">Affordable Connectivity Program<\/a><\/li>\n<\/ul>\n\n\n\n<h2 class=\"wp-block-heading\" id=\"ka\u02bba-launa-\u02bbonaehana\">Ka\u02bba Launa \u02bb\u014cnaehana<\/h2>\n\n\n\n<p class=\"wp-block-paragraph\">Kate De Soto, Mental Health Therapist,\u00a0<a href=\"mailto:kdesoto@hawaii.edu\">kdesoto@hawaii.edu<\/a><\/p>\n\n\n\n<p class=\"wp-block-paragraph\">Christine Quintana, Vice Chancellor for Student Affairs,\u00a0<a href=\"mailto:cdamate@hawaii.edu\" target=\"_blank\" rel=\"noreferrer noopener\">cdamate@hawaii.edu<\/a><\/p>\n\n\n\n<p class=\"wp-block-paragraph\"><\/p>\n\n\n\n<h2 class=\"wp-block-heading\" id=\"ka\u02bba-launa-\u02bbonaehana\">Hawai\u02bbi CC Campus Committee<\/h2>\n\n\n\n<p class=\"wp-block-paragraph\">Kate De Soto, Mental Health Therapist,\u00a0<a href=\"mailto:kdesoto@hawaii.edu\">kdesoto@hawaii.edu<\/a><\/p>\n\n\n\n<p class=\"wp-block-paragraph\">Christine Quintana, Vice Chancellor for Student Affairs,\u00a0<a href=\"mailto:cdamate@hawaii.edu\" target=\"_blank\" rel=\"noreferrer noopener\">cdamate@hawaii.edu<\/a><\/p>\n\n\n\n<p class=\"wp-block-paragraph\">No\u02bbel Tagab-Cruz, I Ola H\u0101loa Center for Hawai\u02bbi Life Styles Coordinator,\u00a0<a href=\"mailto:tagab@hawaii.edu\">tagab@hawaii.edu<\/a><\/p>\n\n\n\n<p class=\"wp-block-paragraph\">Karen Crowell, Counselor,\u00a0<a href=\"mailto:kcrowell@hawaii.edu\">kcrowell@hawaii.edu<\/a><\/p>\n\n\n\n<p class=\"wp-block-paragraph\">Kesha Kubo, Information Center,\u00a0<a href=\"mailto:keshas@hawaii.edu\">keshas@hawaii.edu<\/a><\/p>\n\n\n\n<p class=\"wp-block-paragraph\">Monica Burnett, I Ola H\u0101loa,\u00a0<a href=\"mailto:mburnett@hawaii.edu\">mburnett@hawaii.edu<\/a><\/p>\n\n\n\n<p class=\"wp-block-paragraph\">Randiann Tokeshi, TRIO Director,\u00a0<a href=\"mailto:rtokeshi@hawaii.edu\">rtokeshi@hawaii.edu<\/a><\/p>\n\n\n\n<p class=\"wp-block-paragraph\">Tymika- Rose Miller- Pajimola, Student Representative,\u00a0<a href=\"mailto:tmillerp@hawaii.edu\">tmillerp@hawaii.edu<\/a><\/p>\n\n\n\n<p class=\"wp-block-paragraph\">Warren Walker, Counselor,\u00a0<a href=\"mailto:warrenwa@hawaii.edu\">warrenwa@hawaii.edu<\/a><\/p>\n\n\n\n<p class=\"wp-block-paragraph\">Donna Madrid, Faculty,\u00a0<a href=\"mailto:dhkanekoa@hawaii.edu\">dhkanekoa@hawaii.edu<\/a><\/p>\n","protected":false},"excerpt":{"rendered":"<p>K\u014dkua Mea\u02bbai K\u0101l\u0101 Hele Kula Lawelawe Olakino K\u014dkua Noho Hale Kumu Waiwai \u02bb\u0112 A\u02bbe Ka\u02bba Launa \u02bb\u014cnaehana Kate De Soto, Mental Health Therapist,\u00a0kdesoto@hawaii.edu Christine Quintana, Vice Chancellor for Student Affairs,\u00a0cdamate@hawaii.edu Hawai\u02bbi CC Campus Committee Kate De Soto, Mental Health Therapist,\u00a0kdesoto@hawaii.edu &hellip; <\/p>\n","protected":false},"author":38,"featured_media":676,"parent":43,"menu_order":3,"comment_status":"closed","ping_status":"closed","template":"page-leftsidebar.php","meta":{"_crdt_document":"","footnotes":""},"class_list":["post-129","page","type-page","status-publish","has-post-thumbnail","hentry"],"_links":{"self":[{"href":"https:\/\/www.hawaii.edu\/student-basic-needs-olelohawaii\/wp-json\/wp\/v2\/pages\/129","targetHints":{"allow":["GET"]}}],"collection":[{"href":"https:\/\/www.hawaii.edu\/student-basic-needs-olelohawaii\/wp-json\/wp\/v2\/pages"}],"about":[{"href":"https:\/\/www.hawaii.edu\/student-basic-needs-olelohawaii\/wp-json\/wp\/v2\/types\/page"}],"author":[{"embeddable":true,"href":"https:\/\/www.hawaii.edu\/student-basic-needs-olelohawaii\/wp-json\/wp\/v2\/users\/38"}],"replies":[{"embeddable":true,"href":"https:\/\/www.hawaii.edu\/student-basic-needs-olelohawaii\/wp-json\/wp\/v2\/comments?post=129"}],"version-history":[{"count":9,"href":"https:\/\/www.hawaii.edu\/student-basic-needs-olelohawaii\/wp-json\/wp\/v2\/pages\/129\/revisions"}],"predecessor-version":[{"id":1399,"href":"https:\/\/www.hawaii.edu\/student-basic-needs-olelohawaii\/wp-json\/wp\/v2\/pages\/129\/revisions\/1399"}],"up":[{"embeddable":true,"href":"https:\/\/www.hawaii.edu\/student-basic-needs-olelohawaii\/wp-json\/wp\/v2\/pages\/43"}],"wp:featuredmedia":[{"embeddable":true,"href":"https:\/\/www.hawaii.edu\/student-basic-needs-olelohawaii\/wp-json\/wp\/v2\/media\/676"}],"wp:attachment":[{"href":"https:\/\/www.hawaii.edu\/student-basic-needs-olelohawaii\/wp-json\/wp\/v2\/media?parent=129"}],"curies":[{"name":"wp","href":"https:\/\/api.w.org\/{rel}","templated":true}]}}