  {"id":112,"date":"2021-01-26T23:52:54","date_gmt":"2021-01-26T23:52:54","guid":{"rendered":"https:\/\/www.hawaii.edu\/student-basic-needs\/?page_id=112"},"modified":"2025-08-06T19:48:57","modified_gmt":"2025-08-06T19:48:57","slug":"west-oahu","status":"publish","type":"page","link":"https:\/\/www.hawaii.edu\/student-basic-needs-olelohawaii\/resources\/west-oahu\/","title":{"rendered":"Kumu Waiwai no ke Kulanui o Hawai\u02bbi ma O\u02bbahu Komohana"},"content":{"rendered":"\n<h2 class=\"wp-block-heading\" id=\"kokua-mea\u02bbai\">K\u014dkua Mea\u02bbai<\/h2>\n\n\n\n<ul class=\"wp-block-list\">\n<li><a href=\"https:\/\/humanservices.hawaii.gov\/bessd\/snap\/\"><abbr title=\"Supplemental Nutrition Assistance Program\">SNAP<\/abbr> Application<\/a><\/li>\n\n\n\n<li><a href=\"https:\/\/www.kaukau4keiki.org\/home\" data-type=\"URL\" data-id=\"https:\/\/www.kaukau4keiki.org\/home\">Kaukau 4 Keiki<\/a><\/li>\n\n\n\n<li><a href=\"https:\/\/uhstudentbasicneeds.auntbertha.com\">findhelp.or<\/a><a href=\"https:\/\/uhstudentbasicneeds.findhelp.com\">g<\/a><\/li>\n\n\n\n<li><a href=\"https:\/\/westoahu.hawaii.edu\/kaloinews\/?p=19658\">Food Vault Hawaii &#8211; West<\/a><\/li>\n<\/ul>\n\n\n\n<h2 class=\"wp-block-heading\" id=\"kala-hele-kula\">K\u0101l\u0101 Hele Kula<\/h2>\n\n\n\n<ul class=\"wp-block-list\">\n<li><a href=\"https:\/\/westoahu.hawaii.edu\/financial-aid\/\">West O\u2018ahu Financial Aid<\/a><\/li>\n\n\n\n<li><a href=\"https:\/\/studentaid.gov\/h\/apply-for-aid\/fafsa\"><abbr title=\"Free Application for Federal Student Aid\">FAFSA<\/abbr> Application<\/a><\/li>\n\n\n\n<li><a href=\"https:\/\/uhstudentbasicneeds.findhelp.com\">findhelp.org<\/a><\/li>\n<\/ul>\n\n\n\n<h2 class=\"wp-block-heading\" id=\"lawelawe-olakino\">Lawelawe Olakino<\/h2>\n\n\n\n<ul class=\"wp-block-list\">\n<li><a href=\"https:\/\/westoahu.hawaii.edu\/campushealth\/\" data-type=\"link\" data-id=\"https:\/\/westoahu.hawaii.edu\/campushealth\/\">Campus Health Services<\/a><\/li>\n\n\n\n<li><a href=\"https:\/\/westoahu.hawaii.edu\/mentalhealth\/\" data-type=\"link\" data-id=\"https:\/\/westoahu.hawaii.edu\/mentalhealth\/\">Mental Health Services<\/a><\/li>\n\n\n\n<li><a href=\"https:\/\/uhstudentbasicneeds.findhelp.com\">findhelp.org<\/a><\/li>\n<\/ul>\n\n\n\n<h2 class=\"wp-block-heading\" id=\"kokua-noho-hale\">K\u014dkua Noho Hale<\/h2>\n\n\n\n<ul class=\"wp-block-list\">\n<li><a href=\"http:\/\/www.hawaiiancommunity.net\/services.asp\" data-type=\"URL\" data-id=\"http:\/\/www.hawaiiancommunity.net\/services.asp\">Hawaiian Community Assets<\/a><\/li>\n\n\n\n<li><a href=\"https:\/\/uhstudentbasicneeds.findhelp.com\">findhelp.org<\/a><\/li>\n<\/ul>\n\n\n\n<h2 class=\"wp-block-heading\" id=\"kumu-waiwai-\u02bbe-a\u02bbe\">Kumu Waiwai \u02bb\u0112 A\u02bbe<\/h2>\n\n\n\n<ul class=\"wp-block-list\">\n<li><a href=\"https:\/\/westoahu.hawaii.edu\/covid-19\/\"><abbr title=\"coronavirus disease 2019\">COVID-19<\/abbr>&nbsp;Support<\/a><\/li>\n\n\n\n<li><a href=\"http:\/\/www.hawaii.edu\/bridgetohope\/resources\/social_services.htm\">Aloha United Way<\/a><\/li>\n\n\n\n<li><a href=\"https:\/\/www.hawaii.edu\/offices\/student-affairs\/community-support-services-resources-information\/\">University of Hawai\u2018i Resources<\/a><\/li>\n\n\n\n<li><a href=\"https:\/\/www.hawaii.edu\/student-basic-needs\/wp-content\/uploads\/sites\/33\/2021\/03\/Internet-Kokua-Program-Enrollment-Form-v7-20210208.pdf\">Internet Kokua Program Enrollment Form<\/a><\/li>\n\n\n\n<li><a href=\"https:\/\/www.revitalizeoahu.org\/renthelp\" data-type=\"link\" data-id=\"https:\/\/www.revitalizeoahu.org\/renthelp\">Rental and Utility Relief Program<\/a><\/li>\n\n\n\n<li><a href=\"https:\/\/getemergencybroadband.org\/\" data-type=\"URL\" data-id=\"https:\/\/getemergencybroadband.org\/\">Emergency Broadband Benefit Program<\/a><\/li>\n\n\n\n<li><a href=\"https:\/\/www.getinternet.gov\/apply\" data-type=\"link\" data-id=\"https:\/\/www.getinternet.gov\/apply\">Affordable Connectivity Program<\/a><\/li>\n<\/ul>\n\n\n\n<h2 class=\"wp-block-heading\">Ka\u02bba Launa Kahua Kula<\/h2>\n\n\n\n<p class=\"has-medium-font-size wp-block-paragraph\">Loea Akiona, Director of Student Development, <a href=\"mailto:loea@hawaii.edu\">loea@hawaii.edu<\/a><\/p>\n\n\n\n<p class=\"has-medium-font-size wp-block-paragraph\">Michiko Joseph, Interim Library Director,\u00a0<a href=\"mailto:msjoseph@hawaii.edu\">msjoseph@hawaii.edu<\/a><\/p>\n\n\n\n<h2 class=\"wp-block-heading\">Âé¶¹´«Ã½West O\u02bbahu Campus Committee<\/h2>\n\n\n\n<p class=\"wp-block-paragraph\">Christine Neves, Administrative Fiscal Support,\u00a0<a href=\"mailto:cabralch@hawaii.edu\">cabralch@hawaii.edu<\/a><\/p>\n\n\n\n<p class=\"wp-block-paragraph\">Beverly Baligad, Director of Compliance\/Title IX Coordinator,\u00a0<a href=\"mailto:bbaligad@hawaii.edu\">bbaligad@hawaii.edu<\/a><\/p>\n\n\n\n<p class=\"wp-block-paragraph\">Carina Chernisky, Public Service Librarian,\u00a0<a href=\"mailto:carinac@hawaii.edu\">carinac@hawaii.edu<\/a><\/p>\n\n\n\n<p class=\"wp-block-paragraph\">Darian Padilla, Director of Development Âé¶¹´«Ã½Foundation,\u00a0<a href=\"mailto:darian.padilla@uhfoundation.org\">darian.padilla@uhfoundation.org<\/a><\/p>\n\n\n\n<p class=\"wp-block-paragraph\">David McDonald, Vice Chancellor,\u00a0<a href=\"mailto:davidamc@hawaii.edu\">davidamc@hawaii.edu<\/a><\/p>\n\n\n\n<p class=\"wp-block-paragraph\">Daniel Ken Inouye Jr., Assistant to the Vice Chancellor of Administration,\u00a0<a href=\"mailto:dkinouye@hawaii.edu\">dkinouye@hawaii.edu<\/a><\/p>\n\n\n\n<p class=\"wp-block-paragraph\">Leila Shimokawa, Director of Communication,\u00a0<a href=\"mailto:lwai@hawaii.edu\">lwai@hawaii.edu<\/a><\/p>\n\n\n\n<p class=\"wp-block-paragraph\">Loea Akiona, Coordinator for Career Services,\u00a0<a href=\"mailto:loea@hawaii.edu\">loea@hawaii.edu<\/a><\/p>\n\n\n\n<p class=\"wp-block-paragraph\">Michiko Joseph, Interim Library Director,\u00a0<a href=\"mailto:msjoseph@hawaii.edu\">msjoseph@hawaii.edu<\/a><\/p>\n\n\n\n<p class=\"wp-block-paragraph\">Rouel Velasco, Director of Student Life,\u00a0<a href=\"mailto:rouel@hawaii.edu\">rouel@hawaii.edu<\/a><\/p>\n\n\n\n<p class=\"wp-block-paragraph\">Ryan Perreira, Intramural Coordinator,\u00a0<a href=\"mailto:rperreir@hawaii.edu\">rperreir@hawaii.edu<\/a><br><br><\/p>\n","protected":false},"excerpt":{"rendered":"<p>K\u014dkua Mea\u02bbai K\u0101l\u0101 Hele Kula Lawelawe Olakino K\u014dkua Noho Hale Kumu Waiwai \u02bb\u0112 A\u02bbe Ka\u02bba Launa Kahua Kula Loea Akiona, Director of Student Development, loea@hawaii.edu Michiko Joseph, Interim Library Director,\u00a0msjoseph@hawaii.edu Âé¶¹´«Ã½West O\u02bbahu Campus Committee Christine Neves, Administrative Fiscal Support,\u00a0cabralch@hawaii.edu &hellip; <\/p>\n","protected":false},"author":38,"featured_media":501,"parent":43,"menu_order":2,"comment_status":"closed","ping_status":"closed","template":"page-leftsidebar.php","meta":{"_crdt_document":"","footnotes":""},"class_list":["post-112","page","type-page","status-publish","has-post-thumbnail","hentry"],"_links":{"self":[{"href":"https:\/\/www.hawaii.edu\/student-basic-needs-olelohawaii\/wp-json\/wp\/v2\/pages\/112","targetHints":{"allow":["GET"]}}],"collection":[{"href":"https:\/\/www.hawaii.edu\/student-basic-needs-olelohawaii\/wp-json\/wp\/v2\/pages"}],"about":[{"href":"https:\/\/www.hawaii.edu\/student-basic-needs-olelohawaii\/wp-json\/wp\/v2\/types\/page"}],"author":[{"embeddable":true,"href":"https:\/\/www.hawaii.edu\/student-basic-needs-olelohawaii\/wp-json\/wp\/v2\/users\/38"}],"replies":[{"embeddable":true,"href":"https:\/\/www.hawaii.edu\/student-basic-needs-olelohawaii\/wp-json\/wp\/v2\/comments?post=112"}],"version-history":[{"count":11,"href":"https:\/\/www.hawaii.edu\/student-basic-needs-olelohawaii\/wp-json\/wp\/v2\/pages\/112\/revisions"}],"predecessor-version":[{"id":1397,"href":"https:\/\/www.hawaii.edu\/student-basic-needs-olelohawaii\/wp-json\/wp\/v2\/pages\/112\/revisions\/1397"}],"up":[{"embeddable":true,"href":"https:\/\/www.hawaii.edu\/student-basic-needs-olelohawaii\/wp-json\/wp\/v2\/pages\/43"}],"wp:featuredmedia":[{"embeddable":true,"href":"https:\/\/www.hawaii.edu\/student-basic-needs-olelohawaii\/wp-json\/wp\/v2\/media\/501"}],"wp:attachment":[{"href":"https:\/\/www.hawaii.edu\/student-basic-needs-olelohawaii\/wp-json\/wp\/v2\/media?parent=112"}],"curies":[{"name":"wp","href":"https:\/\/api.w.org\/{rel}","templated":true}]}}