  {"id":1007,"date":"2021-06-07T22:49:54","date_gmt":"2021-06-07T22:49:54","guid":{"rendered":"https:\/\/www.hawaii.edu\/student-basic-needs\/?page_id=1007"},"modified":"2021-09-16T18:34:52","modified_gmt":"2021-09-16T18:34:52","slug":"realcollege-survey-reports","status":"publish","type":"page","link":"https:\/\/www.hawaii.edu\/student-basic-needs-olelohawaii\/realcollege-survey-reports\/","title":{"rendered":"Mo\u02bbolelo N\u012bnauele #RealCollege"},"content":{"rendered":"\n<h2 class=\"wp-block-heading\">2021<\/h2>\n\n\n\n<ul class=\"wp-block-list\"><li><a href=\"https:\/\/www.hawaii.edu\/student-basic-needs-olelohawaii\/wp-content\/uploads\/sites\/38\/2021\/06\/HI-2021-HOPE-One-Pager.pdf\">H\u014d\u02bbulu\u02bbulu Ho\u02bbok\u014d Ho\u02bbokahi \u02bbAo\u02bbao Mo\u02bbolelo Kulanui o Hawai\u02bbi<\/a><\/li><li><a href=\"https:\/\/www.hawaii.edu\/student-basic-needs-olelohawaii\/wp-content\/uploads\/sites\/38\/2021\/06\/UH-System-2021-HOPE-Report.pdf\" data-type=\"URL\">Mo\u02bbolelo Holo\u02bboko\u02bba Kulanui o Hawai\u02bbi<\/a><\/li><li><a href=\"https:\/\/www.hawaii.edu\/student-basic-needs-olelohawaii\/wp-content\/uploads\/sites\/38\/2021\/06\/HawaiiCC-2021-HOPE-Report.pdf\">K\u014dleke Kai\u0101ulu o Hawai\u02bbi<\/a><\/li><li><a href=\"https:\/\/www.hawaii.edu\/student-basic-needs-olelohawaii\/wp-content\/uploads\/sites\/38\/2021\/06\/HonoluluCC-2021-HOPE-Report.pdf\">K\u014dleke Kai\u0101ulu o Honolulu<\/a><\/li><li><a href=\"https:\/\/www.hawaii.edu\/student-basic-needs-olelohawaii\/wp-content\/uploads\/sites\/38\/2021\/06\/KapiolaniCC-2021-HOPE-Report.pdf\">K\u014dleke Kai\u0101ulu \u02bbo Kapi\u02bbolani<\/a><\/li><li>K\u014dleke Kai\u0101ulu o Kaua\u02bbi &#8211; \u00a0\u02bbA\u02bbohe mo\u02bbolelo no ka lawa \u02bbole o ka \u02bbikepili.<\/li><li><a href=\"https:\/\/www.hawaii.edu\/student-basic-needs-olelohawaii\/wp-content\/uploads\/sites\/38\/2021\/06\/LeewardCC-HOPE-Report.pdf\">K\u014dleke Kai\u0101ulu \u02bbo Leeward, O\u02bbahu<\/a><\/li><li><a href=\"https:\/\/www.hawaii.edu\/student-basic-needs-olelohawaii\/wp-content\/uploads\/sites\/38\/2021\/06\/Maui-College-HOPE-Report.pdf\">K\u014dleke o Maui<\/a><\/li><li><a href=\"https:\/\/www.hawaii.edu\/student-basic-needs-olelohawaii\/wp-content\/uploads\/sites\/38\/2021\/06\/UH-Hilo-2021-HOPE-Report.pdf\">Kulanui o Hawai\u02bbi ma Hilo<\/a><\/li><li><a href=\"https:\/\/www.hawaii.edu\/student-basic-needs-olelohawaii\/wp-content\/uploads\/sites\/38\/2021\/06\/UH-Manoa-2021-HOPE-Report.pdf\">Kulanui o Hawai\u02bbi ma M\u0101noa<\/a><\/li><li><a href=\"https:\/\/www.hawaii.edu\/student-basic-needs-olelohawaii\/wp-content\/uploads\/sites\/38\/2021\/06\/UH-West-Oahu-2021-HOPE-Report.pdf\">Kulanui o Hawai\u02bbi ma O\u02bbahu Komohana<\/a><\/li><li><a href=\"https:\/\/www.hawaii.edu\/student-basic-needs-olelohawaii\/wp-content\/uploads\/sites\/38\/2021\/06\/WindwardCC-2021-HOPE-Report.pdf\">K\u014dleke Kai\u0101ulu o Ko\u02bbolau, O\u02bbahu<\/a><\/li><\/ul>\n\n\n\n<p class=\"wp-block-paragraph\"><\/p>\n","protected":false},"excerpt":{"rendered":"<p>2021 H\u014d\u02bbulu\u02bbulu Ho\u02bbok\u014d Ho\u02bbokahi \u02bbAo\u02bbao Mo\u02bbolelo Kulanui o Hawai\u02bbi Mo\u02bbolelo Holo\u02bboko\u02bba Kulanui o Hawai\u02bbi K\u014dleke Kai\u0101ulu o Hawai\u02bbi K\u014dleke Kai\u0101ulu o Honolulu K\u014dleke Kai\u0101ulu \u02bbo Kapi\u02bbolani K\u014dleke Kai\u0101ulu o Kaua\u02bbi &#8211; \u00a0\u02bbA\u02bbohe mo\u02bbolelo no ka lawa \u02bbole o ka \u02bbikepili. &hellip; <\/p>\n","protected":false},"author":38,"featured_media":0,"parent":0,"menu_order":0,"comment_status":"closed","ping_status":"closed","template":"","meta":{"_crdt_document":"","footnotes":""},"class_list":["post-1007","page","type-page","status-publish","hentry"],"_links":{"self":[{"href":"https:\/\/www.hawaii.edu\/student-basic-needs-olelohawaii\/wp-json\/wp\/v2\/pages\/1007","targetHints":{"allow":["GET"]}}],"collection":[{"href":"https:\/\/www.hawaii.edu\/student-basic-needs-olelohawaii\/wp-json\/wp\/v2\/pages"}],"about":[{"href":"https:\/\/www.hawaii.edu\/student-basic-needs-olelohawaii\/wp-json\/wp\/v2\/types\/page"}],"author":[{"embeddable":true,"href":"https:\/\/www.hawaii.edu\/student-basic-needs-olelohawaii\/wp-json\/wp\/v2\/users\/38"}],"replies":[{"embeddable":true,"href":"https:\/\/www.hawaii.edu\/student-basic-needs-olelohawaii\/wp-json\/wp\/v2\/comments?post=1007"}],"version-history":[{"count":3,"href":"https:\/\/www.hawaii.edu\/student-basic-needs-olelohawaii\/wp-json\/wp\/v2\/pages\/1007\/revisions"}],"predecessor-version":[{"id":1129,"href":"https:\/\/www.hawaii.edu\/student-basic-needs-olelohawaii\/wp-json\/wp\/v2\/pages\/1007\/revisions\/1129"}],"wp:attachment":[{"href":"https:\/\/www.hawaii.edu\/student-basic-needs-olelohawaii\/wp-json\/wp\/v2\/media?parent=1007"}],"curies":[{"name":"wp","href":"https:\/\/api.w.org\/{rel}","templated":true}]}}