  {"id":100,"date":"2021-01-26T22:43:50","date_gmt":"2021-01-26T22:43:50","guid":{"rendered":"https:\/\/www.hawaii.edu\/student-basic-needs\/?page_id=100"},"modified":"2025-08-06T20:16:59","modified_gmt":"2025-08-06T20:16:59","slug":"kauai","status":"publish","type":"page","link":"https:\/\/www.hawaii.edu\/student-basic-needs-olelohawaii\/resources\/kauai\/","title":{"rendered":"Kumu Waiwai no ke K\u014dleke Kai\u0101ulu o Kaua\u02bbi"},"content":{"rendered":"\n<h2 class=\"wp-block-heading\" id=\"kokua-mea\u02bbai\">K\u014dkua Mea\u02bbai<\/h2>\n\n\n\n<ul class=\"wp-block-list\">\n<li><a href=\"https:\/\/docs.google.com\/forms\/d\/e\/1FAIpQLSe3jMqRK36cYwmUqfUbgrimao141XKjwIGuE-9v1eNeS1nt9A\/viewform\" data-type=\"URL\" data-id=\"https:\/\/docs.google.com\/forms\/d\/e\/1FAIpQLSe3jMqRK36cYwmUqfUbgrimao141XKjwIGuE-9v1eNeS1nt9A\/viewform\">Food &amp; Goods Pantry<\/a><\/li>\n\n\n\n<li><a href=\"https:\/\/docs.google.com\/forms\/d\/e\/1FAIpQLSeKA5iy5se5zg0MqDoh4DfbAhfFI79gB_IcZD9BxjVw0QfG1g\/viewform\">Meal Voucher Application Form<\/a><\/li>\n\n\n\n<li><a href=\"https:\/\/www.kauai.hawaii.edu\/support-outreach-services\"><abbr title=\"Hawaii Nutritional Employment and Training\">HINET<\/abbr><\/a><\/li>\n\n\n\n<li><a href=\"https:\/\/humanservices.hawaii.gov\/bessd\/snap\/\"><abbr title=\"Supplemental Nutrition Assistance Program\">SNAP<\/abbr> Application<\/a><\/li>\n\n\n\n<li><a href=\"https:\/\/www.kaukau4keiki.org\/home\" data-type=\"URL\" data-id=\"https:\/\/www.kaukau4keiki.org\/home\">Kaukau 4 Keiki<\/a><\/li>\n\n\n\n<li><a href=\"https:\/\/uhstudentbasicneeds.findhelp.com\">findhelp.org<\/a><\/li>\n<\/ul>\n\n\n\n<h2 class=\"wp-block-heading\" id=\"kala-hele-kula\">K\u0101l\u0101 Hele Kula<\/h2>\n\n\n\n<ul class=\"wp-block-list\">\n<li><a href=\"https:\/\/www.kauai.hawaii.edu\/financial-aid\">Kaua\u2018i <abbr title=\"Community College\">CC<\/abbr> Financial Aid<\/a><\/li>\n\n\n\n<li><a href=\"https:\/\/studentaid.gov\/h\/apply-for-aid\/fafsa\"><abbr title=\"Free Application for Federal Student Aid\">FAFSA<\/abbr> Application<\/a><\/li>\n\n\n\n<li><a href=\"https:\/\/uhstudentbasicneeds.findhelp.com\">findhelp.org<\/a><\/li>\n<\/ul>\n\n\n\n<h2 class=\"wp-block-heading\" id=\"lawelawe-olakino\">Lawelawe Olakino<\/h2>\n\n\n\n<ul class=\"wp-block-list\">\n<li><a href=\"https:\/\/www.kauai.hawaii.edu\/wellness-center\">Campus Health Services<\/a><\/li>\n\n\n\n<li><a href=\"https:\/\/www.kauai.hawaii.edu\/mental-health-support\">Mental Health Support<\/a><\/li>\n\n\n\n<li><a href=\"https:\/\/uhstudentbasicneeds.findhelp.com\">findhelp.org<\/a><\/li>\n<\/ul>\n\n\n\n<h2 class=\"wp-block-heading\" id=\"kokua-noho-hale\">K\u014dkua Noho Hale<\/h2>\n\n\n\n<ul class=\"wp-block-list\">\n<li><a href=\"https:\/\/hawaiiancommunity.net\">Hawaiian Community Assets<\/a><\/li>\n\n\n\n<li><a href=\"https:\/\/uhstudentbasicneeds.findhelp.com\">findhelp.org<\/a><\/li>\n<\/ul>\n\n\n\n<h2 class=\"wp-block-heading\" id=\"kumu-waiwai-\u02bbe-a\u02bbe\">Kumu Waiwai \u02bb\u0112 A\u02bbe<\/h2>\n\n\n\n<ul class=\"wp-block-list\">\n<li><a href=\"https:\/\/www.kauai.hawaii.edu\/coronavirus\"><abbr title=\"coronavirus disease 2019\">COVID-19<\/abbr>&nbsp;Support<\/a><\/li>\n\n\n\n<li><a href=\"http:\/\/www.hawaii.edu\/bridgetohope\/resources\/social_services.htm\">Aloha United Way<\/a><\/li>\n\n\n\n<li><a href=\"https:\/\/www.hawaii.edu\/offices\/student-affairs\/community-support-services-resources-information\/\">University of Hawai\u2018i Resources<\/a><\/li>\n\n\n\n<li><a href=\"https:\/\/docs.google.com\/forms\/d\/e\/1FAIpQLSfIGiIno8H1D41WmqgrapUIjPwaKueiq6Cx7GmuJ-DezFqGTQ\/viewform\">Childcare Assistance Application<\/a><\/li>\n\n\n\n<li><a href=\"https:\/\/www.hawaii.edu\/student-basic-needs-olelohawaii\/wp-content\/uploads\/sites\/38\/2021\/03\/Internet-Kokua-Program-Enrollment-Form-v7-20210208.pdf\">Internet Kokua Program Enrollment Form<\/a><\/li>\n\n\n\n<li><a href=\"https:\/\/www.oneoahu.org\/renthelp\">Rental and Utility Relief Program<\/a><\/li>\n\n\n\n<li><a href=\"https:\/\/getemergencybroadband.org\/\" data-type=\"URL\" data-id=\"https:\/\/getemergencybroadband.org\/\">Emergency Broadband Benefit Program<\/a><\/li>\n\n\n\n<li><a href=\"https:\/\/www.getinternet.gov\/apply\" data-type=\"link\" data-id=\"https:\/\/www.getinternet.gov\/apply\">Affordable Connectivity Program<\/a><\/li>\n<\/ul>\n\n\n\n<h2 class=\"wp-block-heading\" id=\"ka\u02bba-launa-kahua-kula\">Ka\u02bba Launa Kahua Kula<\/h2>\n\n\n\n<p class=\"wp-block-paragraph\">Maeve O\u2019Donnell Pax, Human Needs Coordinator,\u00a0<a href=\"mailto:maeveop@hawaii.edu\">maeveop@hawaii.edu<\/a><\/p>\n\n\n\n<h2 class=\"wp-block-heading\" id=\"ka\u02bba-launa-kahua-kula\">Kaua\u02bbi CC Campus Committee<\/h2>\n\n\n\n<p class=\"wp-block-paragraph\">LaRisa Nebre, Non-Clinical Case Manager,\u00a0<a href=\"mailto:lnebre@hawaii.edu\">lnebre@hawaii.edu<\/a><\/p>\n\n\n\n<p class=\"wp-block-paragraph\">Berna Souza, Contracts and Grants Specialist,\u00a0<a href=\"mailto:bwilson1@hawaii.edu\">bwilson1@hawaii.edu<\/a><\/p>\n\n\n\n<p class=\"wp-block-paragraph\">Will Dressler, Student Success Coordinator,\u00a0<a href=\"mailto:dressler@hawaii.edu\">dressler@hawaii.edu<\/a><\/p>\n\n\n\n<p class=\"wp-block-paragraph\">Maeve O\u02bbDonnell Pax, Human Needs Coordinator,\u00a0<a href=\"mailto:maeveop@hawaii.edu\">maeveop@hawaii.edu<\/a><\/p>\n\n\n\n<p class=\"wp-block-paragraph\">Carna Brown, Financial Aid Specialist,\u00a0<a href=\"mailto:carna@hawaii.edu\">carna@hawaii.edu<\/a><\/p>\n\n\n\n<p class=\"wp-block-paragraph\">Lahela Salazar, Wai\u02bbale\u02bbale Project and K\u012bpaipai Program Coordinator,\u00a0<a href=\"mailto:lahea@hawaii.edu\">lahea@hawaii.edu<\/a><\/p>\n\n\n\n<p class=\"wp-block-paragraph\">No\u02bbeau Keopuhiwa, Vice Chancellor of Student Affairs,\u00a0<a href=\"mailto:keopuhiw@hawaii.edu\">keopuhiw@hawaii.edu<\/a><br><\/p>\n","protected":false},"excerpt":{"rendered":"<p>K\u014dkua Mea\u02bbai K\u0101l\u0101 Hele Kula Lawelawe Olakino K\u014dkua Noho Hale Kumu Waiwai \u02bb\u0112 A\u02bbe Ka\u02bba Launa Kahua Kula Maeve O\u2019Donnell Pax, Human Needs Coordinator,\u00a0maeveop@hawaii.edu Kaua\u02bbi CC Campus Committee LaRisa Nebre, Non-Clinical Case Manager,\u00a0lnebre@hawaii.edu Berna Souza, Contracts and Grants Specialist,\u00a0bwilson1@hawaii.edu Will &hellip; <\/p>\n","protected":false},"author":38,"featured_media":666,"parent":43,"menu_order":6,"comment_status":"closed","ping_status":"closed","template":"page-leftsidebar.php","meta":{"_crdt_document":"","footnotes":""},"class_list":["post-100","page","type-page","status-publish","has-post-thumbnail","hentry"],"_links":{"self":[{"href":"https:\/\/www.hawaii.edu\/student-basic-needs-olelohawaii\/wp-json\/wp\/v2\/pages\/100","targetHints":{"allow":["GET"]}}],"collection":[{"href":"https:\/\/www.hawaii.edu\/student-basic-needs-olelohawaii\/wp-json\/wp\/v2\/pages"}],"about":[{"href":"https:\/\/www.hawaii.edu\/student-basic-needs-olelohawaii\/wp-json\/wp\/v2\/types\/page"}],"author":[{"embeddable":true,"href":"https:\/\/www.hawaii.edu\/student-basic-needs-olelohawaii\/wp-json\/wp\/v2\/users\/38"}],"replies":[{"embeddable":true,"href":"https:\/\/www.hawaii.edu\/student-basic-needs-olelohawaii\/wp-json\/wp\/v2\/comments?post=100"}],"version-history":[{"count":7,"href":"https:\/\/www.hawaii.edu\/student-basic-needs-olelohawaii\/wp-json\/wp\/v2\/pages\/100\/revisions"}],"predecessor-version":[{"id":1404,"href":"https:\/\/www.hawaii.edu\/student-basic-needs-olelohawaii\/wp-json\/wp\/v2\/pages\/100\/revisions\/1404"}],"up":[{"embeddable":true,"href":"https:\/\/www.hawaii.edu\/student-basic-needs-olelohawaii\/wp-json\/wp\/v2\/pages\/43"}],"wp:featuredmedia":[{"embeddable":true,"href":"https:\/\/www.hawaii.edu\/student-basic-needs-olelohawaii\/wp-json\/wp\/v2\/media\/666"}],"wp:attachment":[{"href":"https:\/\/www.hawaii.edu\/student-basic-needs-olelohawaii\/wp-json\/wp\/v2\/media?parent=100"}],"curies":[{"name":"wp","href":"https:\/\/api.w.org\/{rel}","templated":true}]}}