  {"id":940,"date":"2023-07-23T18:41:09","date_gmt":"2023-07-24T04:41:09","guid":{"rendered":"https:\/\/www.hawaii.edu\/kawaihapai\/?page_id=940"},"modified":"2026-01-28T13:40:11","modified_gmt":"2026-01-28T23:40:11","slug":"hi%ca%bbiakaikapoliopele","status":"publish","type":"page","link":"https:\/\/www.hawaii.edu\/kawaihapai\/akua-list\/hi%ca%bbiakaikapoliopele\/","title":{"rendered":"Hi\u02bbiakaikapoliopele"},"content":{"rendered":"\n<p><strong>Inoa | Name(s)<\/strong><\/p>\n\n\n\n<p>Hi\u02bbiakaikapoliopele; Hi\u02bbiaka<\/p>\n\n\n\n<p><strong>H\u014d\u02bbulu\u02bbulu mana\u02bbo<\/strong><\/p>\n\n\n\n<p>He akua wahine \u2018o Hi\u02bbiakaikapoliopele e kapa pinepine \u02bbia \u02bbo Hi\u02bbiaka.<\/p>\n\n\n\n<p>Na Haumea \u02bbo ia. H\u0101nau \u02bbia \u02bbo Hi\u02bbiaka he hua mai ka waha mai o Haumea. H\u0101pai \u02bbia akula k\u0113ia hua Hi\u02bbiaka ma ka poli o kona kaikuahine \u02bbo Pele a hiki i ka w\u0101 i ulu a\u02bbe ai \u02bbo ia i u\u02bbi.<\/p>\n\n\n\n<p>\u02bbO kona \u02bbohana akua \u02bb\u0113 a\u02bbe \u02bbo ia ho\u02bbi \u02bbo Kap\u014d\u02bbulak\u012bna\u02bbu, Kamohoali\u02bbi, Pu\u02bbuhele, N\u0101makaokaha\u02bbi, a me Ka\u02bb\u014dhelo.<\/p>\n\n\n\n<p>He \u02bbaik\u0101ne \u02bbo Hopoe n\u0101na.<\/p>\n\n\n\n<p>Kaulana ko Hi\u02bbiaka huaka\u02bbi mai Puna aku i Kaua\u02bbi no ke ki\u02bbi \u02bbana i\u0101 Lohi\u02bbau he k\u0101ne na Pele. Hakak\u0101 akula \u02bbo ia me ka po\u02bbe mo\u02bbo ma k\u0113ia huaka\u02bbi. Ma loko o kekahi hakak\u0101 \u02bbana ma Kualoa i loa\u02bba ai ka moku iki \u02bbo Mokoli\u02bbi.<\/p>\n\n\n\n<p>\u02bbO n\u0101 hana no\u02bbeau a Hi\u02bbiaka \u02bbo ia ho\u02bbi ka hana l\u0101\u02bbau lapa\u02bbau a me ka hula. He kinolau ka pala\u02bb\u0101 nona.<\/p>\n\n\n\n<p><strong>Description<\/strong><\/p>\n\n\n\n<p>Hi\u02bbiakaikapoliopele is a female deity commonly called Hi\u02bbiaka. <\/p>\n\n\n\n<p>She comes from Haumea. Hi\u02bbiaka was born as an egg in the mouth of Haumea. She was then carried in the bosom of her elder sister Pele until she grew to be a young beauty.&nbsp;<\/p>\n\n\n\n<p>Her other divine relatives are Kap\u014d\u02bbulak\u012bna\u02bbu, Kamohoali\u02bbi, Pu\u02bbuhele, N\u0101makaokaha\u02bbi and Ka\u02bb\u014dhelo. <\/p>\n\n\n\n<p>Hopoe was an \u02bbaik\u0101ne of hers. <\/p>\n\n\n\n<p>Hi\u02bbiaka\u2019s journey from Puna to Kaua\u2019i in order to fetch Lohi\u2019au as a husband for Pele is famous. She fought with mo\u02bbo during this journey. In one of these battles at Kualoa, the islet of Mokoli\u02bbi was formed. <\/p>\n\n\n\n<p>The skilled works of Hi\u02bbiaka are healing as well as hula. The pala\u02bb\u0101 fern is a kinolau of hers.&nbsp;<\/p>\n\n\n\n<p><strong>\u02bb\u014clelo kuhikuhi<\/strong><\/p>\n\n\n\n<p>E koho i k\u0113ia hua\u02bb\u014dlelo no n\u0101 kumuwaiwai pili i\u0101 Hi\u02bbiakaikapoliopele, kapa p\u016b \u02bbia \u02bbo Hi\u02bbiaka, ke kaikaina muli a kaulana o Pelehonuamea. No n\u0101 kaikaina \u02bb\u0113 a\u02bbe o Pele i kapa p\u016b \u02bbia \u02bbo Hi\u02bbiaka, ak\u0101 \u02bboko\u02bba iki ka inoa a me ke kuleana, e koho i ka hua\u02bb\u014dlelo k\u016bpono. E koho p\u016b i k\u0113ia hua\u02bb\u014dlelo no Hi\u02bbiaka ma ke \u02bbano laul\u0101 in\u0101 \u02bba\u02bbole moak\u0101ka ka Hi\u02bbiaka kiko\u02bb\u012b.<\/p>\n\n\n\n<p><strong>Instructions<\/strong><\/p>\n\n\n\n<p>Use this term for resources related to Hi\u02bbiakaikapoliopele, who is also known as Hi\u02bbiaka, the youngest and most famous sister of Pele. If referring to a specific one of the sisters besides Hi\u02bbiakaikapoliopele, but whose name also starts with Hi\u02bbiaka, use the appropriate term for that individual. Use when the name starts with Hi\u02bbiaka in a general sense if the specific Hi\u02bbiaka being referred to is unclear.<\/p>\n\n\n\n<p><strong>Mo\u02bbok\u016b\u02bbauhau | Genealogy<\/strong><\/p>\n\n\n\n<p><em>Akua | Deity: <\/em><a href=\"https:\/\/www.hawaii.edu\/kawaihapai\/akua\/pele\/\" data-type=\"URL\" data-id=\"https:\/\/www.hawaii.edu\/kawaihapai\/akua\/pele\/\" target=\"_blank\" rel=\"noreferrer noopener\">Pele<sup>1<\/sup>,<\/a> <a href=\"https:\/\/www.hawaii.edu\/kawaihapai\/akua-list\/kapo%CA%BBulakina%CA%BBu-kapo\/\">Kap\u014d\u02bbulak\u012bna\u02bbu<\/a>; <a href=\"https:\/\/www.hawaii.edu\/kawaihapai\/akua-list\/kamohoali%CA%BBi\/\">Kamohoali\u02bbi<\/a>, <a href=\"https:\/\/www.hawaii.edu\/kawaihapai\/akua\/namakaokaha%ca%bbi\/\" data-type=\"page\" data-id=\"1673\">N\u0101makaokaha\u02bbi<\/a><\/p>\n\n\n\n<p><em>Makua | Parent:<\/em> <a href=\"https:\/\/www.hawaii.edu\/kawaihapai\/akua-list\/haumea\/\">Haumea<\/a><sup>2<\/sup>; Kahinalii<\/p>\n\n\n\n<p><strong>\u02bb\u0100ina | Land\/sea:<\/strong> Puuopele<sup>2<\/sup>; Mana, Kaua\u02bbi; Kealiapaakai &amp; Kealiamanu &amp; Leahi, Oahu; Kalaupapa, Molokai; <a href=\"https:\/\/www.hawaii.edu\/kawaihapai\/ka-pae-\u02bbaina-o-hawai\u02bbi-na-kai-\u02bbewalu\/maui\/kipahulu\/haleakala\/\">Haleakala<\/a>; Hanaka\u02bbie\u02bbie, <a href=\"https:\/\/www.hawaii.edu\/kawaihapai\/ka-pae-\u02bbaina-o-hawai\u02bbi-na-kai-\u02bbewalu\/maui\/kahikinui\/\">Kahikinui<\/a>; Nu\u02bbumealani<sup>3<\/sup>; Halemaumau, Hawaii; Kualoa, O\u02bbahu<\/p>\n\n\n\n<p><strong>Hana | Practice: <\/strong><a href=\"https:\/\/www.hawaii.edu\/kawaihapai\/hana-list\/hula\/\">Hula<\/a><sup>3<\/sup><\/p>\n\n\n\n<p><strong>Hanana | Event<\/strong><\/p>\n\n\n\n<p>Battle with mo\u02bbo at Kualoa<sup>3<\/sup>, Oahu leading to formation of Mokoli\u02bbi (Chinaman\u02bbs Hat)<\/p>\n\n\n\n<p><strong>K\u016bmole | Source(s)<\/strong><\/p>\n\n\n\n<p>1. Pukui, Mary Kawena, and Samuel H. (Samuel Hoyt) Elbert. <em>Hawaiian Dictionary\u202f: Hawaiian-English, English-Hawaiian<\/em>. Rev. and enl. Ed. Honolulu: University of Hawaii Press, 1986.<\/p>\n\n\n\n<p>2. Fornander, Abraham, and Thomas G. (Thomas George) Thrum. <em>Fornander Collection of Hawaiian Antiquities and Folk-Lore\u202f: The Hawaiian Account of the Formation of Their Islands and Origin of Their Race, with the Traditions of Their Migrations, Etc.<\/em> Millwood, N.Y: Kraus Reprint, 1985. pages 32-111, 576-583.<\/p>\n\n\n\n<p>3. Kaopio, Matthew. <em>Hawaiian Family Legends<\/em>. Honolulu, Hawaii: Mutual Pub., 2003.<\/p>\n\n\n\n<p><strong>Ho\u02bbopili \u02bbia i | Applied to: <\/strong><a href=\"https:\/\/uhawaii-manoa.primo.exlibrisgroup.com\/permalink\/01UHAWAII_MANOA\/11uc19p\/alma9936075624605682\">Ka mo\u02bbolelo o Hi\u02bbiakaikapoliopele : ka wahine i ka hikina a ka l\u0101, ka u\u02bbi palekoki uila o Halema\u02bbuma\u02bbu<\/a>, <a href=\"https:\/\/uhawaii-manoa.primo.exlibrisgroup.com\/permalink\/01UHAWAII_MANOA\/11uc19p\/alma9931776414605682\" data-type=\"link\" data-id=\"https:\/\/uhawaii-manoa.primo.exlibrisgroup.com\/permalink\/01UHAWAII_MANOA\/11uc19p\/alma9931776414605682\">Pele&#8217;s appeal : mo\u02bbolelo, kaona, and hulihia in &#8220;Pele and Hi\u02bbiaka&#8221; literature (1860-1928)<\/a>, <a href=\"https:\/\/uhawaii-manoa.primo.exlibrisgroup.com\/permalink\/01UHAWAII_MANOA\/11uc19p\/alma9932386294605682\">Hi\u02bbiaka, Lohi\u02bbau &amp; the five maile sisters<\/a><\/p>\n\n\n\n<p><strong>Mea haku | Created by: <\/strong>Puaokamele Dizon<\/p>\n\n\n\n<p><strong>Mea loiloi| Edited by:<\/strong> Annemarie Paikai<\/p>\n","protected":false},"excerpt":{"rendered":"<p>Inoa | Name(s) Hi\u02bbiakaikapoliopele; Hi\u02bbiaka H\u014d\u02bbulu\u02bbulu mana\u02bbo He akua wahine \u2018o Hi\u02bbiakaikapoliopele e kapa pinepine \u02bbia \u02bbo Hi\u02bbiaka. Na Haumea \u02bbo ia. H\u0101nau \u02bbia \u02bbo Hi\u02bbiaka he hua mai ka waha mai o Haumea. H\u0101pai \u02bbia akula k\u0113ia hua Hi\u02bbiaka &hellip; <\/p>\n","protected":false},"author":154,"featured_media":0,"parent":925,"menu_order":5,"comment_status":"closed","ping_status":"closed","template":"","meta":{"footnotes":""},"class_list":["post-940","page","type-page","status-publish","hentry"],"_links":{"self":[{"href":"https:\/\/www.hawaii.edu\/kawaihapai\/wp-json\/wp\/v2\/pages\/940","targetHints":{"allow":["GET"]}}],"collection":[{"href":"https:\/\/www.hawaii.edu\/kawaihapai\/wp-json\/wp\/v2\/pages"}],"about":[{"href":"https:\/\/www.hawaii.edu\/kawaihapai\/wp-json\/wp\/v2\/types\/page"}],"author":[{"embeddable":true,"href":"https:\/\/www.hawaii.edu\/kawaihapai\/wp-json\/wp\/v2\/users\/154"}],"replies":[{"embeddable":true,"href":"https:\/\/www.hawaii.edu\/kawaihapai\/wp-json\/wp\/v2\/comments?post=940"}],"version-history":[{"count":25,"href":"https:\/\/www.hawaii.edu\/kawaihapai\/wp-json\/wp\/v2\/pages\/940\/revisions"}],"predecessor-version":[{"id":3188,"href":"https:\/\/www.hawaii.edu\/kawaihapai\/wp-json\/wp\/v2\/pages\/940\/revisions\/3188"}],"up":[{"embeddable":true,"href":"https:\/\/www.hawaii.edu\/kawaihapai\/wp-json\/wp\/v2\/pages\/925"}],"wp:attachment":[{"href":"https:\/\/www.hawaii.edu\/kawaihapai\/wp-json\/wp\/v2\/media?parent=940"}],"curies":[{"name":"wp","href":"https:\/\/api.w.org\/{rel}","templated":true}]}}