  {"id":926,"date":"2023-07-21T16:58:47","date_gmt":"2023-07-22T02:58:47","guid":{"rendered":"https:\/\/www.hawaii.edu\/kawaihapai\/?page_id=926"},"modified":"2024-09-04T09:10:35","modified_gmt":"2024-09-04T19:10:35","slug":"hina","status":"publish","type":"page","link":"https:\/\/www.hawaii.edu\/kawaihapai\/akua-list\/hina\/","title":{"rendered":"Hina"},"content":{"rendered":"\n<p><strong>Inoa | Name(s)<\/strong><\/p>\n\n\n\n<p>Hina; Hinanuialana<sup>2<\/sup>; Hinakawea<sup>2<\/sup>; Hinamanouluae<sup>4<\/sup> ;Hinaikawai; Hinaikeahi; Hinaikamalama<\/p>\n\n\n\n<p><strong>H\u014d\u02bbulu\u02bbulu mana\u02bbo<\/strong><\/p>\n\n\n\n<p>\u02bbO Hina l\u0101ua \u02bbo K\u016b n\u0101 makamua o n\u0101 akua i h\u014d\u02bbea ma Hawai\u02bbi mai\u0101 Kahiki mai. \u02bbIke pinepine \u02bbia ma n\u0101 mo\u02bbolelo kahiko, \u02bbo Hina l\u0101ua \u02bbo K\u016b n\u0101 makua, me he mea l\u0101 \u02bbo l\u0101ua n\u0101 m\u0101kua o n\u0101 k\u0101naka Hawai\u02bbi. \u02bbO K\u016b ke akua n\u0101na ke kuleana o ka mana o ke k\u0101ne, a \u02bbo Hina ke akua n\u0101na ke kuleana o ka mana o ka wahine. <\/p>\n\n\n\n<p>\u02bbO Hina ke akua i h\u0101nau mai i ka mokupuni o Moloka\u02bbi me ke akua o W\u0101kea, \u02bbo ia ke kumu kapa \u02bbia k\u0113l\u0101 mokupuni \u02bbo Moloka\u02bbinuiahina. \u02bbO HIna ka inoa laul\u0101 o k\u0113ia akua, a aia he mau akua i kapa \u02bbia \u02bbo Hina me ka inoa a me ke kuleana kiko\u02bb\u012b e like ho\u02bbi me Hinapukui\u02bba, Hinaikeahi, Hinaikawai, Hinaakalana a p\u0113l\u0101 wale aku. Ho\u02bbola\u02bba paha \u02bbia k\u0113ia mau Hina ma ke \u02bbano he \u02bbohana a i \u02bbole papa akua o Hina. He pilina ko Hina me ka hana kapa a \u02bbo ka mahina kona kinolau.<\/p>\n\n\n\n<p><strong>Description<\/strong><\/p>\n\n\n\n<p>Hina and K\u016b were the first gods to reach Hawai\u02bbi from Kahiki. It is often seen in the historical writings, K\u016b and Hina or a version of them are invoked as the parents of various characters, and are seemingly the progenitors of the Hawaiian people. K\u016b is the god who is associated with male energies and HIna is the god associated with female energies. Hina is the god who birthed the island of Moloka\u02bbi with W\u0101kea, and that is the reason that island is named Moloka\u02bbinuiahina. Hina is the general name for this god, and there are many others called Hina with a name that reflects a more specific function or responsibility such as, Hinapukui\u02bba, Hinaikeahi, Hinaikawai, Hinaakalana, as well as many others. These gods called Hina are worshiped as a family or class of gods. Hina is associated with kapa making and the moon is her bodily form.<\/p>\n\n\n\n<p><strong>\u02bb\u014clelo kuhikuhi<\/strong><\/p>\n\n\n\n<p>E koho i k\u0113a hua\u02bb\u014dlelo no n\u0101 kumuwaiwai pili i\u0101 Hina ma ke \u02bbano laul\u0101<\/p>\n\n\n\n<p><strong>Instructions<\/strong><\/p>\n\n\n\n<p>Use this term for resources related to Hina in a general sense.<\/p>\n\n\n\n<p><strong>Mo\u02bbok\u016b\u02bbauhau | Genealogy<\/strong><\/p>\n\n\n\n<p><em>Akua | Deity:<\/em> <a href=\"https:\/\/www.hawaii.edu\/kawaihapai\/akua\/ku\/\" data-type=\"page\" data-id=\"1664\">K\u016b<\/a>; <a href=\"https:\/\/www.hawaii.edu\/kawaihapai\/akua\/wakea\/\" data-type=\"page\" data-id=\"1679\">W\u0101kea<\/a> <\/p>\n\n\n\n<p><strong>\u02bb\u0100ina | Land\/sea: <\/strong><a href=\"https:\/\/www.hawaii.edu\/kawaihapai\/ka-pae-\u02bbaina-o-hawai\u02bbi-na-kai-\u02bbewalu\/moloka\u02bbi\/\">Moloka\u02bbi<\/a><\/p>\n\n\n\n<p><strong>Hana | Practice<\/strong>: <a href=\"https:\/\/www.hawaii.edu\/kawaihapai\/hana-list\/hana-kapa\/\">Hana kapa<\/a>; H\u0101nau keiki<\/p>\n\n\n\n<p><strong>Kinolau | Form<\/strong>: Mahina<\/p>\n\n\n\n<p><strong>K\u016bmole<\/strong>:&nbsp;<\/p>\n\n\n\n<p>(1) Pukui, Mary Kawena, and Samuel H. (Samuel Hoyt) Elbert. <em>Hawaiian Dictionary\u202f: Hawaiian-English, English-Hawaiian<\/em>. Rev. and enl. Ed. Honolulu: University of Hawaii Press, 1986.<\/p>\n\n\n\n<p> (2) Thrum, Thomas G. (Thomas George). <em>More Hawaiian Folk Tales; a Collection of Native Legends and Traditions<\/em>. Chicago: A.C. McClurg &amp; Co., 1923. pages 197-213.<\/p>\n\n\n\n<p>(3) Westervelt, W. D. (William Drake). <em>Hawaiian Legends of Ghosts and Ghost-Gods<\/em>. Rutland, Vt: C. E. Tuttle, 1963. pages 224-240; 116-151.<\/p>\n\n\n\n<p>(4) Kaopio, Matthew. <em>Hawaiian Family Legends<\/em>. Honolulu, Hawaii: Mutual Pub., 2003.<\/p>\n\n\n\n<p>(5) Beckwith, Martha Warren. <em>Hawaiian Mythology<\/em>. Honolulu: University Press of Hawaii, 1976.<\/p>\n\n\n\n<p><strong>Ho\u02bbopili \u02bbia i | Applied to:&nbsp;<\/strong><a href=\"https:\/\/uhawaii-manoa.primo.exlibrisgroup.com\/permalink\/01UHAWAII_MANOA\/11uc19p\/alma9931351624605682\">Hina, the godess<\/a>, <a href=\"https:\/\/uhawaii-manoa.primo.exlibrisgroup.com\/permalink\/01UHAWAII_MANOA\/11uc19p\/alma9919220724605682\">The Rescue of Hina,<\/a> <a href=\"https:\/\/uhawaii-manoa.primo.exlibrisgroup.com\/permalink\/01UHAWAII_MANOA\/11uc19p\/alma9928042614605682\">Legends of Maui : a demi-god of Polynesia and of his mother Hina <\/a><\/p>\n\n\n\n<p><strong>Mea haku | Created by:&nbsp;<\/strong>Puaokamele Dizon; Annemarie Paikai<\/p>\n","protected":false},"excerpt":{"rendered":"<p>Inoa | Name(s) Hina; Hinanuialana2; Hinakawea2; Hinamanouluae4 ;Hinaikawai; Hinaikeahi; Hinaikamalama H\u014d\u02bbulu\u02bbulu mana\u02bbo \u02bbO Hina l\u0101ua \u02bbo K\u016b n\u0101 makamua o n\u0101 akua i h\u014d\u02bbea ma Hawai\u02bbi mai\u0101 Kahiki mai. \u02bbIke pinepine \u02bbia ma n\u0101 mo\u02bbolelo kahiko, \u02bbo Hina l\u0101ua \u02bbo &hellip; <\/p>\n","protected":false},"author":154,"featured_media":0,"parent":925,"menu_order":6,"comment_status":"closed","ping_status":"closed","template":"","meta":{"footnotes":""},"class_list":["post-926","page","type-page","status-publish","hentry"],"_links":{"self":[{"href":"https:\/\/www.hawaii.edu\/kawaihapai\/wp-json\/wp\/v2\/pages\/926","targetHints":{"allow":["GET"]}}],"collection":[{"href":"https:\/\/www.hawaii.edu\/kawaihapai\/wp-json\/wp\/v2\/pages"}],"about":[{"href":"https:\/\/www.hawaii.edu\/kawaihapai\/wp-json\/wp\/v2\/types\/page"}],"author":[{"embeddable":true,"href":"https:\/\/www.hawaii.edu\/kawaihapai\/wp-json\/wp\/v2\/users\/154"}],"replies":[{"embeddable":true,"href":"https:\/\/www.hawaii.edu\/kawaihapai\/wp-json\/wp\/v2\/comments?post=926"}],"version-history":[{"count":17,"href":"https:\/\/www.hawaii.edu\/kawaihapai\/wp-json\/wp\/v2\/pages\/926\/revisions"}],"predecessor-version":[{"id":3066,"href":"https:\/\/www.hawaii.edu\/kawaihapai\/wp-json\/wp\/v2\/pages\/926\/revisions\/3066"}],"up":[{"embeddable":true,"href":"https:\/\/www.hawaii.edu\/kawaihapai\/wp-json\/wp\/v2\/pages\/925"}],"wp:attachment":[{"href":"https:\/\/www.hawaii.edu\/kawaihapai\/wp-json\/wp\/v2\/media?parent=926"}],"curies":[{"name":"wp","href":"https:\/\/api.w.org\/{rel}","templated":true}]}}