  {"id":905,"date":"2023-07-21T16:37:47","date_gmt":"2023-07-22T02:37:47","guid":{"rendered":"https:\/\/www.hawaii.edu\/kawaihapai\/?page_id=905"},"modified":"2024-09-04T07:56:45","modified_gmt":"2024-09-04T17:56:45","slug":"hana-kapa","status":"publish","type":"page","link":"https:\/\/www.hawaii.edu\/kawaihapai\/hana-list\/hana-kapa\/","title":{"rendered":"Hana kapa"},"content":{"rendered":"\n<p><strong>Inoa | Name(s)<\/strong><\/p>\n\n\n\n<p>Hana kapa<\/p>\n\n\n\n<p><strong>H\u014d\u02bbulu\u02bbulu mana\u02bbo<\/strong><\/p>\n\n\n\n<p>&nbsp;\u02bbO ka hana kapa, he hana no\u02bbeau n\u014d ia, \u02bbo ia ka ho\u02bbom\u0101kaukau \u02bbana i ke kapa. \u02bbO ke kapa, ka mea i hana \u02bbia no ka lole (e like me ka malo a me ka p\u0101\u02bb\u016b), ke kapa moe, ka lepa, a p\u0113l\u0101 wale aku. No ka ho\u02bbom\u0101kaukau \u02bbana, \u02bbohi \u02bbia ka \u02bbili o ka wauke, \u02bbo ia ho\u02bbi he h\u0101\u02bbana\u02bbana, a i \u02bbole ka \u02bbili o ka M\u0101maki a kuku \u02bbia ka \u02bbili pulu ma luna o ke kua a lilo i kapa. Ke malo\u02bbo ke kapa, waiho\u02bbolu\u02bbu \u02bbia a k\u0101pala \u02bbia e like me ka makemake a ka mea hana kapa.&nbsp;\u02bbO Hina kekahi akua pili i ka hana kapa.&nbsp; Nui \u02bbino n\u0101 \u02bb\u014dlelo p\u014dkole kaulana no ke kapa e like me \u201c\u02bbElua k\u0101ua i ke kapa ho\u02bbokahi,\u201d no ka ho\u02bb\u0101o \u02bbana o ke k\u014dko\u02bbolua.&nbsp;\u02bb\u014clelo \u02bbia \u02bbo ka hau ke kapa o Poli\u02bbahu, a \u02bbike \u02bbia ma k\u0113ia \u02bb\u014dlelo no\u02bbeau: \u201cPoli\u02bbahu, ka wahine kapa hau anu o Mauna Kea.\u201d A ma ka mo\u02bbolelo o Keamalu, ho\u02bboka\u02bba \u02bbia \u02bbo Keamalu e ka hohoa ho\u02bbokalakupua, \u02bbO Hakaio kona inoa, i mea e ho\u02bbonaninani i kona kino.&nbsp;<\/p>\n\n\n\n<p><strong>Description<\/strong><\/p>\n\n\n\n<p>Kapa making is the vital cultural knowledge practice of creating and preparing kapa. Kapa is what is made to use for traditional clothing, (such as the malo and p\u0101\u02bb\u016b), blankets, flags, etc. Regarding the preparation, the bark of the wauke tree or the M\u0101maki tree is collected and made into strips. The strips made of the wauke are called h\u0101\u02bbana\u02bbana. The wet bark strips are then beaten with a kapa beating instrument called a kuku, on a block of wood called a kua, until it becomes kapa. When it is dried, it is dyed and stamped by the kapa maker. Hina is a deity associated with the practice of kapa making. There are many famous phrases that are about or reference kapa, such as \u201c\u02bbElua k\u0101ua i ke kapa ho\u02bbokahi,\u201d which poetically refers to a couple marrying and using one kapa between them. It is said that the snow is the blanket of Poli\u02bbahu as seen in this proverb: \u201cPoli\u02bbahu, ka wahine kapa hau anu o Mauna Kea.\u201d&nbsp;In the story of Keamalu, Keamalu is rolled over by a supernatural kapa beating instrument named Hakaio, in order to beautify her body.<\/p>\n\n\n\n<p><strong>\u02bb\u014clelo kuhikuhi<\/strong><\/p>\n\n\n\n<p>E koho i k\u0113ia hua\u02bb\u014dlelo no n\u0101 kumuwaiwai pili i ka hana \u02bbana i ke kapa a me n\u0101 lako i ho\u02bbohana \u02bbia no ia hana.&nbsp;<\/p>\n\n\n\n<p><strong>Instructions<\/strong><\/p>\n\n\n\n<p>Use this term for resources discussing the making of kapa as well as the tools used to make it.&nbsp;<\/p>\n\n\n\n<p><strong>Mo\u02bbok\u016b\u02bbauhau | Genealogy<\/strong><\/p>\n\n\n\n<p><em>Akua | Deity: <\/em>Hina; Maui<\/p>\n\n\n\n<p><em>Kanaka | Person:<\/em>&nbsp;Pua Van Dorpe; Marie MacDonald; Moana Eisele; Kanae Keawe; Malia Solomon; Keamalu<\/p>\n\n\n\n<p><strong>Lako | Materials + tools \/ implements: <\/strong>Wauke; \u02bbOhe; \u02bb<strong>\u02bb<\/strong>\u014chi\u02bba; Kauwila; Kua; I\u02bbe kuku; Hoahoa \/ hohoa<\/p>\n\n\n\n<p><strong>Lawena | Behavior: <\/strong>Kuku; K\u0101pala<\/p>\n\n\n\n<p><strong>K\u016bkulu | Built environment<\/strong>: Hale kua<\/p>\n\n\n\n<p><strong>K\u016bmole | Source(s)<\/strong><\/p>\n\n\n\n<p>Brigham, William Tufts.&nbsp;<em>Ka Hana Kapa\u202f: The Making of Bark-Cloth in Hawaii<\/em>. Honolulu, H.I: Bishhop Museum Press, 1911.<\/p>\n\n\n\n<p>Ka Mo\u02bbolelo o Keamalu,\u201d&nbsp;<em>Ka H\u014dk\u016b o Ka P\u0101k\u012bpika<\/em>, June 26, 1862.<\/p>\n\n\n\n<p>Pukui, Mary Kawena. <em>\u2019Olelo No\u2019eau\u202f: Hawaiian Proverbs &amp; Poetical Sayings<\/em>. Honolulu, Hawai\u2019i: Bishop Museum Press, 1983.<\/p>\n\n\n\n<p>Pukui, Mary Kawena, and Samuel H. (Samuel Hoyt) Elbert. <em>Hawaiian Dictionary\u202f: Hawaiian-English, English-Hawaiian<\/em>. Rev. and enl. Ed. Honolulu: University of Hawaii Press, 1986.<\/p>\n\n\n\n<p><strong>Ho\u02bbopili \u02bbia i |\u00a0Applied to:\u00a0<\/strong><a href=\"https:\/\/uhawaii-manoa.primo.exlibrisgroup.com\/permalink\/01UHAWAII_MANOA\/1rbop20\/cdi_proquest_ebookcentralchapters_28340008_88_263\">\u2018Holomua ka Hana Kapa\u2019: A Symposium on Caring for Kapa and Kapa Makers at the Bernice Pauahi Bishop Museum, December 2017<\/a>, <a href=\"https:\/\/uhawaii-manoa.primo.exlibrisgroup.com\/permalink\/01UHAWAII_MANOA\/11uc19p\/alma9910901815105681\">Ka hana kapa, the making of bark-cloth in Hawaii<\/a>,<\/p>\n\n\n\n<p><strong>Mea haku | Created by:\u00a0<\/strong>Keahiahi Long; Annemarie Paikai<\/p>\n","protected":false},"excerpt":{"rendered":"<p>Inoa | Name(s) Hana kapa H\u014d\u02bbulu\u02bbulu mana\u02bbo &nbsp;\u02bbO ka hana kapa, he hana no\u02bbeau n\u014d ia, \u02bbo ia ka ho\u02bbom\u0101kaukau \u02bbana i ke kapa. \u02bbO ke kapa, ka mea i hana \u02bbia no ka lole (e like me ka malo &hellip; <\/p>\n","protected":false},"author":154,"featured_media":0,"parent":878,"menu_order":6,"comment_status":"closed","ping_status":"closed","template":"","meta":{"footnotes":""},"class_list":["post-905","page","type-page","status-publish","hentry"],"_links":{"self":[{"href":"https:\/\/www.hawaii.edu\/kawaihapai\/wp-json\/wp\/v2\/pages\/905","targetHints":{"allow":["GET"]}}],"collection":[{"href":"https:\/\/www.hawaii.edu\/kawaihapai\/wp-json\/wp\/v2\/pages"}],"about":[{"href":"https:\/\/www.hawaii.edu\/kawaihapai\/wp-json\/wp\/v2\/types\/page"}],"author":[{"embeddable":true,"href":"https:\/\/www.hawaii.edu\/kawaihapai\/wp-json\/wp\/v2\/users\/154"}],"replies":[{"embeddable":true,"href":"https:\/\/www.hawaii.edu\/kawaihapai\/wp-json\/wp\/v2\/comments?post=905"}],"version-history":[{"count":20,"href":"https:\/\/www.hawaii.edu\/kawaihapai\/wp-json\/wp\/v2\/pages\/905\/revisions"}],"predecessor-version":[{"id":3025,"href":"https:\/\/www.hawaii.edu\/kawaihapai\/wp-json\/wp\/v2\/pages\/905\/revisions\/3025"}],"up":[{"embeddable":true,"href":"https:\/\/www.hawaii.edu\/kawaihapai\/wp-json\/wp\/v2\/pages\/878"}],"wp:attachment":[{"href":"https:\/\/www.hawaii.edu\/kawaihapai\/wp-json\/wp\/v2\/media?parent=905"}],"curies":[{"name":"wp","href":"https:\/\/api.w.org\/{rel}","templated":true}]}}