  {"id":878,"date":"2023-07-07T11:07:25","date_gmt":"2023-07-07T21:07:25","guid":{"rendered":"https:\/\/www.hawaii.edu\/kawaihapai\/?page_id=878"},"modified":"2024-09-03T14:38:05","modified_gmt":"2024-09-04T00:38:05","slug":"hana-list","status":"publish","type":"page","link":"https:\/\/www.hawaii.edu\/kawaihapai\/hana-list\/","title":{"rendered":"Hana vocabulary list"},"content":{"rendered":"\n<p><a href=\"https:\/\/www.hawaii.edu\/kawaihapai\/hana-list\/%ca%bbaha-kanu-piko\/\">\u02bbAha kanu piko<\/a><\/p>\n\n\n\n<p><a href=\"https:\/\/www.hawaii.edu\/kawaihapai\/hana-list\/%ca%bbaha-makahiki\/\">\u02bbAha makahiki<\/a><\/p>\n\n\n\n<p><a href=\"https:\/\/www.hawaii.edu\/kawaihapai\/hana-list\/hahai-holoholona\/\">Hahai holoholona<\/a><\/p>\n\n\n\n<p><a href=\"https:\/\/www.hawaii.edu\/kawaihapai\/hana-list\/haku-hulu\/\">Haku hulu<\/a><\/p>\n\n\n\n<p><a href=\"https:\/\/www.hawaii.edu\/kawaihapai\/hana-list\/hana-%ca%bbupena\/\">Hana \u02bbupena<\/a><\/p>\n\n\n\n<p><a href=\"https:\/\/www.hawaii.edu\/kawaihapai\/hana-list\/hana-kapa\/\">Hana kapa<\/a><\/p>\n\n\n\n<p><a href=\"https:\/\/www.hawaii.edu\/kawaihapai\/hana-list\/hana-kaua\/\">Hana kaua<\/a><\/p>\n\n\n\n<p><a href=\"https:\/\/www.hawaii.edu\/kawaihapai\/hana-list\/hana-ko%ca%bbi\/\">Hana ko\u02bbi<\/a><\/p>\n\n\n\n<p><a href=\"https:\/\/www.hawaii.edu\/kawaihapai\/hana-list\/hana-lei\/\">Hana lei<\/a><\/p>\n\n\n\n<ul class=\"wp-block-list\">\n<li><a href=\"https:\/\/www.hawaii.edu\/kawaihapai\/hana-list\/hana-lei-pupu\/\">Hana lei p\u016bp\u016b<\/a><\/li>\n<\/ul>\n\n\n\n<p><a href=\"https:\/\/www.hawaii.edu\/kawaihapai\/hana-list\/hana-paniolo\/\">Hana paniolo<\/a><\/p>\n\n\n\n<p><a href=\"https:\/\/www.hawaii.edu\/kawaihapai\/hana-list\/hanai-holoholona\/\">H\u0101nai holoholona<\/a><\/p>\n\n\n\n<p><a href=\"https:\/\/www.hawaii.edu\/kawaihapai\/hana-list\/he%ca%bbe-holua\/\">He\u02bbe h\u014dlua<\/a><\/p>\n\n\n\n<p><a href=\"https:\/\/www.hawaii.edu\/kawaihapai\/hana-list\/he%ca%bbe-nalu\/\">He\u02bbe nalu<\/a><\/p>\n\n\n\n<p><a href=\"https:\/\/www.hawaii.edu\/kawaihapai\/hana-list\/ho%ca%bbokani-pila\/\">Ho\u02bbokani pila<\/a><\/p>\n\n\n\n<p><a href=\"https:\/\/www.hawaii.edu\/kawaihapai\/hana-list\/ho%ca%bbona%ca%bbauao\/\">Ho\u02bbona\u02bbauao<\/a><\/p>\n\n\n\n<p><a href=\"https:\/\/www.hawaii.edu\/kawaihapai\/hana-list\/ho%ca%bbopapa\/\">Ho\u02bbop\u0101p\u0101<\/a><\/p>\n\n\n\n<p><a href=\"https:\/\/www.hawaii.edu\/kawaihapai\/hana-list\/hula\/\">Hula<\/a><\/p>\n\n\n\n<p><a href=\"https:\/\/www.hawaii.edu\/kawaihapai\/hana-list\/kalai-wa%ca%bba\/\">K\u0101lai wa\u02bba<\/a><\/p>\n\n\n\n<p><a href=\"https:\/\/www.hawaii.edu\/kawaihapai\/hana-list\/kukulu-hale\/\">K\u016bkulu hale<\/a><\/p>\n\n\n\n<p><a href=\"https:\/\/www.hawaii.edu\/kawaihapai\/hana-list\/lawai\u02bba\/\" target=\"_blank\" rel=\"noreferrer noopener\">Lawai\u02bba<\/a><\/p>\n\n\n\n<p><a href=\"https:\/\/www.hawaii.edu\/kawaihapai\/hana-list\/lele-kawa\/\">Lele kawa<\/a><\/p>\n\n\n\n<p><a href=\"https:\/\/www.hawaii.edu\/kawaihapai\/hana-list\/mahi-%ca%bbai\/\">Mahi\u02bbai<\/a><\/p>\n\n\n\n<ul class=\"wp-block-list\">\n<li><a href=\"https:\/\/www.hawaii.edu\/kawaihapai\/hana-list\/mahi-%ca%bbai-kalo\/\">Mahi\u02bbai kalo<\/a><\/li>\n\n\n\n<li><a href=\"https:\/\/www.hawaii.edu\/kawaihapai\/hana-list\/mahi-hala-kahiki\/\">Mahi hala kahiki<\/a><\/li>\n<\/ul>\n\n\n\n<p><a href=\"https:\/\/www.hawaii.edu\/kawaihapai\/hana-list\/maka%ca%bbika%ca%bbi\/\">M\u0101ka\u02bbika\u02bbi<\/a><\/p>\n\n\n\n<p><a href=\"https:\/\/www.hawaii.edu\/kawaihapai\/hana-list\/noho-aupuni\/\">Noho aupuni<\/a><\/p>\n\n\n\n<p><a href=\"https:\/\/www.hawaii.edu\/kawaihapai\/hana-list\/%ca%bbolelo-hawai%ca%bbi\/\">&#8216;\u014clelo\u00a0 Hawai\u02bbi<\/a><\/p>\n\n\n\n<p><a href=\"https:\/\/www.hawaii.edu\/kawaihapai\/hana-list\/oli\/\">Oli<\/a><\/p>\n\n\n\n<p><a href=\"https:\/\/www.hawaii.edu\/kawaihapai\/hana-list\/ulana-lauhala\/\">Ulana lauhala<\/a><\/p>\n","protected":false},"excerpt":{"rendered":"<p>\u02bbAha kanu piko \u02bbAha makahiki Hahai holoholona Haku hulu Hana \u02bbupena Hana kapa Hana kaua Hana ko\u02bbi Hana lei Hana paniolo H\u0101nai holoholona He\u02bbe h\u014dlua He\u02bbe nalu Ho\u02bbokani pila Ho\u02bbona\u02bbauao Ho\u02bbop\u0101p\u0101 Hula K\u0101lai wa\u02bba K\u016bkulu hale Lawai\u02bba Lele kawa Mahi\u02bbai &hellip; <\/p>\n","protected":false},"author":154,"featured_media":0,"parent":0,"menu_order":0,"comment_status":"closed","ping_status":"closed","template":"","meta":{"footnotes":""},"class_list":["post-878","page","type-page","status-publish","hentry"],"_links":{"self":[{"href":"https:\/\/www.hawaii.edu\/kawaihapai\/wp-json\/wp\/v2\/pages\/878","targetHints":{"allow":["GET"]}}],"collection":[{"href":"https:\/\/www.hawaii.edu\/kawaihapai\/wp-json\/wp\/v2\/pages"}],"about":[{"href":"https:\/\/www.hawaii.edu\/kawaihapai\/wp-json\/wp\/v2\/types\/page"}],"author":[{"embeddable":true,"href":"https:\/\/www.hawaii.edu\/kawaihapai\/wp-json\/wp\/v2\/users\/154"}],"replies":[{"embeddable":true,"href":"https:\/\/www.hawaii.edu\/kawaihapai\/wp-json\/wp\/v2\/comments?post=878"}],"version-history":[{"count":16,"href":"https:\/\/www.hawaii.edu\/kawaihapai\/wp-json\/wp\/v2\/pages\/878\/revisions"}],"predecessor-version":[{"id":2964,"href":"https:\/\/www.hawaii.edu\/kawaihapai\/wp-json\/wp\/v2\/pages\/878\/revisions\/2964"}],"wp:attachment":[{"href":"https:\/\/www.hawaii.edu\/kawaihapai\/wp-json\/wp\/v2\/media?parent=878"}],"curies":[{"name":"wp","href":"https:\/\/api.w.org\/{rel}","templated":true}]}}