  {"id":763,"date":"2023-06-13T16:38:18","date_gmt":"2023-06-14T02:38:18","guid":{"rendered":"https:\/\/www.hawaii.edu\/kawaihapai\/?page_id=763"},"modified":"2024-05-24T10:43:25","modified_gmt":"2024-05-24T20:43:25","slug":"honua","status":"publish","type":"page","link":"https:\/\/www.hawaii.edu\/kawaihapai\/honua\/","title":{"rendered":"Honua"},"content":{"rendered":"\n<p><strong>Inoa | Name(s)<\/strong><\/p>\n\n\n\n<p>Honua<\/p>\n\n\n\n<p><strong>Hi\u02bbona \u02bb\u0101ina | Land characteristic<\/strong>: H\u014dk\u016b<\/p>\n\n\n\n<p><strong>Hi\u02bbona \u02bb\u0101ina o loko o k\u0113ia wahi | Feature(s) located within this place:<\/strong> <a href=\"https:\/\/www.hawaii.edu\/kawaihapai\/ka-pae-\u02bbaina-o-hawai\u02bbi-na-kai-\u02bbewalu\/\">Pae \u02bb\u0101ina o Hawai\u02bbi<\/a>; <a href=\"https:\/\/www.hawaii.edu\/kawaihapai\/kahiki\/\">Kahiki\u00a0<\/a><\/p>\n\n\n\n<p><strong>Hi\u02bbona\u00a0\u02bb\u0101ina nona k\u0113ia wahi | Feature(s) that contain this place<\/strong>: H\u014dk\u016bnohoaupuni<\/p>\n\n\n\n<p><strong>H\u014d\u02bbulu\u02bbulu mana\u02bbo<\/strong><\/p>\n\n\n\n<p>Noho n\u0101 k\u0101naka a pau ma ka \u02bb\u0101ina a me ke kai i ka honua.<\/p>\n\n\n\n<p><strong>Description<\/strong><\/p>\n\n\n\n<p>Planet that is home to k\u0101naka, encompassing \u02bb\u0101ina and kai&nbsp;<\/p>\n\n\n\n<p><strong>K\u016bmole | Source(s)<\/strong><\/p>\n\n\n\n<p>Pukui, Mary Kawena, and Samuel H. (Samuel Hoyt) Elbert.&nbsp;<em>Hawaiian Dictionary\u202f: Hawaiian-English, English-Hawaiian<\/em>. Rev. and enl. Ed. Honolulu: University of Hawaii Press, 1986.<\/p>\n\n\n\n<p><strong>Ho\u02bbopili \u02bbia i | Applied to: <\/strong><a href=\"https:\/\/uhawaii-manoa.primo.exlibrisgroup.com\/permalink\/01UHAWAII_MANOA\/11uc19p\/alma9919344594605682\">He hoikehonua, he mea ia e hoakakai\u0313 i ke ano o ka honua nei : a me na mea maluna iho<\/a>, <a href=\"https:\/\/uhawaii-manoa.primo.exlibrisgroup.com\/permalink\/01UHAWAII_MANOA\/11uc19p\/alma9943189204605682\">K\u012bk\u0101 Kila: How the Hawaiian Steel Guitar Changed the Sound of Modern Music<\/a>,<\/p>\n\n\n\n<p><strong>Mea haku | Created by: <\/strong>Na ka hui \u02bbimi na\u02bbauao o Ka Wai H\u0101pai<\/p>\n\n\n\n<p><\/p>\n","protected":false},"excerpt":{"rendered":"<p>Inoa | Name(s) Honua Hi\u02bbona \u02bb\u0101ina | Land characteristic: H\u014dk\u016b Hi\u02bbona \u02bb\u0101ina o loko o k\u0113ia wahi | Feature(s) located within this place: Pae \u02bb\u0101ina o Hawai\u02bbi; Kahiki\u00a0 Hi\u02bbona\u00a0\u02bb\u0101ina nona k\u0113ia wahi | Feature(s) that contain this place: H\u014dk\u016bnohoaupuni H\u014d\u02bbulu\u02bbulu &hellip; <\/p>\n","protected":false},"author":216,"featured_media":0,"parent":0,"menu_order":0,"comment_status":"closed","ping_status":"closed","template":"","meta":{"footnotes":""},"class_list":["post-763","page","type-page","status-publish","hentry"],"_links":{"self":[{"href":"https:\/\/www.hawaii.edu\/kawaihapai\/wp-json\/wp\/v2\/pages\/763","targetHints":{"allow":["GET"]}}],"collection":[{"href":"https:\/\/www.hawaii.edu\/kawaihapai\/wp-json\/wp\/v2\/pages"}],"about":[{"href":"https:\/\/www.hawaii.edu\/kawaihapai\/wp-json\/wp\/v2\/types\/page"}],"author":[{"embeddable":true,"href":"https:\/\/www.hawaii.edu\/kawaihapai\/wp-json\/wp\/v2\/users\/216"}],"replies":[{"embeddable":true,"href":"https:\/\/www.hawaii.edu\/kawaihapai\/wp-json\/wp\/v2\/comments?post=763"}],"version-history":[{"count":15,"href":"https:\/\/www.hawaii.edu\/kawaihapai\/wp-json\/wp\/v2\/pages\/763\/revisions"}],"predecessor-version":[{"id":2613,"href":"https:\/\/www.hawaii.edu\/kawaihapai\/wp-json\/wp\/v2\/pages\/763\/revisions\/2613"}],"wp:attachment":[{"href":"https:\/\/www.hawaii.edu\/kawaihapai\/wp-json\/wp\/v2\/media?parent=763"}],"curies":[{"name":"wp","href":"https:\/\/api.w.org\/{rel}","templated":true}]}}