  {"id":746,"date":"2023-06-13T12:40:50","date_gmt":"2023-06-13T22:40:50","guid":{"rendered":"https:\/\/www.hawaii.edu\/kawaihapai\/?page_id=746"},"modified":"2024-05-24T12:50:36","modified_gmt":"2024-05-24T22:50:36","slug":"kona-kaua%ca%bbi","status":"publish","type":"page","link":"https:\/\/www.hawaii.edu\/kawaihapai\/kona-kaua%ca%bbi\/","title":{"rendered":"Kona (Kaua\u02bbi)"},"content":{"rendered":"\n<p><strong><strong>Inoa | Name(s)<\/strong><\/strong><\/p>\n\n\n\n<p>Kona (Kaua\u02bbi)<\/p>\n\n\n\n<p><strong>Hi\u02bbona \u02bb\u0101ina | Land characteristic:<\/strong> Moku<\/p>\n\n\n\n<p><strong>Hi\u02bbona \u02bb\u0101ina o loko o k\u0113ia wahi | Feature(s) located within this place:<\/strong> Ele\u02bbele; Hanap\u0113p\u0113; Kal\u0101heo; K\u014dloa; L\u0101wa\u02bbi, Makaweli; M\u0101h\u0101\u02bbulep\u016b; P\u0101\u02bb\u0101; Wahiawa (Kaua\u02bbi); Waimea (Kaua\u02bbi); Weliweli; Kawaikini<\/p>\n\n\n\n<p><strong>Hi\u02bbona \u02bb\u0101ina nona k\u0113ia wahi | Feature(s) that contain this place:<\/strong> <a href=\"https:\/\/www.hawaii.edu\/kawaihapai\/ka-pae-%ca%bbaina-o-hawai%ca%bbi-na-kai-%ca%bbewalu\/kaua%ca%bbi\/\" data-type=\"page\" data-id=\"665\">Kaua\u02bbi<\/a><\/p>\n\n\n\n<p><strong>H\u014d\u02bbulu\u02bbulu mana\u02bbo<\/strong><\/p>\n\n\n\n<p>He moku k\u0113ia ma ka mokupuni o Kaua\u02bbi. Aia \u02bbo Kona ma ka \u02bbao\u02bbao komohana o ka mokupuni, me ka mokupuni o Puna ma ka \u02bbao\u02bbao hikina a me ka moku o N\u0101pali ma ka \u02bbao\u02bbao \u02bb\u0101kau o k\u0113ia moku. Aia ke kuahiwi nui o Kaua\u02bbi, \u02bbo Kawaikini, ma k\u0113ia moku. Aia ke aw\u0101wa o Waimea ma Kona, a no Waimea, \u02bb\u014dlelo \u02bbia ma n\u0101 mele kahiko, &#8220;Ka wai \u02bbula \u02bbiliahi o Waimea.&#8221;<\/p>\n\n\n\n<p><strong>Description<\/strong><\/p>\n\n\n\n<p>One of five ancient districts, from Nualolo to Mahaulepu inclusive; now divided into Waimea and Koloa districts. (Lloyd Soehren)<\/p>\n\n\n\n<p><strong>\u02bb\u014clelo kuhikuhi<\/strong><\/p>\n\n\n\n<p>E koho i\u0101 &#8220;Kona (Kaua\u02bbi)&#8221; no n\u0101 kumuwaiwai pili i ka moku o Kona ma ka mokupuni o Kaua\u02bbi. No n\u0101 moku \u02bb\u0113 a\u02bbe me ka inoa like ma n\u0101 mokupuni \u02bb\u0113 a\u02bbe, e koho i ka mea k\u016bpono no k\u0113l\u0101 mokupuni.<\/p>\n\n\n\n<p><strong>Instructions<\/strong><\/p>\n\n\n\n<p>Use for the moku of Kona on the island of Kaua\u02bbi. Not to be confused with the Kona districts on the islands of Hawai\u02bbi, Moloka\u02bbi, and O\u02bbahu.<\/p>\n\n\n\n<p><strong><strong>Hana | Practice:<\/strong><\/strong> <a href=\"https:\/\/www.hawaii.edu\/kawaihapai\/hana-list\/mahi-%ca%bbai\/\" data-type=\"page\" data-id=\"1731\">Mahi\u02bbai<\/a><\/p>\n\n\n\n<p><strong><strong>K\u016bmole | Source(s)<\/strong><\/strong><\/p>\n\n\n\n<p><a href=\"https:\/\/ulukau.org\/cgi-bin\/hpn?a=q&amp;r=1&amp;hs=1&amp;t=1&amp;e=q-0hpn--00-0-0--010---4------0-0l--1en-Zz-1---20-about---00031-001-10escapewin-00&amp;q=kona&amp;h=dtx&amp;summarise=true\">\u201cKona,\u201d Inoa \u02bb\u0100ina Hawai\u02bbi Database, Ulukau: The Hawaiian Electronic Library.<\/a><\/p>\n\n\n\n<p>Pukui, Mary Kawena. <em>\u2019Olelo No\u2019eau\u202f: Hawaiian Proverbs &amp; Poetical Sayings<\/em>. Honolulu, Hawai\u2019i: Bishop Museum Press, 1983.<\/p>\n\n\n\n<p>Wichman, Frederick B. <em>Kaua\u02bbi\u202f: Ancient Place-Names and Their Stories<\/em>. Honolulu: University of Hawai\u02bbi Press, 1998.<\/p>\n\n\n\n<p><strong><strong>Ho\u02bbopili \u02bbia i | Applied to:\u00a0<\/strong><\/strong><a href=\"https:\/\/uhawaii-manoa.primo.exlibrisgroup.com\/permalink\/01UHAWAII_MANOA\/11uc19p\/alma9950610624605682\">Ka moku o Kona i ka mokupuno o Kaua\u02bbi<\/a>, <a href=\"https:\/\/uhawaii-manoa.primo.exlibrisgroup.com\/permalink\/01UHAWAII_MANOA\/11uc19p\/alma9919300084605682\">Touring Waimea<\/a><\/p>\n\n\n\n<p><strong>Mea haku | Created by:<\/strong> Na ka hui \u02bbimi na\u02bbauao o Ka Wai H\u0101pai<\/p>\n","protected":false},"excerpt":{"rendered":"<p>Inoa | Name(s) Kona (Kaua\u02bbi) Hi\u02bbona \u02bb\u0101ina | Land characteristic: Moku Hi\u02bbona \u02bb\u0101ina o loko o k\u0113ia wahi | Feature(s) located within this place: Ele\u02bbele; Hanap\u0113p\u0113; Kal\u0101heo; K\u014dloa; L\u0101wa\u02bbi, Makaweli; M\u0101h\u0101\u02bbulep\u016b; P\u0101\u02bb\u0101; Wahiawa (Kaua\u02bbi); Waimea (Kaua\u02bbi); Weliweli; Kawaikini Hi\u02bbona \u02bb\u0101ina &hellip; <\/p>\n","protected":false},"author":216,"featured_media":0,"parent":0,"menu_order":0,"comment_status":"closed","ping_status":"closed","template":"","meta":{"footnotes":""},"class_list":["post-746","page","type-page","status-publish","hentry"],"_links":{"self":[{"href":"https:\/\/www.hawaii.edu\/kawaihapai\/wp-json\/wp\/v2\/pages\/746","targetHints":{"allow":["GET"]}}],"collection":[{"href":"https:\/\/www.hawaii.edu\/kawaihapai\/wp-json\/wp\/v2\/pages"}],"about":[{"href":"https:\/\/www.hawaii.edu\/kawaihapai\/wp-json\/wp\/v2\/types\/page"}],"author":[{"embeddable":true,"href":"https:\/\/www.hawaii.edu\/kawaihapai\/wp-json\/wp\/v2\/users\/216"}],"replies":[{"embeddable":true,"href":"https:\/\/www.hawaii.edu\/kawaihapai\/wp-json\/wp\/v2\/comments?post=746"}],"version-history":[{"count":6,"href":"https:\/\/www.hawaii.edu\/kawaihapai\/wp-json\/wp\/v2\/pages\/746\/revisions"}],"predecessor-version":[{"id":2702,"href":"https:\/\/www.hawaii.edu\/kawaihapai\/wp-json\/wp\/v2\/pages\/746\/revisions\/2702"}],"wp:attachment":[{"href":"https:\/\/www.hawaii.edu\/kawaihapai\/wp-json\/wp\/v2\/media?parent=746"}],"curies":[{"name":"wp","href":"https:\/\/api.w.org\/{rel}","templated":true}]}}