  {"id":738,"date":"2023-06-13T12:33:52","date_gmt":"2023-06-13T22:33:52","guid":{"rendered":"https:\/\/www.hawaii.edu\/kawaihapai\/?page_id=738"},"modified":"2024-05-24T12:42:22","modified_gmt":"2024-05-24T22:42:22","slug":"ko%ca%bbolauloa","status":"publish","type":"page","link":"https:\/\/www.hawaii.edu\/kawaihapai\/ko%ca%bbolauloa\/","title":{"rendered":"Ko\u02bbolauloa"},"content":{"rendered":"\n<p><strong><strong>Inoa | Name(s)<\/strong><\/strong><\/p>\n\n\n\n<p>Ko\u02bbolauloa<\/p>\n\n\n\n<p><strong>Hi\u02bbona \u02bb\u0101ina | Land characteristic:<\/strong> Moku<\/p>\n\n\n\n<p><strong>Hi\u02bbona \u02bb\u0101ina o loko o k\u0113ia wahi | Feature(s) located within this place:<\/strong> Waimea; P\u016bp\u016bkea; Paumal\u016b; Kaunala; Waiale\u02bbe; Pahipahi\u02bb\u0101lua; Opana; Hanakaoe; Kahuku; Keana; Malaekahana; L\u0101\u02bbie; Kaipapa\u02bbu; Hau\u02bbula; M\u0101kao; Kapaka; Kaluanui; Papa\u02bbakoko; Hale\u02bbaha; Kapano; P\u016bhe\u02bbemiki; Wai\u02bbono; Punalu\u02bbu; Kahana; Makaua; Ka\u02bba\u02bbawa<\/p>\n\n\n\n<p><strong>Hi\u02bbona \u02bb\u0101ina nona k\u0113ia wahi | Feature(s) that contain this place:<\/strong> <a href=\"https:\/\/www.hawaii.edu\/kawaihapai\/ka-pae-%ca%bbaina-o-hawai%ca%bbi-na-kai-%ca%bbewalu\/o%ca%bbahu\/\" data-type=\"page\" data-id=\"663\">O\u02bbahu<\/a><\/p>\n\n\n\n<p><strong>H\u014d\u02bbulu\u02bbulu mana\u02bbo<\/strong><\/p>\n\n\n\n<p>He moku k\u0113ia ma ka \u02bbao\u02bbao \u02bb\u0101kau a hikina o ka mokupuni o O\u02bbahu. Aia k\u0113ia moku ma waena o Waialua, ma ka \u02bbao\u02bbao \u02bb\u0101kau, a me Ko\u02bbolaupoko. ma ka \u02bbao\u02bbao hema a hikina. Mahi nui \u02bbia ka \u02bb\u0101ina \u02bbo Ko\u02bbolauloa e n\u0101&nbsp;maka\u02bb\u0101inana o ia wahi a like p\u016b me ka hana lawai\u02bba i hana nui \u02bbia mai kahi pae a kahi pae o ka moku. Ma ke aw\u0101wa o Waimea kahi nohona o n\u0101 ali\u02bbi ma ka w\u0101 kahiko. A hiki i k\u0113ia l\u0101 kaulana ke kai o Waimea no ka nui o n\u0101 nalu i he\u02bbe \u02bbia e n\u0101 k\u0101naka. Aia ma P\u016bp\u016bkea \u02bbo Pu\u02bbu o Mahuka, ka heiau nui i m\u0101lama \u02bbia \u02bbo Ka\u02bb\u014dpulupulu ke kahuna nui o O\u02bbahu ma ka w\u0101 \u02bbo Kamehameha. Kaulana \u02bbo Kaliuwa\u02bba ma muli o ko Kamapua\u02bba pilina me k\u0113l\u0101 wahi, a kapa \u02bbia he mau wahi pana no Kamapua\u02bba. M\u0101ka\u02bbika\u02bbi p\u016b \u02bbo Hi\u02bbiakaikapoliopele i\u0101 Ko\u02bbolauloa ma kahi o Kahana a me Ka\u02bba\u02bbawa kipa \u02bbo ia me ka \u02bb\u012blio \u02bbo Kauhikeimakaokalani.<\/p>\n\n\n\n<p><strong>Description<\/strong><\/p>\n\n\n\n<p>The northeastern district on O\u02bbahu between Waialua and Ko\u02bbolaupoko. Famed for fertile lands that were highly cultivated and good areas for fishing along the shoreline. On the northern end, Waimea and P\u016bp\u016bkea were seats of government power. The heiau at Pu\u02bbu o Mahuka being associated with the O\u02bbahu kahuna Ka\u02bb\u014dpulupulu. Because of the large and dangerous size of the waves, Waimea bay is known to attract surfing. Kaliuwa\u02bba is associated with the deity Kamapua\u02bba, and Hi\u02bbiakaikapoliopele traveled through the moku specifically at Kahana and Ka\u02bba\u02bbawa where she visited with the supernatural dog Kauhikeimakaokalani.<\/p>\n\n\n\n<p><strong>\u02bb\u014clelo kuhikuhi<\/strong><\/p>\n\n\n\n<p>E koho i\u0101&nbsp;&#8220;Ko\u02bbolauloa&#8221; no n\u0101 kumuwaiwai pili i ka moku o Ko\u02bbolauloa.<\/p>\n\n\n\n<p><strong>Instructions<\/strong><\/p>\n\n\n\n<p>Use for the moku of Ko\u02bbolauloa on O\u02bbahu.<\/p>\n\n\n\n<p><strong><strong>Mo\u02bbok\u016b\u02bbauhau | Genealogy<\/strong><\/strong><\/p>\n\n\n\n<p><em>Akua | Deity:<\/em> Hi\u02bbiakaikapoliopele; Kamapua\u02bba; Kauhikeimakaokalani<\/p>\n\n\n\n<p><em>\u02bbOhana | Family:<\/em> Ohana Aikau<\/p>\n\n\n\n<p><em>Kanaka | Person:<\/em> Eddie Aikau L\u0101\u02bbieikawai; Ka\u02bb\u014dpulupulu<\/p>\n\n\n\n<p><strong><strong>Hana | Practice:<\/strong><\/strong><strong> <\/strong><a href=\"https:\/\/www.hawaii.edu\/kawaihapai\/hana-list\/lawai%ca%bba\/\" data-type=\"page\" data-id=\"992\">Lawai\u02bba<\/a>; <a href=\"https:\/\/www.hawaii.edu\/kawaihapai\/hana-list\/mahi-%ca%bbai\/\" data-type=\"page\" data-id=\"1731\">Mahi\u02bbai<\/a><\/p>\n\n\n\n<p><strong><strong>K\u016bmole | Source(s)<\/strong><\/strong><\/p>\n\n\n\n<p><a href=\"https:\/\/kipukadatabase.com\/kipuka\/moku.html?ObjectID=22&amp;b=2\">&#8220;Moku of Ko\u02bbolauloa,&#8221; K\u012bpuka Database, Office of Hawaiian Affairs.<\/a><\/p>\n\n\n\n<p>Sterling, Elspeth P., and Catherine C. Summers. <em>Sites of Oahu<\/em>. [Rev. ed.]. Honolulu: Bishop Museum Press, 1993.<\/p>\n\n\n\n<p><strong><strong>Ho\u02bbopili \u02bbia i | Applied to:\u00a0<\/strong><\/strong><a href=\"https:\/\/uhawaii-manoa.primo.exlibrisgroup.com\/permalink\/01UHAWAII_MANOA\/11uc19p\/alma9911856754605682\">Ko&#8217;olauloa<\/a>, <a href=\"https:\/\/uhawaii-manoa.primo.exlibrisgroup.com\/permalink\/01UHAWAII_MANOA\/1rbop20\/cdi_proquest_ebookcentral_EBC3413047\">Ko&#8217;olauloa<\/a><\/p>\n\n\n\n<p><strong><strong>Mea haku | Created by:<\/strong><\/strong> Na ka hui \u02bbimi na\u02bbauao o Ka Wai H\u0101pai<\/p>\n","protected":false},"excerpt":{"rendered":"<p>Inoa | Name(s) Ko\u02bbolauloa Hi\u02bbona \u02bb\u0101ina | Land characteristic: Moku Hi\u02bbona \u02bb\u0101ina o loko o k\u0113ia wahi | Feature(s) located within this place: Waimea; P\u016bp\u016bkea; Paumal\u016b; Kaunala; Waiale\u02bbe; Pahipahi\u02bb\u0101lua; Opana; Hanakaoe; Kahuku; Keana; Malaekahana; L\u0101\u02bbie; Kaipapa\u02bbu; Hau\u02bbula; M\u0101kao; Kapaka; Kaluanui; &hellip; <\/p>\n","protected":false},"author":216,"featured_media":0,"parent":0,"menu_order":0,"comment_status":"closed","ping_status":"closed","template":"","meta":{"footnotes":""},"class_list":["post-738","page","type-page","status-publish","hentry"],"_links":{"self":[{"href":"https:\/\/www.hawaii.edu\/kawaihapai\/wp-json\/wp\/v2\/pages\/738","targetHints":{"allow":["GET"]}}],"collection":[{"href":"https:\/\/www.hawaii.edu\/kawaihapai\/wp-json\/wp\/v2\/pages"}],"about":[{"href":"https:\/\/www.hawaii.edu\/kawaihapai\/wp-json\/wp\/v2\/types\/page"}],"author":[{"embeddable":true,"href":"https:\/\/www.hawaii.edu\/kawaihapai\/wp-json\/wp\/v2\/users\/216"}],"replies":[{"embeddable":true,"href":"https:\/\/www.hawaii.edu\/kawaihapai\/wp-json\/wp\/v2\/comments?post=738"}],"version-history":[{"count":9,"href":"https:\/\/www.hawaii.edu\/kawaihapai\/wp-json\/wp\/v2\/pages\/738\/revisions"}],"predecessor-version":[{"id":2694,"href":"https:\/\/www.hawaii.edu\/kawaihapai\/wp-json\/wp\/v2\/pages\/738\/revisions\/2694"}],"wp:attachment":[{"href":"https:\/\/www.hawaii.edu\/kawaihapai\/wp-json\/wp\/v2\/media?parent=738"}],"curies":[{"name":"wp","href":"https:\/\/api.w.org\/{rel}","templated":true}]}}