  {"id":725,"date":"2023-06-13T12:20:39","date_gmt":"2023-06-13T22:20:39","guid":{"rendered":"https:\/\/www.hawaii.edu\/kawaihapai\/?page_id=725"},"modified":"2024-09-04T09:29:46","modified_gmt":"2024-09-04T19:29:46","slug":"pu%ca%bbali-komohana","status":"publish","type":"page","link":"https:\/\/www.hawaii.edu\/kawaihapai\/pu%ca%bbali-komohana\/","title":{"rendered":"P\u016b\u02bbali Komohana"},"content":{"rendered":"\n<p><strong><strong>Inoa | Name(s)<\/strong><\/strong><\/p>\n\n\n\n<p>P\u016b\u02bbali Komohana; N\u0101 Wai \u02bbEh\u0101<\/p>\n\n\n\n<p><strong>Hi\u02bbona \u02bb\u0101ina | Land characteristic:<\/strong> Moku<\/p>\n\n\n\n<p><strong>Hi\u02bbona \u02bb\u0101ina o loko o k\u0113ia wahi | Feature(s) located within this place:<\/strong> <a href=\"https:\/\/www.hawaii.edu\/kawaihapai\/ka-pae-%ca%bbaina-o-hawai%ca%bbi-na-kai-%ca%bbewalu\/maui\/\" data-type=\"page\" data-id=\"656\">Maui<\/a><\/p>\n\n\n\n<p><strong>Hi\u02bbona \u02bb\u0101ina nona k\u0113ia wahi | Feature(s) that contain this place:<\/strong> <a href=\"https:\/\/www.hawaii.edu\/kawaihapai\/wai%ca%bbehu\/\" data-type=\"page\" data-id=\"680\">Waiehu<\/a>; Waihe\u02bbe; Waikap\u016b; Wailuku<\/p>\n\n\n\n<p><strong>H\u014d\u02bbulu\u02bbulu mana\u02bbo<\/strong><\/p>\n\n\n\n<p>He moku k\u0113ia ma ka mokupuni o Maui. Aia ma ka \u02bbao\u02bbao komohana o ka mokupuni, ma kahi kokoke o Kula a me H\u0101m\u0101kuapoko ma ka \u02bbao\u02bbao hikina, a me L\u0101hain\u0101 a me K\u0101\u02bbanapali ma ka \u02bbao\u02bbao komohana. He mau inoa ko k\u0113ia wahi, lohe pinepine \u02bbia \u02bbo &#8220;N\u0101 Wai \u02bbEh\u0101,&#8221; no n\u0101 wahi o k\u0113ia moku i kapa \u02bbia no ke kahe nui \u02bbana i ka wai. \u02bbO ia n\u014d \u02bbo Wailuku, Waihe\u02bbe, Wai\u02bbehu, a me Waikap\u016b. No ka \u02bb\u0101ina o k\u0113ia wahi, \u02bb\u014dlelo \u02bbia, &#8220;Wailuku i ka malu he kuawa.&#8221;&nbsp;<\/p>\n\n\n\n<p><strong>Description<\/strong><\/p>\n\n\n\n<p>Land division, elementary school, quadrangle, heights, city, point, sugar company, and stream, West Maui; site of the battle in the late eighteenth century in which the army of Ka-lani-\u02bb\u014dpu\u02bbu was nearly annihilated by Ka-hekili of Maui. (Kuy. 1:31; PH 57; RC 148.) See Ke-pani-wai. Lit., water [of] destruction.<\/p>\n\n\n\n<p><strong>\u02bb\u014clelo kuhikuhi<\/strong><\/p>\n\n\n\n<p>E koho i\u0101&nbsp;&#8220;P\u016b\u02bbali Komohana&#8221; no n\u0101&nbsp;kumuwaiwai i kahi i kapa \u02bbia \u02bbO P\u016b\u02bbali Komohana a i \u02bbole N\u0101 Wai \u02bbEh\u0101 ma Maui.<\/p>\n\n\n\n<p><strong>Instructions<\/strong><\/p>\n\n\n\n<p>Use for P\u016b\u02bbali Komohana and N\u0101 Wai \u02bbEh\u0101 on the island of Maui.<\/p>\n\n\n\n<p><strong><strong>Mo\u02bbok\u016b\u02bbauhau | Genealogy<\/strong><\/strong><\/p>\n\n\n\n<p><em>Akua | Deity:<\/em> <a href=\"https:\/\/www.hawaii.edu\/kawaihapai\/akua\/haumea\/\" data-type=\"page\" data-id=\"1270\">Haumea<\/a>; <a href=\"https:\/\/www.hawaii.edu\/kawaihapai\/akua\/kane\/\" data-type=\"page\" data-id=\"1660\">K\u0101ne;<\/a> <a href=\"https:\/\/www.hawaii.edu\/kawaihapai\/akua\/kanaloa\/\" data-type=\"page\" data-id=\"1658\">Kanaloa<\/a><\/p>\n\n\n\n<p><em>Kanaka | Person:<\/em> Kamehameha; Kahekili; Kalani\u02bb\u014dpu\u02bbu; Kihaapi\u02bbilani<\/p>\n\n\n\n<p><strong><strong>Hana | Practice:<\/strong><\/strong> <a href=\"https:\/\/www.hawaii.edu\/kawaihapai\/hana-list\/hana-kaua\/\" data-type=\"page\" data-id=\"1691\">Hana kaua;<\/a> <a href=\"https:\/\/www.hawaii.edu\/kawaihapai\/hana-list\/mahi-%ca%bbai\/\" data-type=\"page\" data-id=\"1731\">Mahi\u02bbai<\/a>; <a href=\"https:\/\/www.hawaii.edu\/kawaihapai\/hana-list\/he%ca%bbe-nalu\/\" data-type=\"page\" data-id=\"914\">He\u02bbe nalu<\/a>; <a href=\"https:\/\/www.hawaii.edu\/kawaihapai\/hana-list\/lele-kawa\/\" data-type=\"page\" data-id=\"1727\">Lele kawa<\/a>; <a href=\"https:\/\/www.hawaii.edu\/kawaihapai\/hana-list\/lawai%ca%bba\/\" data-type=\"page\" data-id=\"992\">Lawai\u02bba<\/a>&nbsp;<\/p>\n\n\n\n<p><strong><strong>K\u016bmole | Source(s)<\/strong><\/strong><\/p>\n\n\n\n<p><a href=\"https:\/\/ulukau.org\/cgi-bin\/hpn?a=q&amp;r=1&amp;hs=1&amp;t=1&amp;e=q-0hpn--00-0-0--010---4----dtx--0-0l--1en-Zz-1---20-about---00031-000-10escapewin-00&amp;q=P%FC%27ali+komohana&amp;h=dtx&amp;summarise=0\">\u201cP\u016b\u02bbali Komohana,\u201d Inoa \u02bb\u0100ina Hawai\u02bbi Database, Ulukau: The Hawaiian Electronic Library.<\/a><\/p>\n\n\n\n<p>Pata, Cody Pueo. <em>\u02bbOhu\u02bbohu N\u0101 Mauna o \u02bbE\u02bbeka\u202f: Place Names of Maui Komohana<\/em>. Lahaina, Maui, Hawai\u2019i: North Beach-West Maui Benefit Fund Inc., 2022.<\/p>\n\n\n\n<p>Pukui, Mary Kawena. <em>\u2019Olelo No\u2019eau\u202f: Hawaiian Proverbs &amp; Poetical Sayings<\/em>. Honolulu, Hawai\u2019i: Bishop Museum Press, 1983.<\/p>\n\n\n\n<p><a href=\"https:\/\/ulukau.org\/ulukau-books\/?a=d&amp;d=EBOOK-PEPN.2.1.1&amp;e=-------haw-20--1--txt-txPT-----------\">Pukui, Mary Kawena, Samuel H. (Samuel Hoyt) Elbert, and Esther T. Mookini. Place Names of Hawaii. Rev. and enl. Ed. Honolulu: University Press of Hawaii, 1976. Ulukau: The Hawaiian Electronic Library.<\/a><\/p>\n\n\n\n<p>Sterling, Elspeth P. <em>Sites of Maui<\/em>. Honolulu: Bishop Museum Press, 1998.<\/p>\n\n\n\n<p><strong><strong>Ho\u02bbopili \u02bbia i | Applied to:&nbsp;<\/strong><\/strong><a href=\"https:\/\/uhawaii-manoa.primo.exlibrisgroup.com\/permalink\/01UHAWAII_MANOA\/11uc19p\/alma9911645561205681\">Oral History Finding Aid: Kahili Long Cummings<\/a>, <a href=\"https:\/\/uhawaii-manoa.primo.exlibrisgroup.com\/permalink\/01UHAWAII_MANOA\/11uc19p\/alma9911645560205681\">Panel Finding Aid: Tribute to Iolani Luahine \u2013 Maui, 2005<\/a><\/p>\n\n\n\n<p><strong><strong>Mea haku | Created by:&nbsp;<\/strong><\/strong>Na ka hui \u02bbimi na\u02bbauao o Ka Wai H\u0101pai<\/p>\n","protected":false},"excerpt":{"rendered":"<p>Inoa | Name(s) P\u016b\u02bbali Komohana; N\u0101 Wai \u02bbEh\u0101 Hi\u02bbona \u02bb\u0101ina | Land characteristic: Moku Hi\u02bbona \u02bb\u0101ina o loko o k\u0113ia wahi | Feature(s) located within this place: Maui Hi\u02bbona \u02bb\u0101ina nona k\u0113ia wahi | Feature(s) that contain this place: Waiehu; &hellip; <\/p>\n","protected":false},"author":216,"featured_media":0,"parent":0,"menu_order":0,"comment_status":"closed","ping_status":"closed","template":"","meta":{"footnotes":""},"class_list":["post-725","page","type-page","status-publish","hentry"],"_links":{"self":[{"href":"https:\/\/www.hawaii.edu\/kawaihapai\/wp-json\/wp\/v2\/pages\/725","targetHints":{"allow":["GET"]}}],"collection":[{"href":"https:\/\/www.hawaii.edu\/kawaihapai\/wp-json\/wp\/v2\/pages"}],"about":[{"href":"https:\/\/www.hawaii.edu\/kawaihapai\/wp-json\/wp\/v2\/types\/page"}],"author":[{"embeddable":true,"href":"https:\/\/www.hawaii.edu\/kawaihapai\/wp-json\/wp\/v2\/users\/216"}],"replies":[{"embeddable":true,"href":"https:\/\/www.hawaii.edu\/kawaihapai\/wp-json\/wp\/v2\/comments?post=725"}],"version-history":[{"count":10,"href":"https:\/\/www.hawaii.edu\/kawaihapai\/wp-json\/wp\/v2\/pages\/725\/revisions"}],"predecessor-version":[{"id":3072,"href":"https:\/\/www.hawaii.edu\/kawaihapai\/wp-json\/wp\/v2\/pages\/725\/revisions\/3072"}],"wp:attachment":[{"href":"https:\/\/www.hawaii.edu\/kawaihapai\/wp-json\/wp\/v2\/media?parent=725"}],"curies":[{"name":"wp","href":"https:\/\/api.w.org\/{rel}","templated":true}]}}