  {"id":706,"date":"2023-06-13T10:56:13","date_gmt":"2023-06-13T20:56:13","guid":{"rendered":"https:\/\/www.hawaii.edu\/kawaihapai\/?page_id=706"},"modified":"2024-05-24T12:12:03","modified_gmt":"2024-05-24T22:12:03","slug":"ko%ca%bbolau-maui","status":"publish","type":"page","link":"https:\/\/www.hawaii.edu\/kawaihapai\/ko%ca%bbolau-maui\/","title":{"rendered":"Ko\u02bbolau (Maui)"},"content":{"rendered":"\n<p><strong><strong>Inoa | Name(s)<\/strong><\/strong><\/p>\n\n\n\n<p>Ko\u02bbolau (Maui)<\/p>\n\n\n\n<p><strong>Hi\u02bbona \u02bb\u0101ina | Land characteristic:<\/strong> Moku<\/p>\n\n\n\n<p><strong>Hi\u02bbona \u02bb\u0101ina o loko o k\u0113ia wahi | Feature(s) located within this place:<\/strong> Honoman\u016b; Ke\u02bbanae; Maka\u012bwa; Pa\u02bbakea; Pu\u02bbuom\u0101lei; P\u0101pa\u02bba\u02bbea; Ula\u02bbino; Wailua Iki; Wailua Nui<\/p>\n\n\n\n<p><strong>Hi\u02bbona \u02bb\u0101ina nona k\u0113ia wahi | Feature(s) that contain this place:<\/strong> <a href=\"https:\/\/www.hawaii.edu\/kawaihapai\/ka-pae-%ca%bbaina-o-hawai%ca%bbi-na-kai-%ca%bbewalu\/maui\/\" data-type=\"page\" data-id=\"656\">Maui<\/a><\/p>\n\n\n\n<p><strong>H\u014d\u02bbulu\u02bbulu mana\u02bbo<\/strong><\/p>\n\n\n\n<p>He moku k\u0113ia ma ka mokupuni o Maui. Aia k\u0113ia moku ma ka \u02bbao\u02bbao hikina o ka mokupuni, ma waena o ka moku o H\u0101m\u0101kualoa ma ka \u02bbao\u02bbao \u02bb\u0101kau, a me H\u0101na, ma ka \u02bbao\u02bbao hikina. Wahi a n\u0101 k\u016bpuna, \u02bb\u014dlelo \u02bbia no Ko\u02bbolau, &#8220;Ko\u02bbolau hauwala\u02bbau&#8221; a me &#8220;Ko\u02bbolau kai malo\u02bbo,&#8221; he mau \u02bb\u014dlelo no\u02bbeau k\u0113ia no ke \u02bbano o ka po\u02bbe a me ka \u02bb\u0101ina o Ko\u02bbolau.&nbsp;<\/p>\n\n\n\n<p><strong>Description<\/strong><\/p>\n\n\n\n<p>Retained by the Government at the M\u0101hele. One of twelve ancient districts on Maui, reduced to four in 1859. The new Hana district includes the former Koolau, Hana, Kipahulu, Kaupo, and Kahikinui districts. Koolau contains 29 named ahupua\u02bba, of which only five are named in the M\u0101hele Book: Honomanu, Keanae, and Wailua were retained by the Crown; Keaa 2 was retained by Nahuina (LCAw 10512), and Ulaino was retained by Kanehoa (LCAw 8518B). (Hawai\u02bbi Place Names\u202f)<\/p>\n\n\n\n<p><strong>\u02bb\u014clelo kuhikuhi<\/strong><\/p>\n\n\n\n<p>E koho i\u0101 &#8220;Ko\u02bbolau (Maui)&#8221; no n\u0101 kumuwaiwai pili i ka moku o Ko\u02bbolau ma ka mokupuni o Maui. No n\u0101 moku i kapa \u02bbia \u02bbO Ko\u02bbolau ma n\u0101&nbsp;mokupuni \u02bb\u0113 a\u02bbe, e koho i ka mea pili i ka mokupuni pololei.<\/p>\n\n\n\n<p><strong>Instructions<\/strong><\/p>\n\n\n\n<p>Use for the moku of Ko\u02bbolau on the island of Maui. Not to be confused with the Ko\u02bbolau districts on the islands of Kaua\u02bbi, Moloka\u02bbi, and O\u02bbahu.<\/p>\n\n\n\n<p><strong><strong>Mo\u02bbok\u016b\u02bbauhau | Genealogy\u00a0<\/strong><\/strong><\/p>\n\n\n\n<p><em>Akua | Deity:<\/em> <a href=\"https:\/\/www.hawaii.edu\/kawaihapai\/akua\/%ca%bbai%ca%bbai\/\" data-type=\"page\" data-id=\"943\">\u02bbAi\u02bbai<\/a><\/p>\n\n\n\n<p><strong><strong>Hana | Practice:<\/strong> <\/strong><a href=\"https:\/\/www.hawaii.edu\/kawaihapai\/hana-list\/mahi-%ca%bbai\/\" data-type=\"page\" data-id=\"1731\">Mahi\u02bbai<\/a>; <a href=\"https:\/\/www.hawaii.edu\/kawaihapai\/hana-list\/lawai%ca%bba\/\" data-type=\"page\" data-id=\"992\">Lawai\u02bba<\/a><\/p>\n\n\n\n<p><strong><strong>K\u016bmole | Source(s)<\/strong><\/strong><\/p>\n\n\n\n<p><a href=\"https:\/\/ulukau.org\/cgi-bin\/hpn?a=q&amp;r=1&amp;hs=1&amp;t=1&amp;e=q-0hpn--00-0-0--010---4----dtx--0-0l--1en-Zz-1---20-about---00031-000-10escapewin-00&amp;q=Ko%27olau&amp;h=dtx&amp;summarise=0\">\u201cKo\u02bbolau,\u201d Inoa \u02bb\u0100ina Hawai\u02bbi Database, Ulukau: The Hawaiian Electronic Library.<\/a><\/p>\n\n\n\n<p>Pukui, Mary Kawena. <em>\u2019Olelo No\u2019eau\u202f: Hawaiian Proverbs &amp; Poetical Sayings<\/em>. Honolulu, Hawai\u2019i: Bishop Museum Press, 1983.<\/p>\n\n\n\n<p>Soehren, Lloyd J. <em>A Catalog of Hawai\u02bbi Place Names\u202f: Compiled from the Records of the Boundary Commission and the Board of Commissioners to Quiet Land Titles of the Kingdom of Hawaii<\/em>. Honokaa, HI: L.J. Soehren, 2005.<\/p>\n\n\n\n<p>Sterling, Elspeth P. <em>Sites of Maui<\/em>. Honolulu: Bishop Museum Press, 1998.<\/p>\n\n\n\n<p><strong><strong>Ho\u02bbopili \u02bbia i | Applied to:<\/strong><\/strong> <a href=\"https:\/\/uhawaii-manoa.primo.exlibrisgroup.com\/discovery\/fulldisplay?docid=cdi_gale_infotracmisc_A583579936&amp;context=PC&amp;vid=01UHAWAII_MANOA:MANOA&amp;lang=en&amp;adaptor=Primo%20Central&amp;tab=Everything\">Na Mo&#8217;o o Ko&#8217;olau: The Water Guardians of Ko&#8217;olau Weaving and Wielding Collective Memory in the War for East Maui Water<\/a><\/p>\n\n\n\n<p><strong><strong>Mea haku | Created by:\u00a0<\/strong><\/strong>Na ka hui \u02bbimi na\u02bbauao o Ka Wai H\u0101pai<\/p>\n","protected":false},"excerpt":{"rendered":"<p>Inoa | Name(s) Ko\u02bbolau (Maui) Hi\u02bbona \u02bb\u0101ina | Land characteristic: Moku Hi\u02bbona \u02bb\u0101ina o loko o k\u0113ia wahi | Feature(s) located within this place: Honoman\u016b; Ke\u02bbanae; Maka\u012bwa; Pa\u02bbakea; Pu\u02bbuom\u0101lei; P\u0101pa\u02bba\u02bbea; Ula\u02bbino; Wailua Iki; Wailua Nui Hi\u02bbona \u02bb\u0101ina nona k\u0113ia wahi &hellip; <\/p>\n","protected":false},"author":216,"featured_media":0,"parent":0,"menu_order":0,"comment_status":"closed","ping_status":"closed","template":"","meta":{"footnotes":""},"class_list":["post-706","page","type-page","status-publish","hentry"],"_links":{"self":[{"href":"https:\/\/www.hawaii.edu\/kawaihapai\/wp-json\/wp\/v2\/pages\/706","targetHints":{"allow":["GET"]}}],"collection":[{"href":"https:\/\/www.hawaii.edu\/kawaihapai\/wp-json\/wp\/v2\/pages"}],"about":[{"href":"https:\/\/www.hawaii.edu\/kawaihapai\/wp-json\/wp\/v2\/types\/page"}],"author":[{"embeddable":true,"href":"https:\/\/www.hawaii.edu\/kawaihapai\/wp-json\/wp\/v2\/users\/216"}],"replies":[{"embeddable":true,"href":"https:\/\/www.hawaii.edu\/kawaihapai\/wp-json\/wp\/v2\/comments?post=706"}],"version-history":[{"count":13,"href":"https:\/\/www.hawaii.edu\/kawaihapai\/wp-json\/wp\/v2\/pages\/706\/revisions"}],"predecessor-version":[{"id":2676,"href":"https:\/\/www.hawaii.edu\/kawaihapai\/wp-json\/wp\/v2\/pages\/706\/revisions\/2676"}],"wp:attachment":[{"href":"https:\/\/www.hawaii.edu\/kawaihapai\/wp-json\/wp\/v2\/media?parent=706"}],"curies":[{"name":"wp","href":"https:\/\/api.w.org\/{rel}","templated":true}]}}