  {"id":696,"date":"2023-06-13T10:42:42","date_gmt":"2023-06-13T20:42:42","guid":{"rendered":"https:\/\/www.hawaii.edu\/kawaihapai\/?page_id=696"},"modified":"2024-09-04T09:21:12","modified_gmt":"2024-09-04T19:21:12","slug":"kona","status":"publish","type":"page","link":"https:\/\/www.hawaii.edu\/kawaihapai\/kona\/","title":{"rendered":"Kona (Hawai\u02bbi)"},"content":{"rendered":"\n<p><strong>Inoa| Name(s)<\/strong><\/p>\n\n\n\n<p>Kona (Hawai\u02bbi)<\/p>\n\n\n\n<p><strong>Hi\u02bbona \u02bb\u0101ina<\/strong> <strong>&nbsp;| Land characteristic:<\/strong>: Moku&nbsp;<\/p>\n\n\n\n<p><strong><strong>Hi\u02bbona \u02bb\u0101ina o loko o k\u0113ia wah<\/strong>i<\/strong> <strong>| Feature(s) located within this place:<\/strong> \u02bbAlik\u0101; Anapuka; Ho\u02bbop\u016bloa; Awake\u02bbe; Haleohiu; Hamanamana; H\u014dlualoa 1-4; Honalo; M\u0101\u02bbihi 1-2; H\u014dnaunau; Honok\u014dhau 1-3; Honokua; Honua\u02bbula; Ho\u02bbokena; Ka\u02bbapuna; Ka\u02bbawaloa; Kahalu\u02bbu; Kahauloa 1-2; Kal\u0101hiki; Kalaoa 1-5; Kaloko; Ka\u02bbohe 1-5; Kapu\u02bba; Ka\u02bb\u016b; Kauhak\u014d; Kaulana; Awalua; \u02bb\u014chiki; Kaulanamauna; Kauleol\u012b 1-2; Kaumalumalu; P\u0101hoehoe; Ka\u02bb\u016bp\u016blehu; Keahuol\u016b; Kealakehe; Kealakekua; K\u012bloa 1; Ke\u0101lia 1-2; Keauhou 1-2; Ke\u02bbei; Ke\u02bbeke\u02bbe; Kanakau; K\u0113\u014dkea; Ki\u02bbilae; K\u012bpahoehoe; Kohanaiki; Kolo; K\u016bki\u02bbo; Manini\u02bb\u014dwali; Kukuiopa\u02bbe; Lanihau; Moeauo; Mahai\u02bbula; Makalawena; Maka\u02bbula; Okoe; \u02bb\u014clelomoana; \u02bbOpihihali; \u02bbO\u02bboma; P\u0101hoehoe A 1-4; P\u0101hoehoe B 1-3; Mau; P\u0101p\u0101; Pua\u02bba; Wai\u02bbaha; Puapua\u02bba; Pu\u02bbuanahulu; Pu\u02bbuwa\u02bbawa\u02bba; Waiea; Waik\u0101ku\u02bbu<\/p>\n\n\n\n<p><strong><strong>Hi\u02bbona \u02bb\u0101ina nona k\u0113ia wahi<\/strong><\/strong> <strong>| Feature(s) that contain this place:<\/strong>: <a href=\"https:\/\/www.hawaii.edu\/kawaihapai\/ka-pae-%ca%bbaina-o-hawai%ca%bbi-na-kai-%ca%bbewalu\/hawai%ca%bbi\/\" data-type=\"page\" data-id=\"651\">Hawai\u02bbi<\/a><\/p>\n\n\n\n<p><strong>H\u014d\u02bbulu\u02bbulu mana\u02bbo<\/strong><\/p>\n\n\n\n<p>He moku k\u0113ia ma ka \u02bbao\u02bbao komohana o mokupuni o Hawai\u02bbi. Aia ma waena o ka moku o Ka\u02bb\u016b, ma ka \u02bbao\u02bbao hema, a me Kohala, ma ka \u02bbao\u02bbao \u02bb\u0101kau. Wahi a n\u0101 k\u016bpuna, &#8220;Kona, kai \u02bb\u014dpua i ka la\u02bbi.&#8221; Kaulana k\u0113ia moku no ka m\u0101\u02bboki\u02bboki o ke kai. No Ke\u02bbei \u02bbO Kek\u016bhaupi\u02bbo, ke ali\u02bbi kaulana a kumu no Kamehameha Pai\u02bbea. Ua h\u0101nau \u02bbia \u02bbo Kauikeaouli, \u02bbO Kamehameha III ma Keauhou, Kona.<\/p>\n\n\n\n<p><strong>Description<\/strong><\/p>\n\n\n\n<p>Leeward district on Hawai\u02bbi. Poetic (Hawai\u02bbi); kai m\u0101\u02bboki\u02bboki; kai \u02bb\u014dpua i ka la\u02bbi; kai h\u0101-wanawana, streaked sea; clouds [over the] sea in the calm; whispering sea.<\/p>\n\n\n\n<p><strong>\u02bb\u014clelo kuhikuhi<\/strong><\/p>\n\n\n\n<p>E koho i\u0101 &#8220;Kona (Hawai\u02bbi)&#8221; no ka moku ma ka mokupuni o Hawai\u02bbi. No n\u0101 moku o Kona ma n\u0101 mokupuni \u02bb\u0113 a\u02bbe, e koho i ka mea pili i k\u0113l\u0101 mokupuni.&nbsp;<\/p>\n\n\n\n<p><strong>Instructions<\/strong><\/p>\n\n\n\n<p>Use for the moku of Kona on Hawai\u02bbi. Not to be confused with the Kona districts of most of the other islands.&nbsp;<\/p>\n\n\n\n<p><strong>Mo\u02bbok\u016b\u02bbauhau<\/strong> <strong>| Genealogy<\/strong><\/p>\n\n\n\n<p><em>Kanaka | Person:<\/em> Kek\u016bhaupi\u02bbo; Kauikeaouli<\/p>\n\n\n\n<p><strong>Hana <strong>| Practice<\/strong>: <\/strong><a href=\"https:\/\/www.hawaii.edu\/kawaihapai\/hana-list\/lawai%ca%bba\/\" data-type=\"page\" data-id=\"992\">Lawai\u02bba<\/a>; <a href=\"https:\/\/www.hawaii.edu\/kawaihapai\/hana-list\/hana-kaua\/\" data-type=\"page\" data-id=\"1691\">Hana kaua<\/a>&nbsp;<\/p>\n\n\n\n<p><strong>K\u016bmole<\/strong> <strong>| Source(s)<\/strong><\/p>\n\n\n\n<p><a href=\"https:\/\/kipukadatabase.com\/kipuka\/Moku.html?ObjectID=15&amp;b=2\">&#8220;Moku of Kona,&#8221; K\u012bpuka Database, Office of Hawaiian Affairs.<\/a><\/p>\n\n\n\n<p><strong>Ho\u02bbopili \u02bbia i |<\/strong> <strong>Applied to: <\/strong><a href=\"https:\/\/uhawaii-manoa.primo.exlibrisgroup.com\/permalink\/01UHAWAII_MANOA\/11uc19p\/alma9919326134605682\">Archaeological excavations and heiau stabilization at Kahului, Kona, Hawai\u02bbi Island<\/a>, <a href=\"https:\/\/uhawaii-manoa.primo.exlibrisgroup.com\/permalink\/01UHAWAII_MANOA\/11uc19p\/alma9919624454605682\">Kona torch (Kona, Hawaii Island, Hawaii)<\/a>&nbsp;<\/p>\n\n\n\n<p><strong><strong>Mea haku |<\/strong><\/strong> <strong>Created by: <\/strong>Na ka hui \u02bbimi na\u02bbauao o Ka Wai H\u0101pai<\/p>\n","protected":false},"excerpt":{"rendered":"<p>Inoa| Name(s) Kona (Hawai\u02bbi) Hi\u02bbona \u02bb\u0101ina &nbsp;| Land characteristic:: Moku&nbsp; Hi\u02bbona \u02bb\u0101ina o loko o k\u0113ia wahi | Feature(s) located within this place: \u02bbAlik\u0101; Anapuka; Ho\u02bbop\u016bloa; Awake\u02bbe; Haleohiu; Hamanamana; H\u014dlualoa 1-4; Honalo; M\u0101\u02bbihi 1-2; H\u014dnaunau; Honok\u014dhau 1-3; Honokua; Honua\u02bbula; Ho\u02bbokena; &hellip; <\/p>\n","protected":false},"author":216,"featured_media":0,"parent":0,"menu_order":0,"comment_status":"closed","ping_status":"closed","template":"","meta":{"footnotes":""},"class_list":["post-696","page","type-page","status-publish","hentry"],"_links":{"self":[{"href":"https:\/\/www.hawaii.edu\/kawaihapai\/wp-json\/wp\/v2\/pages\/696","targetHints":{"allow":["GET"]}}],"collection":[{"href":"https:\/\/www.hawaii.edu\/kawaihapai\/wp-json\/wp\/v2\/pages"}],"about":[{"href":"https:\/\/www.hawaii.edu\/kawaihapai\/wp-json\/wp\/v2\/types\/page"}],"author":[{"embeddable":true,"href":"https:\/\/www.hawaii.edu\/kawaihapai\/wp-json\/wp\/v2\/users\/216"}],"replies":[{"embeddable":true,"href":"https:\/\/www.hawaii.edu\/kawaihapai\/wp-json\/wp\/v2\/comments?post=696"}],"version-history":[{"count":9,"href":"https:\/\/www.hawaii.edu\/kawaihapai\/wp-json\/wp\/v2\/pages\/696\/revisions"}],"predecessor-version":[{"id":3070,"href":"https:\/\/www.hawaii.edu\/kawaihapai\/wp-json\/wp\/v2\/pages\/696\/revisions\/3070"}],"wp:attachment":[{"href":"https:\/\/www.hawaii.edu\/kawaihapai\/wp-json\/wp\/v2\/media?parent=696"}],"curies":[{"name":"wp","href":"https:\/\/api.w.org\/{rel}","templated":true}]}}