  {"id":680,"date":"2023-06-11T17:53:38","date_gmt":"2023-06-12T03:53:38","guid":{"rendered":"https:\/\/www.hawaii.edu\/kawaihapai\/?page_id=680"},"modified":"2023-08-25T11:38:18","modified_gmt":"2023-08-25T21:38:18","slug":"wai%ca%bbehu","status":"publish","type":"page","link":"https:\/\/www.hawaii.edu\/kawaihapai\/wai%ca%bbehu\/","title":{"rendered":"Wai\u02bbehu"},"content":{"rendered":"\n<p><strong>Inoa<\/strong>: Wai\u02bbehu<\/p>\n\n\n\n<p><strong>Hi\u02bbona \u02bb\u0101ina<\/strong>: Kalana<\/p>\n\n\n\n<p><strong>N\u0101 Hi\u02bbona \u02bb\u0100ina o loko o k\u0113ia wahi<\/strong>: Waiehu, Ahikuli, Polipoli, Hananui, Kou<\/p>\n\n\n\n<p><strong>N\u0101 Hi\u02bbona \u02bb\u0100\u012bna nona k\u0113ia wahi<\/strong>: P\u016b\u02bbali Komohana, N\u0101 Wai \u02bbEh\u0101<\/p>\n\n\n\n<p><strong>Ka<\/strong> <strong>H\u014d\u02bbulu\u02bbulu Mana\u02bbo<\/strong>: He kalana k\u0113ia ma ka moku o P\u016b\u02bbali Komohana ma ka mokupuni o Maui. Wahi a ka \u02bb\u014dlelo no\u02bbeau, &#8221; Wai\u02bbehu, mai ka pali o Kapulehu a ka pali o \u02bbA\u02bbalaloa,&#8221; no n\u0101 palena o k\u0113ia wahi. \u02bbO ka ua L\u012bl\u012blehua ka ua a me ka makani o k\u0113ia wahi. Ua kapa \u02bbia ka wai o k\u0113ia wahi no ka \u02bbehu wai i ke kahe \u02bbana o ka wai i lalo o ka pali. \u02bbO Paukukalo ka inoa o ke kai ma Wai\u02bbehu, a \u02bbo Kehu a me Ka\u02bbakau n\u0101 inoa o n\u0101 k\u016blana nalu o Wai\u02bbehu. \u02bbO Poaiwa, Halelau, Malumaluakua, Kukuikomo, a me Puukoa kekahi o n\u0101 heiau ma k\u0113ia wahi. Aia he mau p\u014dhaku kupaianaha ma Wai\u02bbehu pili ka mo\u02bbolelo o Konole a me k\u0101na wahine.&nbsp;<\/p>\n\n\n\n<p><strong>Description:<\/strong> Retained by Lunalilo at the M\u0101hele, LCAw 8559-B:20. Waiehu resembles a kalana in that it contains several small ahupua\u02bba, including Ahikuli, Polipoli, Kapoino. The portion identified as &#8220;Waiehu Section 2&#8221; awarded to Lunalilo (TM 3217) contains the \u02bbili of Hanohano, Kaalaino, Kalahape, Kaohe, Kuhimana, Kumuwiliwili, Lualailua, Ohia, Ohiaiki, Ohianui, Poaiwa, and Ukihi. The two large \u02bbili of Hananui and Kou may also have been ahupua\u02bba. Placed in &#8220;Puali Komohana&#8221; (q.v.) in the M\u0101hele Book. See Napoko.(Lloyd Soehren)<\/p>\n\n\n\n<p><strong>N\u0101 K\u016bmole<\/strong>: 1)&nbsp;<a rel=\"noreferrer noopener\" href=\"https:\/\/geoportal.hawaii.gov\/datasets\/HiStateGIS::ahupuaa\/explore?location=20.915530%2C-156.494070%2C15.46\" target=\"_blank\">Ahupua\u02bba GIS Map<\/a>&nbsp;2) Sites of Maui 3) Lloyd Soehren 4) \u02bbOhu\u02bbohu na mauna o \u02bbE\u02bbeka<\/p>\n\n\n\n<p><strong>Ka \u02bb\u014clelo Kuhikuhi<\/strong>: E koho i\u0101 &#8220;Wai\u02bbehu&#8221; no ke kalana ma ka moku o P\u016b\u02bbali Komohana, \u02bbo ia ho\u02bbi ka mea o ka p\u016b\u02bbulu \u02bb\u0101ina i kapa \u02bbia \u02bbo &#8220;N\u0101 Wai \u02bbEh\u0101.&#8221;<\/p>\n\n\n\n<p><strong>Instructions: <\/strong>Use for the kalana in P\u016b\u02bbali Komohana, Maui.&nbsp;<\/p>\n\n\n\n<p><strong>\u02bbOhana<\/strong>: Konole<\/p>\n\n\n\n<p><strong>Hana: <\/strong>Ka He\u02bbe Nalu, Ka Mahi\u02bbai Kalo, Ka Mahik\u014d<\/p>\n\n\n\n<p><strong>Applied to: <\/strong><a href=\"https:\/\/uhawaii-manoa.primo.exlibrisgroup.com\/permalink\/01UHAWAII_MANOA\/11uc19p\/alma996076794605682\">Sites of Maui (pages 48-62)<\/a> <\/p>\n","protected":false},"excerpt":{"rendered":"<p>Inoa: Wai\u02bbehu Hi\u02bbona \u02bb\u0101ina: Kalana N\u0101 Hi\u02bbona \u02bb\u0100ina o loko o k\u0113ia wahi: Waiehu, Ahikuli, Polipoli, Hananui, Kou N\u0101 Hi\u02bbona \u02bb\u0100\u012bna nona k\u0113ia wahi: P\u016b\u02bbali Komohana, N\u0101 Wai \u02bbEh\u0101 Ka H\u014d\u02bbulu\u02bbulu Mana\u02bbo: He kalana k\u0113ia ma ka moku o P\u016b\u02bbali &hellip; <\/p>\n","protected":false},"author":216,"featured_media":0,"parent":0,"menu_order":0,"comment_status":"closed","ping_status":"closed","template":"","meta":{"footnotes":""},"class_list":["post-680","page","type-page","status-publish","hentry"],"_links":{"self":[{"href":"https:\/\/www.hawaii.edu\/kawaihapai\/wp-json\/wp\/v2\/pages\/680","targetHints":{"allow":["GET"]}}],"collection":[{"href":"https:\/\/www.hawaii.edu\/kawaihapai\/wp-json\/wp\/v2\/pages"}],"about":[{"href":"https:\/\/www.hawaii.edu\/kawaihapai\/wp-json\/wp\/v2\/types\/page"}],"author":[{"embeddable":true,"href":"https:\/\/www.hawaii.edu\/kawaihapai\/wp-json\/wp\/v2\/users\/216"}],"replies":[{"embeddable":true,"href":"https:\/\/www.hawaii.edu\/kawaihapai\/wp-json\/wp\/v2\/comments?post=680"}],"version-history":[{"count":2,"href":"https:\/\/www.hawaii.edu\/kawaihapai\/wp-json\/wp\/v2\/pages\/680\/revisions"}],"predecessor-version":[{"id":1250,"href":"https:\/\/www.hawaii.edu\/kawaihapai\/wp-json\/wp\/v2\/pages\/680\/revisions\/1250"}],"wp:attachment":[{"href":"https:\/\/www.hawaii.edu\/kawaihapai\/wp-json\/wp\/v2\/media?parent=680"}],"curies":[{"name":"wp","href":"https:\/\/api.w.org\/{rel}","templated":true}]}}