  {"id":678,"date":"2023-06-11T17:46:43","date_gmt":"2023-06-12T03:46:43","guid":{"rendered":"https:\/\/www.hawaii.edu\/kawaihapai\/?page_id=678"},"modified":"2024-05-24T11:33:00","modified_gmt":"2024-05-24T21:33:00","slug":"pu%ca%bbu-lilinoe","status":"publish","type":"page","link":"https:\/\/www.hawaii.edu\/kawaihapai\/pu%ca%bbu-lilinoe\/","title":{"rendered":"Pu\u02bbu L\u012bl\u012bnoe (Maunakea)"},"content":{"rendered":"\n<p><strong><strong>Inoa | Name(s)<\/strong><\/strong><\/p>\n\n\n\n<p>Pu\u02bbu L\u012bl\u012bnoe, L\u012bl\u012bnoe<\/p>\n\n\n\n<p><strong>Hi\u02bbona \u02bb\u0101ina | Land characteristic:<\/strong> Pu\u02bbu Pele<\/p>\n\n\n\n<p><strong>Hi\u02bbona \u02bb\u0101ina nona k\u0113ia wahi | Feature(s) that contain this place:<\/strong> <a href=\"https:\/\/www.hawaii.edu\/kawaihapai\/mauna-kea\/\">Maunakea<\/a>; Kaohe Mauka<\/p>\n\n\n\n<p><strong>H\u014d\u02bbulu\u02bbulu mana\u02bbo<\/strong><\/p>\n\n\n\n<p>He pu\u02bbu pele k\u0113ia i kapa \u02bbia kona inoa no ka akua wahine o L\u012bl\u012bnoe, kahi mea e noho ana ma ka mauna ma kona mau kaikuahine, \u02bbo ia ho\u02bbi o Poli\u02bbahu, Waiau, a me Kahoupok\u0101ne. Me k\u0113l\u0101 mana\u02bbo, \u02bbo k\u0113ia paha kahi e noho ana \u02bbO L\u012bl\u012bnoe, ke akua wahine o ka uhi wai i \u02bbike \u02bbia ma ka mauna i n\u0101&nbsp;w\u0101 hu\u02bbihu\u02bbi.<\/p>\n\n\n\n<p><strong>Description<\/strong><\/p>\n\n\n\n<p>Peak (12,956 feet), Mauna Kea qd., Hawai\u02bbi, also called Pu\u02bbu-L\u012bl\u012bnoe, named for a goddess of mists (L\u012bl\u012bnoe), sister of the more famous Poli-ahu, goddess of snow. (Place Names of Hawaii)<\/p>\n\n\n\n<p><strong>\u02bb\u014clelo kuhikuhi<\/strong><\/p>\n\n\n\n<p>E koho i\u0101 &#8220;Pu\u02bbu L\u012bl\u012bnoe&#8221; no n\u0101 kumuwaiwai pili i ka pu\u02bbu ma Maunakea.<\/p>\n\n\n\n<p><strong>Instructions<\/strong><\/p>\n\n\n\n<p>Use for Pu\u02bbu L\u012bl\u012bnoe, the volcanic cone found on Maunakea.<\/p>\n\n\n\n<p><strong><strong>Mo\u02bbok\u016b\u02bbauhau | Genealogy<\/strong><\/strong><\/p>\n\n\n\n<p><em>Akua | Deity:<\/em> <a href=\"https:\/\/www.hawaii.edu\/kawaihapai\/akua\/lilinoe\/\">L\u012bl\u012bnoe<\/a><\/p>\n\n\n\n<p><strong><strong>K\u016bmole | Source(s)<\/strong><\/strong><\/p>\n\n\n\n<p><a href=\"https:\/\/hilo.hawaii.edu\/wehe\/?q=lilinoe#w2w2-41200\">&#8220;L\u012bl\u012bnoe,&#8221; Wehewehe Wikiwiki: Hawaiian Language Dictionaries.<\/a><\/p>\n\n\n\n<p><a href=\"https:\/\/ulukau.org\/cgi-bin\/hpn?e=q-0hpn--00-0-0--010---4----dtx--0-0l--1haw-Zz-1---20-about-Lilinoe--00031-000-10escapewin-00&amp;a=d&amp;c=hpn&amp;cl=search&amp;d=HASH2cf710e6653e2415558030\">\u201cPuu Lilinoe,\u201d Inoa \u02bb\u0100ina Hawai\u02bbi Database, Ulukau: The Hawaiian Electronic Library.<\/a><\/p>\n\n\n\n<p><a href=\"https:\/\/ulukau.org\/ulukau-books\/?a=d&amp;d=EBOOK-PEPN.2.1.1&amp;e=-------haw-20--1--txt-txPT-----------\">Pukui, Mary Kawena, Samuel H. (Samuel Hoyt) Elbert, and Esther T. Mookini. Place Names of Hawaii. Rev. and enl. Ed. Honolulu: University Press of Hawaii, 1976. Ulukau: The Hawaiian Electronic Library.<\/a><\/p>\n\n\n\n<p><strong><strong>Ho\u02bbopili \u02bbia i | Applied to:<\/strong> <\/strong><a href=\"https:\/\/uhawaii-manoa.primo.exlibrisgroup.com\/permalink\/01UHAWAII_MANOA\/11uc19p\/alma9928650904605682\">L\u0101\u02bbieikawai<\/a>, <a href=\"https:\/\/uhawaii-manoa.primo.exlibrisgroup.com\/permalink\/01UHAWAII_MANOA\/11uc19p\/alma9925254924605682\">Lilinoe, Waiau, and Kahoupokane<\/a><\/p>\n\n\n\n<p><strong><strong>Mea haku | Created by:\u00a0<\/strong><\/strong>Na ka hui \u02bbimi na\u02bbauao o Ka Wai H\u0101pai<\/p>\n","protected":false},"excerpt":{"rendered":"<p>Inoa | Name(s) Pu\u02bbu L\u012bl\u012bnoe, L\u012bl\u012bnoe Hi\u02bbona \u02bb\u0101ina | Land characteristic: Pu\u02bbu Pele Hi\u02bbona \u02bb\u0101ina nona k\u0113ia wahi | Feature(s) that contain this place: Maunakea; Kaohe Mauka H\u014d\u02bbulu\u02bbulu mana\u02bbo He pu\u02bbu pele k\u0113ia i kapa \u02bbia kona inoa no ka &hellip; <\/p>\n","protected":false},"author":216,"featured_media":0,"parent":0,"menu_order":0,"comment_status":"closed","ping_status":"closed","template":"","meta":{"footnotes":""},"class_list":["post-678","page","type-page","status-publish","hentry"],"_links":{"self":[{"href":"https:\/\/www.hawaii.edu\/kawaihapai\/wp-json\/wp\/v2\/pages\/678","targetHints":{"allow":["GET"]}}],"collection":[{"href":"https:\/\/www.hawaii.edu\/kawaihapai\/wp-json\/wp\/v2\/pages"}],"about":[{"href":"https:\/\/www.hawaii.edu\/kawaihapai\/wp-json\/wp\/v2\/types\/page"}],"author":[{"embeddable":true,"href":"https:\/\/www.hawaii.edu\/kawaihapai\/wp-json\/wp\/v2\/users\/216"}],"replies":[{"embeddable":true,"href":"https:\/\/www.hawaii.edu\/kawaihapai\/wp-json\/wp\/v2\/comments?post=678"}],"version-history":[{"count":11,"href":"https:\/\/www.hawaii.edu\/kawaihapai\/wp-json\/wp\/v2\/pages\/678\/revisions"}],"predecessor-version":[{"id":2643,"href":"https:\/\/www.hawaii.edu\/kawaihapai\/wp-json\/wp\/v2\/pages\/678\/revisions\/2643"}],"wp:attachment":[{"href":"https:\/\/www.hawaii.edu\/kawaihapai\/wp-json\/wp\/v2\/media?parent=678"}],"curies":[{"name":"wp","href":"https:\/\/api.w.org\/{rel}","templated":true}]}}