  {"id":676,"date":"2023-06-11T17:42:15","date_gmt":"2023-06-12T03:42:15","guid":{"rendered":"https:\/\/www.hawaii.edu\/kawaihapai\/?page_id=676"},"modified":"2024-05-24T11:31:02","modified_gmt":"2024-05-24T21:31:02","slug":"pohakuloa","status":"publish","type":"page","link":"https:\/\/www.hawaii.edu\/kawaihapai\/pohakuloa\/","title":{"rendered":"P\u014dhakuloa (Maunakea)"},"content":{"rendered":"\n<p><strong><strong>Inoa | Name(s)<\/strong><\/strong><\/p>\n\n\n\n<p>P\u014dhakuloa (Maunakea)<\/p>\n\n\n\n<p><strong>Hi\u02bbona \u02bb\u0101ina | Land characteristic:<\/strong> Kekahi mea \u02bboko\u02bba<\/p>\n\n\n\n<p><strong>Hi\u02bbona \u02bb\u0101ina o loko o k\u0113ia wahi | Feature(s) located within this place:<\/strong> <a href=\"https:\/\/www.hawaii.edu\/kawaihapai\/pohakuloa\/\" data-type=\"page\" data-id=\"676\">Pu\u02bbu P\u014dhakuloa<\/a>; Ke Kahawai o P\u014dhakuloa; P\u014dhakuloa Training Area<\/p>\n\n\n\n<p><strong>Hi\u02bbona \u02bb\u0101ina nona k\u0113ia wahi | Feature(s) that contain this place:<\/strong> Ka\u02bbohe Mauka; H\u0101m\u0101kua; Hawai\u02bbi<\/p>\n\n\n\n<p><strong>H\u014d\u02bbulu\u02bbulu mana\u02bbo<\/strong><\/p>\n\n\n\n<p>He wahi \u0101kea k\u0113ia ma Maunakea a i kapa \u02bbia no ka pu\u02bbu pele a me ke kahawai o ka inoa like. Aia he mau wahi kahua hulikoehana me n\u0101 mea hulikoehana i loko o k\u0113ia wahi \u02bbo P\u014dhakuloa. I k\u0113ia mau l\u0101, kaulana k\u0113ia wahi no ka noho \u02bbana o ka p\u016b\u02bbalikoa \u02bbAmelika ma k\u0113ia wahi no ka ho\u02bboma\u02bbama\u02bba hana kaua.&nbsp;<\/p>\n\n\n\n<p><strong>Description<\/strong><\/p>\n\n\n\n<p>P\u014dhakuloa Training Area and surrounding structures are named for the cinder cone and gulch that exist on the slope of Maunakea. There are a number of cultural sites that exist within this area. It is currently being used for target practice by the United States Army and National Guard.<\/p>\n\n\n\n<p><strong>\u02bb\u014clelo kuhikuhi<\/strong><\/p>\n\n\n\n<p>E koho i\u0101 &#8220;P\u014dhakuloa (Maunakea)&#8221; no n\u0101 mea pili i kahi ma Maunakea. No n\u0101 mea pili i P\u014dhakuloa ma kekahi wahi, e koho i ka hua\u02bb\u014dlelo pono\u02bb\u012b no k\u0113l\u0101 hi\u02bbona \u02bb\u0101ina a wahi pololei.<\/p>\n\n\n\n<p><strong>Instructions<\/strong><\/p>\n\n\n\n<p>Use for P\u014dhakuloa on Mauankea. Not to be confused with other places within Ka Pae \u02bb\u0100ina o Hawai\u02bbi with the same name.<\/p>\n\n\n\n<p><strong>Mo\u02bbok\u016b\u02bbauhau | Genealogy<\/strong><\/p>\n\n\n\n<p><em>H\u0101lau | Group\/school:<\/em> U.S. Army<\/p>\n\n\n\n<p><strong><strong>Hana | Practice:<\/strong> <\/strong><a href=\"https:\/\/www.hawaii.edu\/kawaihapai\/hana-list\/hana-kaua\/\" data-type=\"page\" data-id=\"1691\">Hana kaua<\/a><\/p>\n\n\n\n<p><strong><strong>K\u016bmole | Source(s)<\/strong><\/strong><\/p>\n\n\n\n<p><a href=\"https:\/\/www.papakilodatabase.com\/pdnupepa\/?a=d&amp;d=KWO20140301-01.2.9&amp;e=-------en-20--1--txt-txIN%7ctxNU%7ctxTR%7ctxTI-pohakuloa-------\">Nedd, Harold, &#8220;As Army assesses training needs at P\u014dhakuloa, concerns remain over depleted uranium, cultural sites,&#8221;  Ka Wai Ola, Volume 31, Number 3, 1 March 2014. Papakilo Database. <\/a><\/p>\n\n\n\n<p><a href=\"https:\/\/ulukau.org\/cgi-bin\/hpn?e=q-0hpn--00-0-0--010---4----dtx--0-0l--1haw-Zz-1---20-about-pohakuloa--000321-000-10escapewin-00&amp;a=d&amp;c=hpn&amp;cl=search&amp;d=HASHad04046ca3c590b63b025b\">\u201cPohakuloa Gulch,\u201d Inoa \u02bb\u0100ina Hawai\u02bbi Database, Ulukau: The Hawaiian Electronic Library.<\/a><\/p>\n\n\n\n<p><a href=\"https:\/\/ulukau.org\/cgi-bin\/hpn?e=q-0hpn--00-0-0--010---4----dtx--0-0l--1haw-Zz-1---20-about-pohakuloa--00031-000-10escapewin-00&amp;a=d&amp;c=hpn&amp;cl=search&amp;d=HASH70242f53e15c9726092b39\">\u201cPuu Pohakuloa,\u201d Inoa \u02bb\u0100ina Hawai\u02bbi Database, Ulukau: The Hawaiian Electronic Library.<\/a><\/p>\n\n\n\n<p><a href=\"https:\/\/ulukau.org\/cgi-bin\/hpn?e=q-0hpn--00-0-0--010---4----dtx--0-0l--1haw-Zz-1---20-about-pohakuloa--000381-000-10escapewin-00&amp;a=d&amp;c=hpn&amp;cl=search&amp;d=HASHc7c86a4f701f0c55421aed\">\u201cPohakuloa Training Area,\u201d Inoa \u02bb\u0100ina Hawai\u02bbi Database, Ulukau: The Hawaiian Electronic Library.<\/a><\/p>\n\n\n\n<p><strong><strong>Ho\u02bbopili \u02bbia i | Applied to:<\/strong> <\/strong><a href=\"https:\/\/uhawaii-manoa.primo.exlibrisgroup.com\/discovery\/fulldisplay?docid=cdi_proquest_journals_2449471738&amp;context=PC&amp;vid=01UHAWAII_MANOA:MANOA&amp;lang=en&amp;adaptor=Primo%20Central&amp;tab=Everything\" target=\"_blank\" rel=\"noreferrer noopener\">Searching for P\u014dhakuloa: a Citizen Scientist\u2019s Journey in Aloha \u2018\u0100ina<\/a>, <a href=\"https:\/\/uhawaii-manoa.primo.exlibrisgroup.com\/permalink\/01UHAWAII_MANOA\/11uc19p\/alma9951225715705682\">To P\u014dhakuloa<\/a><\/p>\n\n\n\n<p><strong><strong>Mea haku | Created by:\u00a0<\/strong><\/strong>Na ka hui \u02bbimi na\u02bbauao o Ka Wai H\u0101pai<\/p>\n","protected":false},"excerpt":{"rendered":"<p>Inoa | Name(s) P\u014dhakuloa (Maunakea) Hi\u02bbona \u02bb\u0101ina | Land characteristic: Kekahi mea \u02bboko\u02bba Hi\u02bbona \u02bb\u0101ina o loko o k\u0113ia wahi | Feature(s) located within this place: Pu\u02bbu P\u014dhakuloa; Ke Kahawai o P\u014dhakuloa; P\u014dhakuloa Training Area Hi\u02bbona \u02bb\u0101ina nona k\u0113ia wahi &hellip; <\/p>\n","protected":false},"author":216,"featured_media":0,"parent":0,"menu_order":0,"comment_status":"closed","ping_status":"closed","template":"","meta":{"footnotes":""},"class_list":["post-676","page","type-page","status-publish","hentry"],"_links":{"self":[{"href":"https:\/\/www.hawaii.edu\/kawaihapai\/wp-json\/wp\/v2\/pages\/676","targetHints":{"allow":["GET"]}}],"collection":[{"href":"https:\/\/www.hawaii.edu\/kawaihapai\/wp-json\/wp\/v2\/pages"}],"about":[{"href":"https:\/\/www.hawaii.edu\/kawaihapai\/wp-json\/wp\/v2\/types\/page"}],"author":[{"embeddable":true,"href":"https:\/\/www.hawaii.edu\/kawaihapai\/wp-json\/wp\/v2\/users\/216"}],"replies":[{"embeddable":true,"href":"https:\/\/www.hawaii.edu\/kawaihapai\/wp-json\/wp\/v2\/comments?post=676"}],"version-history":[{"count":13,"href":"https:\/\/www.hawaii.edu\/kawaihapai\/wp-json\/wp\/v2\/pages\/676\/revisions"}],"predecessor-version":[{"id":2641,"href":"https:\/\/www.hawaii.edu\/kawaihapai\/wp-json\/wp\/v2\/pages\/676\/revisions\/2641"}],"wp:attachment":[{"href":"https:\/\/www.hawaii.edu\/kawaihapai\/wp-json\/wp\/v2\/media?parent=676"}],"curies":[{"name":"wp","href":"https:\/\/api.w.org\/{rel}","templated":true}]}}