  {"id":659,"date":"2023-06-11T16:28:31","date_gmt":"2023-06-12T02:28:31","guid":{"rendered":"https:\/\/www.hawaii.edu\/kawaihapai\/?page_id=659"},"modified":"2024-09-04T08:50:08","modified_gmt":"2024-09-04T18:50:08","slug":"moloka%ca%bbi","status":"publish","type":"page","link":"https:\/\/www.hawaii.edu\/kawaihapai\/ka-pae-%ca%bbaina-o-hawai%ca%bbi-na-kai-%ca%bbewalu\/moloka%ca%bbi\/","title":{"rendered":"Moloka\u02bbi"},"content":{"rendered":"\n<p><strong>Inoa | Name(s)<\/strong><\/p>\n\n\n\n<p>Moloka&#8217;i; Molokai; Moloka\u02bbinuiahina; Moloka\u02bbi Pule \u02bb\u014c\u02bb\u014d<\/p>\n\n\n\n<p><strong>Hi\u02bbona \u02bb\u0101ina<\/strong>: Mokupuni<\/p>\n\n\n\n<p><strong>Hi\u02bbona \u02bb\u0101ina o loko o k\u0113ia wahi<\/strong>: <a href=\"https:\/\/www.hawaii.edu\/kawaihapai\/kona-moloka\u02bbi\/\">Kona (Moloka\u02bbi)<\/a>; <a href=\"https:\/\/www.hawaii.edu\/kawaihapai\/ko\u02bbolau-moloka\u02bbi\/\">Ko\u02bbolau (Moloka\u02bbi)<\/a>; Kamakou<\/p>\n\n\n\n<p><strong>Hi\u02bbona \u02bb\u0101ina nona k\u0113ia wahi<\/strong>: <a href=\"https:\/\/www.hawaii.edu\/kawaihapai\/ka-pae-\u02bbaina-o-hawai\u02bbi-na-kai-\u02bbewalu\/\">Pae \u02bb\u0101ina o Hawai\u02bbi<\/a>; Maui Nui<\/p>\n\n\n\n<p><strong>H\u014d\u02bbulu\u02bbulu mana\u02bbo<\/strong><\/p>\n\n\n\n<p>He mokupuni k\u0113ia ma ka pae \u02bb\u0101ina o Hawai\u02bbi. Aia p\u016b k\u0113ia mokupuni ma ka p\u016b\u02bbulu mokupuni o Maui Nui. I k\u0113ia mau l\u0101 aia ma n\u0101 palena o ke kalana o Maui. Ho\u02bbopuka \u02bbia he \u02bbelua puana no k\u0113ia wahi, \u02bbO Moloka\u02bbi a me Molokai n\u0101 mea i lohe nui \u02bbia. Wahi a kekahi mo\u02bbok\u016b\u02bbauhau \u02bbo Hina ka makuahine o Moloka\u02bbi, a ma kekahi mele ko\u02bbihonua \u02bbO W\u0101kea l\u0101ua \u02bbo Ho\u02bboh\u014dk\u016bkalani n\u0101 m\u0101kua o Moloka\u02bbi. \u02bbO Kamakou ke kuahiwi nui o k\u0113ia mokupuni. He \u02bbekolu mau kai e puni ana k\u0113ia mokupuni \u02bbO Kalohi ke kai ma waena o Moloka\u02bbi a me L\u0101na\u02bbi, \u02bbO Pailolo ke kai ma waena o Moloka\u02bbi a me Maui a \u02bbO Kaiwi ke kai ma waena o Moloka\u02bbi a me O\u02bbahu. \u02bbO Kalaupapa a me Kalawao, ma ka lae \u02bbo Makanalua, kekahi mau wahi kaulana o k\u0113ia \u02bb\u0101ina no ka ho\u02bbouna nui \u02bbana o n\u0101 po\u02bbe ma\u02bbi lepera o ka w\u0101 o ke aupuni Hawai\u02bbi i ia wahi. \u02bbO Kalama\u02bbula ma Moloka\u02bbi ka \u02bb\u0101ina ho\u02bbopulapula mua i ho\u02bbonoho \u02bbia e K\u016bhi\u014d. \u02bbO ka lau kukui kekahi meakanu i ho\u02bbohanohano nui \u02bbia no Moloka\u02bbi.&nbsp;<\/p>\n\n\n\n<p><strong>Description<\/strong><\/p>\n\n\n\n<p>Island, 38 miles long, 10 miles wide, 261 square miles in area, and having a 1970 population of 5,261. District, forest reserve, lighthouse, high school, airport, and hospital. Poetic names are Moloka\u02bbi nui a Hina (great Moloka\u02bbi, child of Hina) and Moloka\u02bbi pule o\u02bbo (Moloka\u02bbi, powerful prayer). In legends Hina was the mother of Moloka\u02bbi. The island was noted for sorcery and sports. (Elbert and Mahoe 78-79.) (Place Names of Hawaii)<\/p>\n\n\n\n<p><strong>\u02bb\u014clelo kuhikuhi<\/strong><\/p>\n\n\n\n<p>E koho i\u0101 &#8220;Moloka\u02bbi&#8221; no n\u0101&nbsp;kumuwaiwai pili i ka mokupuni \u02bbo Moloka\u02bbi.<\/p>\n\n\n\n<p><strong>Instructions<\/strong><\/p>\n\n\n\n<p>Use for resources about the entire the island of Moloka\u02bbi. For resources about a smaller area, refer to the terms in <strong>Hi\u02bbona \u02bb\u0101ina o loko o k\u0113ia wahi<\/strong>.<\/p>\n\n\n\n<p><strong>Mo\u02bbok\u016b\u02bbauhau | Genealogy<\/strong><\/p>\n\n\n\n<p><em>Akua | Deity:<\/em> <a href=\"https:\/\/www.hawaii.edu\/kawaihapai\/akua\/hina\/\" data-type=\"page\" data-id=\"926\">Hina;<\/a> <a href=\"https:\/\/www.hawaii.edu\/kawaihapai\/akua\/laka\/\" data-type=\"page\" data-id=\"931\">Laka<\/a><\/p>\n\n\n\n<p><em>Kanaka | Person:<strong> <\/strong><\/em>George Helm; Walter Ritte; Lanikaula<\/p>\n\n\n\n<p><strong>Hana: <\/strong><a href=\"https:\/\/www.hawaii.edu\/kawaihapai\/hana-list\/hula\/\" data-type=\"page\" data-id=\"918\">Hula<\/a>; <a href=\"https:\/\/www.hawaii.edu\/kawaihapai\/hana-list\/%ca%bbaha-makahiki\/\" data-type=\"page\" data-id=\"1721\">\u02bbAha makahiki<\/a><\/p>\n\n\n\n<p><strong>K\u016bmole | Source(s)<\/strong><\/p>\n\n\n\n<p><a href=\"https:\/\/geoportal.hawaii.gov\/search?q=Moloka%CA%BBi\">\u201cMoloka\u02bbi,\u201d Hawaii Statewde GIS system (website).<\/a><\/p>\n\n\n\n<p><a href=\"https:\/\/ulukau.org\/ulukau-books\/?a=d&amp;d=EBOOK-PEPN.2.1.1&amp;e=-------haw-20--1--txt-txPT-----------\">Pukui, Mary Kawena, Samuel H. (Samuel Hoyt) Elbert, and Esther T. Mookini. Place Names of Hawaii. Rev. and enl. Ed. Honolulu: University Press of Hawaii, 1976. Ulukau: The Hawaiian Electronic Library.<\/a><\/p>\n\n\n\n<p><strong>Ho\u02bbopili \u02bbia I | Applied to: <\/strong><a href=\"https:\/\/uhawaii-manoa.primo.exlibrisgroup.com\/permalink\/01UHAWAII_MANOA\/11uc19p\/alma995695244605682\">Hawaiian fishpond study: islands of O\u02bbahu, Moloka\u02bbi, and Hawai\u02bbi,<\/a> <a href=\"https:\/\/uhawaii-manoa.primo.exlibrisgroup.com\/permalink\/01UHAWAII_MANOA\/11uc19p\/alma9930866824605682\">The coral reef of south Moloka\u02bbi, Hawai\u02bbi; portrait of a sediment-threatening fringing reef<\/a><\/p>\n\n\n\n<p><strong>Mea haku | Created by: <\/strong>Na ka hui \u02bbimi na\u02bbauao o Ka Wai H\u0101pai<\/p>\n","protected":false},"excerpt":{"rendered":"<p>Inoa | Name(s) Moloka&#8217;i; Molokai; Moloka\u02bbinuiahina; Moloka\u02bbi Pule \u02bb\u014c\u02bb\u014d Hi\u02bbona \u02bb\u0101ina: Mokupuni Hi\u02bbona \u02bb\u0101ina o loko o k\u0113ia wahi: Kona (Moloka\u02bbi); Ko\u02bbolau (Moloka\u02bbi); Kamakou Hi\u02bbona \u02bb\u0101ina nona k\u0113ia wahi: Pae \u02bb\u0101ina o Hawai\u02bbi; Maui Nui H\u014d\u02bbulu\u02bbulu mana\u02bbo He mokupuni k\u0113ia &hellip; <\/p>\n","protected":false},"author":216,"featured_media":0,"parent":757,"menu_order":3,"comment_status":"closed","ping_status":"closed","template":"","meta":{"footnotes":""},"class_list":["post-659","page","type-page","status-publish","hentry"],"_links":{"self":[{"href":"https:\/\/www.hawaii.edu\/kawaihapai\/wp-json\/wp\/v2\/pages\/659","targetHints":{"allow":["GET"]}}],"collection":[{"href":"https:\/\/www.hawaii.edu\/kawaihapai\/wp-json\/wp\/v2\/pages"}],"about":[{"href":"https:\/\/www.hawaii.edu\/kawaihapai\/wp-json\/wp\/v2\/types\/page"}],"author":[{"embeddable":true,"href":"https:\/\/www.hawaii.edu\/kawaihapai\/wp-json\/wp\/v2\/users\/216"}],"replies":[{"embeddable":true,"href":"https:\/\/www.hawaii.edu\/kawaihapai\/wp-json\/wp\/v2\/comments?post=659"}],"version-history":[{"count":12,"href":"https:\/\/www.hawaii.edu\/kawaihapai\/wp-json\/wp\/v2\/pages\/659\/revisions"}],"predecessor-version":[{"id":3051,"href":"https:\/\/www.hawaii.edu\/kawaihapai\/wp-json\/wp\/v2\/pages\/659\/revisions\/3051"}],"up":[{"embeddable":true,"href":"https:\/\/www.hawaii.edu\/kawaihapai\/wp-json\/wp\/v2\/pages\/757"}],"wp:attachment":[{"href":"https:\/\/www.hawaii.edu\/kawaihapai\/wp-json\/wp\/v2\/media?parent=659"}],"curies":[{"name":"wp","href":"https:\/\/api.w.org\/{rel}","templated":true}]}}