  {"id":1735,"date":"2023-11-28T09:15:39","date_gmt":"2023-11-28T19:15:39","guid":{"rendered":"https:\/\/www.hawaii.edu\/kawaihapai\/?page_id=1735"},"modified":"2024-09-04T08:56:38","modified_gmt":"2024-09-04T18:56:38","slug":"maka%ca%bbika%ca%bbi","status":"publish","type":"page","link":"https:\/\/www.hawaii.edu\/kawaihapai\/hana-list\/maka%ca%bbika%ca%bbi\/","title":{"rendered":"M\u0101ka\u02bbika\u02bbi"},"content":{"rendered":"\n<p><strong>Inoa | Name(s)<\/strong><\/p>\n\n\n\n<p>M\u0101ka\u02bbika\u02bbi<\/p>\n\n\n\n<p><strong>H\u014d\u02bbulu\u02bbulu mana\u02bbo<\/strong><\/p>\n\n\n\n<p>\u02bbO ka m\u0101ka\u02bbika\u02bbi ke kipa hele \u02bbana i kahi wahi hou me ka mana\u02bbo e launa a holoholo me ka m\u0101lie. \u02bbO ka hekehi kekahi hana pili i ka m\u0101ka\u02bbika\u02bbi o ka holoholo w\u0101wae \u02bbana a i \u02bbole ka pi\u02bbi mauna m\u0101ka\u02bbika\u02bbi \u02bbana.<\/p>\n\n\n\n<p><strong>Description<\/strong><\/p>\n\n\n\n<p>M\u0101ka\u02bbika\u02bbi is traveling to a new place with the intent to visit and enjoy a new place, possible for leisure. Hiking is one activity related to travel, as it describes strolling or hiking up a mountain.<\/p>\n\n\n\n<p><strong>\u02bb\u014clelo kuhikuhi<\/strong><\/p>\n\n\n\n<p>E koho i k\u0113ia hua\u02bb\u014dlelo no n\u0101 kumuwaiwai pili i ka m\u0101ka\u02bbika\u02bbi \u02bbana e like me ka hana i \u02bbike nui \u02bbia ma n\u0101 mo\u02bbolelo kahiko o K\u0101ne a me Kanaloa, a me n\u0101 ali\u02bbi o ke au noho aupuni Hawai\u02bbi. \u02bbA\u02bbole n\u014d k\u0113ia pili i ka m\u0101ka\u02bbika\u02bbi laha loa o n\u0101 po\u02bbe malihini no waho o Hawai\u02bbi.<\/p>\n\n\n\n<p><strong>Instructions&nbsp;<\/strong><\/p>\n\n\n\n<p>Use this term for resources related to traveling as seen in older mo\u02bbolelo of K\u0101ne and Kanaloa and the ali\u02bbi of the Hawaian Kingdom period. This is not the term to use for tourism or the tourism industry in its contemporary form.<\/p>\n\n\n\n<p><strong>\u02bb\u0100ina | Land\/sea:\u00a0<\/strong><a href=\"https:\/\/www.hawaii.edu\/kawaihapai\/pu\u02bbu-huluhulu\/\">Pu\u02bbu Huluhulu (Maunakea)<\/a><\/p>\n\n\n\n<p><strong>Lawena | Behavior:<\/strong> Holoholo w\u0101wae; Hekehi<\/p>\n\n\n\n<p><strong>K\u016bkulu | Built environment:<\/strong> Ala hekehi<\/p>\n\n\n\n<p><strong>K\u016bmole | Source(s)<\/strong><\/p>\n\n\n\n<p><strong>Ho\u02bbopili \u02bbia i | Applied to:&nbsp;<\/strong><a href=\"https:\/\/uhawaii-manoa.primo.exlibrisgroup.com\/permalink\/01UHAWAII_MANOA\/11uc19p\/alma9918781984605682\">Huakai Makaikai a Kaupo, Maui = A visit to Kaupo\u0304, Maui : as published in Ka Nupepa kuokoa, June 1, 1922-March 15, 1923<\/a><\/p>\n\n\n\n<p><strong>Mea haku | Created by:<\/strong><strong>&nbsp;<\/strong>Keahiahi Long; Annemarie Paikai<\/p>\n","protected":false},"excerpt":{"rendered":"<p>Inoa | Name(s) M\u0101ka\u02bbika\u02bbi H\u014d\u02bbulu\u02bbulu mana\u02bbo \u02bbO ka m\u0101ka\u02bbika\u02bbi ke kipa hele \u02bbana i kahi wahi hou me ka mana\u02bbo e launa a holoholo me ka m\u0101lie. \u02bbO ka hekehi kekahi hana pili i ka m\u0101ka\u02bbika\u02bbi o ka holoholo w\u0101wae &hellip; <\/p>\n","protected":false},"author":216,"featured_media":0,"parent":878,"menu_order":30,"comment_status":"closed","ping_status":"closed","template":"","meta":{"footnotes":""},"class_list":["post-1735","page","type-page","status-publish","hentry"],"_links":{"self":[{"href":"https:\/\/www.hawaii.edu\/kawaihapai\/wp-json\/wp\/v2\/pages\/1735","targetHints":{"allow":["GET"]}}],"collection":[{"href":"https:\/\/www.hawaii.edu\/kawaihapai\/wp-json\/wp\/v2\/pages"}],"about":[{"href":"https:\/\/www.hawaii.edu\/kawaihapai\/wp-json\/wp\/v2\/types\/page"}],"author":[{"embeddable":true,"href":"https:\/\/www.hawaii.edu\/kawaihapai\/wp-json\/wp\/v2\/users\/216"}],"replies":[{"embeddable":true,"href":"https:\/\/www.hawaii.edu\/kawaihapai\/wp-json\/wp\/v2\/comments?post=1735"}],"version-history":[{"count":3,"href":"https:\/\/www.hawaii.edu\/kawaihapai\/wp-json\/wp\/v2\/pages\/1735\/revisions"}],"predecessor-version":[{"id":3056,"href":"https:\/\/www.hawaii.edu\/kawaihapai\/wp-json\/wp\/v2\/pages\/1735\/revisions\/3056"}],"up":[{"embeddable":true,"href":"https:\/\/www.hawaii.edu\/kawaihapai\/wp-json\/wp\/v2\/pages\/878"}],"wp:attachment":[{"href":"https:\/\/www.hawaii.edu\/kawaihapai\/wp-json\/wp\/v2\/media?parent=1735"}],"curies":[{"name":"wp","href":"https:\/\/api.w.org\/{rel}","templated":true}]}}