  {"id":1713,"date":"2023-11-28T09:03:24","date_gmt":"2023-11-28T19:03:24","guid":{"rendered":"https:\/\/www.hawaii.edu\/kawaihapai\/?page_id=1713"},"modified":"2024-09-03T13:00:34","modified_gmt":"2024-09-03T23:00:34","slug":"ho%ca%bbopapa","status":"publish","type":"page","link":"https:\/\/www.hawaii.edu\/kawaihapai\/hana-list\/ho%ca%bbopapa\/","title":{"rendered":"Ho\u02bbop\u0101p\u0101"},"content":{"rendered":"\n<p><strong>Inoa | Name(s)<\/strong><\/p>\n\n\n\n<p>Ho\u02bbop\u0101p\u0101<\/p>\n\n\n\n<p><strong>H\u014d\u02bbulu\u02bbulu mana\u02bbo<\/strong><\/p>\n\n\n\n<p>\u02bbO ka ho\u02bbop\u0101p\u0101 he \u02bbano ho\u02bbok\u016bk\u016b \u02bb\u014dlelo ma waena o k\u0101naka e h\u014d\u02bbike ai i ko l\u0101kou na\u02bbauao a akamai n\u014d paha ma o ka \u02bb\u014dlelo. \u02bbIke \u02bbia ke \u02bbano o k\u0113ia hana, \u02bbo ka ho\u02bbop\u0101p\u0101, ma n\u0101 mo\u02bbolelo \u02bbo \u201cMo\u02bbolelo Hawai\u02bbi o Kalapana,\u201d a me \u201cKa\u02bbao no Kaipalaoa: Ke Keiki Ho\u02bbop\u0101p\u0101.\u201d<\/p>\n\n\n\n<p><strong>Description<\/strong><\/p>\n\n\n\n<p>Ho\u02bbop\u0101p\u0101 is a contest of wits between people who are demonstrating their knowledge and cleverness using language. Examples of ho\u2019op\u0101p\u0101 is seen in the stories \u201cMo\u02bbolelo Hawai\u02bbi o Kalapana,\u201d and \u201cKa\u02bbao no Kaipalaoa: Ke Keiki Ho\u02bbop\u0101p\u0101.\u201d<\/p>\n\n\n\n<p><strong>\u02bb\u014clelo kuhikuhi<\/strong><\/p>\n\n\n\n<p>E koho i k\u0113ia hua\u02bb\u014dlelo no n\u0101\u00a0kumuwaiwai pili i ka hana ho\u02bbok\u016bk\u016b \u02bb\u014dlelo o ka ho\u02bbop\u0101p\u0101.<\/p>\n\n\n\n<p><strong>Instructions&nbsp;<\/strong><\/p>\n\n\n\n<p>Use this term for resources related to ho\u02bbop\u0101p\u0101.<\/p>\n\n\n\n<p><strong>Mo\u02bbok\u016b\u02bbauhau | Genealogy&nbsp;<\/strong><\/p>\n\n\n\n<p><em>Kanaka | Person:<\/em> Kalapana; Kaipalaoa<\/p>\n\n\n\n<p><strong>K\u016bmole | Source(s)<\/strong><\/p>\n\n\n\n<p><a href=\"https:\/\/ulukau.org\/ulukau-books\/?a=d&amp;d=EBOOK-KALAPANA.2.2.1&amp;e=-------en-20--1--txt-txPT-----------\">Mo\u02bbolelo Hawai\u02bbi o Kalapana. Hilo, Hale Kuamo\u02bbo, 1994. Ulukau: The Hawaiian Electronic Library.<\/a><\/p>\n\n\n\n<p>Pukui, Mary Kawena, and Samuel H. (Samuel Hoyt) Elbert. <em>Hawaiian Dictionary\u202f: Hawaiian-English, English-Hawaiian<\/em>. Rev. and enl. Ed. Honolulu: University of Hawaii Press, 1986.<\/p>\n\n\n\n<p><a href=\"https:\/\/ulukau.org\/ulukau-books\/?a=d&amp;d=EBOOK-QLCC2.2.1.1&amp;e=-------haw-20--1--txt-txPT-----------\">Pukui, Mary Kawena, E.W. Haertig and Catherine A. Lee. <em>N\u0101n\u0101 i ke kumu. Vol. II. <\/em>Honolulu: Hui H\u0101nai, 1972. Ulukau: The Hawaiian Electronic Library. (pages 218-219)<\/a><\/p>\n\n\n\n<p><strong>Ho\u02bbopili \u02bbia i | Applied to:\u00a0<\/strong><a href=\"https:\/\/uhawaii-manoa.primo.exlibrisgroup.com\/permalink\/01UHAWAII_MANOA\/1rbop20\/cdi_proquest_journals_1954699205\">Pale \u2018o luna, pale \u2018o lalo: he k\u0101lailaina i n\u0101 hi\u2018ohi\u2018ona ho\u2018op\u0101p\u0101 i pa\u2018a ma ka mo\u2018olelo Hawai\u2018i o Kapalana a me n\u0101 mana mo\u2018olelo e pili p\u016b ana<\/a><\/p>\n\n\n\n<p><strong>Mea haku | Created by:<\/strong><strong>\u00a0<\/strong>Keahiahi Long; Annemarie Paikai<\/p>\n","protected":false},"excerpt":{"rendered":"<p>Inoa | Name(s) Ho\u02bbop\u0101p\u0101 H\u014d\u02bbulu\u02bbulu mana\u02bbo \u02bbO ka ho\u02bbop\u0101p\u0101 he \u02bbano ho\u02bbok\u016bk\u016b \u02bb\u014dlelo ma waena o k\u0101naka e h\u014d\u02bbike ai i ko l\u0101kou na\u02bbauao a akamai n\u014d paha ma o ka \u02bb\u014dlelo. \u02bbIke \u02bbia ke \u02bbano o k\u0113ia hana, \u02bbo &hellip; <\/p>\n","protected":false},"author":216,"featured_media":0,"parent":878,"menu_order":19,"comment_status":"closed","ping_status":"closed","template":"","meta":{"footnotes":""},"class_list":["post-1713","page","type-page","status-publish","hentry"],"_links":{"self":[{"href":"https:\/\/www.hawaii.edu\/kawaihapai\/wp-json\/wp\/v2\/pages\/1713","targetHints":{"allow":["GET"]}}],"collection":[{"href":"https:\/\/www.hawaii.edu\/kawaihapai\/wp-json\/wp\/v2\/pages"}],"about":[{"href":"https:\/\/www.hawaii.edu\/kawaihapai\/wp-json\/wp\/v2\/types\/page"}],"author":[{"embeddable":true,"href":"https:\/\/www.hawaii.edu\/kawaihapai\/wp-json\/wp\/v2\/users\/216"}],"replies":[{"embeddable":true,"href":"https:\/\/www.hawaii.edu\/kawaihapai\/wp-json\/wp\/v2\/comments?post=1713"}],"version-history":[{"count":3,"href":"https:\/\/www.hawaii.edu\/kawaihapai\/wp-json\/wp\/v2\/pages\/1713\/revisions"}],"predecessor-version":[{"id":2933,"href":"https:\/\/www.hawaii.edu\/kawaihapai\/wp-json\/wp\/v2\/pages\/1713\/revisions\/2933"}],"up":[{"embeddable":true,"href":"https:\/\/www.hawaii.edu\/kawaihapai\/wp-json\/wp\/v2\/pages\/878"}],"wp:attachment":[{"href":"https:\/\/www.hawaii.edu\/kawaihapai\/wp-json\/wp\/v2\/media?parent=1713"}],"curies":[{"name":"wp","href":"https:\/\/api.w.org\/{rel}","templated":true}]}}