  {"id":1711,"date":"2023-11-28T09:02:41","date_gmt":"2023-11-28T19:02:41","guid":{"rendered":"https:\/\/www.hawaii.edu\/kawaihapai\/?page_id=1711"},"modified":"2024-09-04T08:26:09","modified_gmt":"2024-09-04T18:26:09","slug":"ho%ca%bbona%ca%bbauao","status":"publish","type":"page","link":"https:\/\/www.hawaii.edu\/kawaihapai\/hana-list\/ho%ca%bbona%ca%bbauao\/","title":{"rendered":"Ho\u02bbona\u02bbauao"},"content":{"rendered":"\n<p><strong>Inoa | Name(s)<\/strong><\/p>\n\n\n\n<p>Ho\u02bbona\u02bbauao<\/p>\n\n\n\n<p><strong>H\u014d\u02bbulu\u02bbulu mana\u02bbo<\/strong><\/p>\n\n\n\n<p>\u02bbO ka ho\u02bbona\u02bbauao ke hana a \u02bboihana paha o ka ho\u02bboilina o ka \u02bbike mai ke kumu a loea paha i ka mea \u02bbimi na\u02bbauao, \u02bbo ia ho\u02bbi ka haum\u0101na. \u02bbO ka ho\u02bboilina o ka \u02bbike ma ke kumu i ka haum\u0101na he hana kahiko loa ia, a loli akula ke \u02bbano o ka ho\u02bbona\u02bbauao \u02bbana ma o n\u0101 kula i ho\u02bbokumu \u02bbia ma Hawai\u02bbi no ke a\u02bbo \u02bbana i ke k\u0101kau a heluhelu \u02bbana. \u02bbO kekahi kula kaulana loa \u02bbo ia \u02bbo Lahainaluna, kekahi o n\u0101 kula mua i ho\u02bbokumu \u02bbia ma Hawai\u02bbi. No k\u0113ia kula, \u02bb\u014dlelo \u02bbia \u201cKa ipukukui pio\u02bbole o Kaua\u02bbula\u201d ma muli o ka nui o n\u0101 kanaka akamai i ho\u02bbona\u02bbauao \u02bbia ma laila. I k\u0113ia l\u0101, laha n\u0101 kula o Hawai\u02bbi mai ka pae kamali\u02bbi a i ka pae kulanui, a ma laila kahi o ka hana ho\u02bbona\u02bbauao.<\/p>\n\n\n\n<p><strong>Description<\/strong><\/p>\n\n\n\n<p>Education is the transference of knowledge from kumu or expert to a haumana. Knowledge transference is an old practice, and the way that knowledge is taught has changed through the schools that were set up to teach things like writing and reading. One of the most famous schools is Lahainaluna, one of the first schools to be established in Hawai\u02bbi. Of this school it is said, \u201cKa ipukuki pio\u02bbole o Kaua\u02bbula\u201d for the many Hawaiian leaders who were taught there. Today, there are many schools from preschool to universities, and is most often what we associate with education today.<\/p>\n\n\n\n<p><strong>\u02bb\u014clelo kuhikuhi<\/strong><\/p>\n\n\n\n<p>E koho i k\u0113ia hua\u02bb\u014dlelo no n\u0101 kumuwaiwai pili i ka ho\u02bbona\u02bbauao \u02bbana o ka w\u0101 kahiko a i k\u0113ia l\u0101. He mau la\u02bbana, \u02bbo ia n\u0101 mo\u02bbolelo no n\u0101 kula like \u02bbole a no ke \u02bbano o ka ho\u02bbona\u02bbauao \u02bbana aku.<\/p>\n\n\n\n<p><strong>Instructions&nbsp;<\/strong><\/p>\n\n\n\n<p>Use this term for resources related to education from traditional times through today. This includes histories and materials regarding contemporary schools as well as the way that knowledge was passed down.<\/p>\n\n\n\n<p><strong>\u02bb\u0100ina | Land\/sea:\u00a0<\/strong><a href=\"https:\/\/www.hawaii.edu\/kawaihapai\/lahaina\/\">L\u0101hain\u0101<\/a>; M\u0101noa; <a href=\"https:\/\/www.hawaii.edu\/kawaihapai\/ka-pae-\u02bbaina-o-hawai\u02bbi-na-kai-\u02bbewalu\/hawai\u02bbi\/hilo\/\">Hilo<\/a><\/p>\n\n\n\n<p><strong>K\u016bkulu | Built environment:<\/strong> H\u0101lau; Hale kula; Hale pule<\/p>\n\n\n\n<p><strong>K\u016blana | Title\/rank<\/strong>: Kumu; Loea; Haumana<\/p>\n\n\n\n<p><strong>K\u016bmole | Source(s)<\/strong><\/p>\n\n\n\n<p>Pukui, Mary Kawena, E.W. Haertig and Catherine A. Lee. <em>N\u0101n\u0101 i ke kumu<\/em>. Honolulu: Hui H\u0101nai, 1972. Ulukau: The Hawaiian Electronic Library.<\/p>\n\n\n\n<p><strong>Ho\u02bbopili \u02bbia i | Applied to:&nbsp;<\/strong><a href=\"https:\/\/hdl.handle.net\/10524\/68265\">Hawaii. Papa Hoonaauao (Board of Education)<\/a>; <a href=\"https:\/\/uhawaii-manoa.primo.exlibrisgroup.com\/permalink\/01UHAWAII_MANOA\/11uc19p\/alma9947216224605682\">The power of the steel-tipped pen<\/a><\/p>\n\n\n\n<p><strong>Mea haku | Created by:<\/strong><strong>&nbsp;<\/strong>Keahiahi Long; Annemarie Paikai<\/p>\n","protected":false},"excerpt":{"rendered":"<p>Inoa | Name(s) Ho\u02bbona\u02bbauao H\u014d\u02bbulu\u02bbulu mana\u02bbo \u02bbO ka ho\u02bbona\u02bbauao ke hana a \u02bboihana paha o ka ho\u02bboilina o ka \u02bbike mai ke kumu a loea paha i ka mea \u02bbimi na\u02bbauao, \u02bbo ia ho\u02bbi ka haum\u0101na. \u02bbO ka ho\u02bboilina o &hellip; <\/p>\n","protected":false},"author":216,"featured_media":0,"parent":878,"menu_order":18,"comment_status":"closed","ping_status":"closed","template":"","meta":{"footnotes":""},"class_list":["post-1711","page","type-page","status-publish","hentry"],"_links":{"self":[{"href":"https:\/\/www.hawaii.edu\/kawaihapai\/wp-json\/wp\/v2\/pages\/1711","targetHints":{"allow":["GET"]}}],"collection":[{"href":"https:\/\/www.hawaii.edu\/kawaihapai\/wp-json\/wp\/v2\/pages"}],"about":[{"href":"https:\/\/www.hawaii.edu\/kawaihapai\/wp-json\/wp\/v2\/types\/page"}],"author":[{"embeddable":true,"href":"https:\/\/www.hawaii.edu\/kawaihapai\/wp-json\/wp\/v2\/users\/216"}],"replies":[{"embeddable":true,"href":"https:\/\/www.hawaii.edu\/kawaihapai\/wp-json\/wp\/v2\/comments?post=1711"}],"version-history":[{"count":3,"href":"https:\/\/www.hawaii.edu\/kawaihapai\/wp-json\/wp\/v2\/pages\/1711\/revisions"}],"predecessor-version":[{"id":3041,"href":"https:\/\/www.hawaii.edu\/kawaihapai\/wp-json\/wp\/v2\/pages\/1711\/revisions\/3041"}],"up":[{"embeddable":true,"href":"https:\/\/www.hawaii.edu\/kawaihapai\/wp-json\/wp\/v2\/pages\/878"}],"wp:attachment":[{"href":"https:\/\/www.hawaii.edu\/kawaihapai\/wp-json\/wp\/v2\/media?parent=1711"}],"curies":[{"name":"wp","href":"https:\/\/api.w.org\/{rel}","templated":true}]}}