  {"id":1701,"date":"2023-11-28T08:58:21","date_gmt":"2023-11-28T18:58:21","guid":{"rendered":"https:\/\/www.hawaii.edu\/kawaihapai\/?page_id=1701"},"modified":"2024-09-04T08:07:03","modified_gmt":"2024-09-04T18:07:03","slug":"hanai-holoholona","status":"publish","type":"page","link":"https:\/\/www.hawaii.edu\/kawaihapai\/hana-list\/hanai-holoholona\/","title":{"rendered":"H\u0101nai holoholona"},"content":{"rendered":"\n<p><strong>Inoa | Name(s)<\/strong><\/p>\n\n\n\n<p>H\u0101nai holoholona; Hana kahu pipi<\/p>\n\n\n\n<p><strong>H\u014d\u02bbulu\u02bbulu mana\u02bbo<\/strong><\/p>\n\n\n\n<p>\u02bbO ka hana kahu pipi ka hana o n\u0101 limahana a me n\u0101 paniolo ma n\u0101 wahi h\u0101nai holoholona ma Hawai\u02bbi. Ho\u02bbomaka \u02bbia n\u0101 wahi h\u0101nai holoholona mua ma ka mokupuni o Hawai\u02bbi ma kahi o ka makahiki 1835 no ka h\u0101nai \u02bbana i n\u0101 pipi \u02bb\u0101hiu ma laila. H\u0101nai \u02bbia n\u0101 pipi no ke k\u016b\u02bbai aku \u02bbana i ka \u02bbi\u02bbo a me ka \u02bbili a h\u0101nai p\u016b \u02bbia n\u0101 hipa no kona hulu. \u02bbO John Parker kekahi o n\u0101 kahu pipi mua ma Hawai\u02bbi a \u02bbo Parker Ranch ma Waimea k\u0101na wahi h\u0101nai holoholona kaulana loa a i k\u0113ia l\u0101.<\/p>\n\n\n\n<p><strong>Description<\/strong><\/p>\n\n\n\n<p>Ranchers and paniolo are who cultivated ranching work in Hawai\u02bbi. The first ranches were established on the island of Hawai\u02bbi around 1835 for the purpose of raising wild cattle. They were raised and then sold for their meat and the hides and later sheep were also raised for their wool. John Parker is one of the first ranchers in Hawai\u02bbi who established Parker Ranch in Waimea which exists through today.<\/p>\n\n\n\n<p><strong>\u02bb\u014clelo kuhikuhi<\/strong><\/p>\n\n\n\n<p>E koho i k\u0113ia hua\u02bb\u014dlelo no n\u0101 kumuwaiwai pili i ka hana kahu pipi.<\/p>\n\n\n\n<p><strong>Instructions&nbsp;<\/strong><\/p>\n\n\n\n<p>Use this term for resources related to ranching in Hawai\u02bbi.<\/p>\n\n\n\n<p><strong>Mo\u02bbok\u016b\u02bbauhau | Genealogy&nbsp;<\/strong><\/p>\n\n\n\n<p><em>Kanaka | Person:<\/em> John Parker<\/p>\n\n\n\n<p><strong>\u02bb\u0100ina | Land\/sea:&nbsp;<\/strong>Waimea<\/p>\n\n\n\n<p><strong>Hana | Practice:<\/strong> <a href=\"https:\/\/www.hawaii.edu\/kawaihapai\/hana-list\/hana-paniolo\/\">Hana paniolo<\/a><\/p>\n\n\n\n<p><strong>K\u016bmole | Source(s)<\/strong><\/p>\n\n\n\n<p>Langlas, Charles M. \u201cA History of Ranching Operations in the Saddle Region of Hawai\u2019i Island.\u201d&nbsp;<em>The Hawaiian Journal of History<\/em>&nbsp;56, no. 1 (2022): 113\u201341. doi:10.1353\/hjh.2022.a907634.<\/p>\n\n\n\n<p>Pukui, Mary Kawena, and Samuel H. (Samuel Hoyt) Elbert. <em>Hawaiian Dictionary\u202f: Hawaiian-English, English-Hawaiian<\/em>. Rev. and enl. Ed. Honolulu: University of Hawaii Press, 1986.<\/p>\n\n\n\n<p><strong>Ho\u02bbopili \u02bbia i | Applied to:&nbsp;<\/strong><a href=\"https:\/\/uhawaii-manoa.primo.exlibrisgroup.com\/permalink\/01UHAWAII_MANOA\/1rbop20\/cdi_jstor_books_j_ctv1f9pw39_6\">Rodeo as Refuge, Rodeo as Rebellion. They wear a lei and a large handkerchief: ranching, rodeos, and pa\u02bbu riding in Hawai\u02bbi<\/a>; <a href=\"https:\/\/uhawaii-manoa.primo.exlibrisgroup.com\/permalink\/01UHAWAII_MANOA\/11uc19p\/alma9910954867305681\">Pau Hana Years. Ranching on Kaho\u02bbolawe<\/a><\/p>\n\n\n\n<p><strong>Mea haku | Created by:<\/strong><strong>&nbsp;<\/strong>Keahiahi Long; Annemarie Paikai<\/p>\n","protected":false},"excerpt":{"rendered":"<p>Inoa | Name(s) H\u0101nai holoholona; Hana kahu pipi H\u014d\u02bbulu\u02bbulu mana\u02bbo \u02bbO ka hana kahu pipi ka hana o n\u0101 limahana a me n\u0101 paniolo ma n\u0101 wahi h\u0101nai holoholona ma Hawai\u02bbi. Ho\u02bbomaka \u02bbia n\u0101 wahi h\u0101nai holoholona mua ma ka &hellip; <\/p>\n","protected":false},"author":216,"featured_media":0,"parent":878,"menu_order":12,"comment_status":"closed","ping_status":"closed","template":"","meta":{"footnotes":""},"class_list":["post-1701","page","type-page","status-publish","hentry"],"_links":{"self":[{"href":"https:\/\/www.hawaii.edu\/kawaihapai\/wp-json\/wp\/v2\/pages\/1701","targetHints":{"allow":["GET"]}}],"collection":[{"href":"https:\/\/www.hawaii.edu\/kawaihapai\/wp-json\/wp\/v2\/pages"}],"about":[{"href":"https:\/\/www.hawaii.edu\/kawaihapai\/wp-json\/wp\/v2\/types\/page"}],"author":[{"embeddable":true,"href":"https:\/\/www.hawaii.edu\/kawaihapai\/wp-json\/wp\/v2\/users\/216"}],"replies":[{"embeddable":true,"href":"https:\/\/www.hawaii.edu\/kawaihapai\/wp-json\/wp\/v2\/comments?post=1701"}],"version-history":[{"count":3,"href":"https:\/\/www.hawaii.edu\/kawaihapai\/wp-json\/wp\/v2\/pages\/1701\/revisions"}],"predecessor-version":[{"id":3034,"href":"https:\/\/www.hawaii.edu\/kawaihapai\/wp-json\/wp\/v2\/pages\/1701\/revisions\/3034"}],"up":[{"embeddable":true,"href":"https:\/\/www.hawaii.edu\/kawaihapai\/wp-json\/wp\/v2\/pages\/878"}],"wp:attachment":[{"href":"https:\/\/www.hawaii.edu\/kawaihapai\/wp-json\/wp\/v2\/media?parent=1701"}],"curies":[{"name":"wp","href":"https:\/\/api.w.org\/{rel}","templated":true}]}}