  {"id":1697,"date":"2023-11-28T08:56:35","date_gmt":"2023-11-28T18:56:35","guid":{"rendered":"https:\/\/www.hawaii.edu\/kawaihapai\/?page_id=1697"},"modified":"2024-09-04T08:02:59","modified_gmt":"2024-09-04T18:02:59","slug":"hana-lei-pupu","status":"publish","type":"page","link":"https:\/\/www.hawaii.edu\/kawaihapai\/hana-list\/hana-lei-pupu\/","title":{"rendered":"Hana lei p\u016bp\u016b"},"content":{"rendered":"\n<p><strong>Inoa | Name(s)<\/strong><\/p>\n\n\n\n<p>Hana lei p\u016bp\u016b<\/p>\n\n\n\n<p><strong>H\u014d\u02bbulu\u02bbulu mana\u02bbo<\/strong><\/p>\n\n\n\n<p>\u02bbO ka hana lei p\u016bp\u016b \u02bbo ia ke kui \u02bbana n\u014d paha o n\u0101 p\u016bp\u016b no ke kai i lei e komo ai. \u02bbO ka lei p\u016bp\u016b kaulana loa, \u02bbo ia ka lei p\u016bp\u016b no Ni\u02bbihau a me Kaua\u02bbi. \u02bbO ke Kahelelani a me ka Momi kekahi mau la\u02bbana \u02bbo k\u0113ia \u02bbano p\u016bp\u016b.<\/p>\n\n\n\n<p><strong>Description<\/strong><\/p>\n\n\n\n<p>Shell lei making is the practice of stringing shells into lei to be worn. Perhaps the most famous of these being the Ni\u02bbihau shell lei of Ni\u02bbihau and Kaua\u02bbi. Kahelelani and Momi are examples of Ni\u02bbihau shells used for this kind of lei.<\/p>\n\n\n\n<p><strong>\u02bb\u014clelo kuhikuhi<\/strong><\/p>\n\n\n\n<p>E koho i k\u0113ia hua\u02bb\u014dlelo no n\u0101 kumuwaiwai pili i ke kui \u02bbana i lei p\u016bp\u016b.<\/p>\n\n\n\n<p><strong>Instructions&nbsp;<\/strong><\/p>\n\n\n\n<p>Use this term for resources related to shell lei making.<\/p>\n\n\n\n<p><strong>\u02bb\u0100ina | Land\/sea:&nbsp;<\/strong>Ni\u02bbihau; Kaua\u02bbi<\/p>\n\n\n\n<p><strong>Hana | Practice:<\/strong> <a href=\"https:\/\/www.hawaii.edu\/kawaihapai\/hana-list\/hana-lei\/\">Hana lei;<\/a> <a href=\"https:\/\/www.hawaii.edu\/kawaihapai\/hana-list\/hula\/\">Hula<\/a><\/p>\n\n\n\n<p><strong>Lako | Materials + tools \/ implements:<\/strong> Kui; Kahelelani; Momi; P\u016bp\u016b Ni\u02bbihau; K\u016bpe\u02bbe<\/p>\n\n\n\n<p><strong>K\u016bmole | Source(s)<\/strong><\/p>\n\n\n\n<p>Pukui, Mary Kawena, and Samuel H. (Samuel Hoyt) Elbert. <em>Hawaiian Dictionary\u202f: Hawaiian-English, English-Hawaiian<\/em>. Rev. and enl. Ed. Honolulu: University of Hawaii Press, 1986.<\/p>\n\n\n\n<p><strong>Ho\u02bbopili \u02bbia i | Applied to:&nbsp;<\/strong><a href=\"https:\/\/uhawaii-manoa.primo.exlibrisgroup.com\/permalink\/01UHAWAII_MANOA\/11uc19p\/alma9921000024605682\">Pu\u0304pu\u0304 \u02bbo Ni\u02bbihau = Shell leis of Ni\u02bbihau<\/a>; <a href=\"https:\/\/uhawaii-manoa.primo.exlibrisgroup.com\/permalink\/01UHAWAII_MANOA\/11uc19p\/alma9910297759605681\">Kaleipua Pahulehua<\/a><\/p>\n\n\n\n<p><strong>Mea haku | Created by:<\/strong><strong>&nbsp;<\/strong>Keahiahi Long; Annemarie Paikai<\/p>\n","protected":false},"excerpt":{"rendered":"<p>Inoa | Name(s) Hana lei p\u016bp\u016b H\u014d\u02bbulu\u02bbulu mana\u02bbo \u02bbO ka hana lei p\u016bp\u016b \u02bbo ia ke kui \u02bbana n\u014d paha o n\u0101 p\u016bp\u016b no ke kai i lei e komo ai. \u02bbO ka lei p\u016bp\u016b kaulana loa, \u02bbo ia ka &hellip; <\/p>\n","protected":false},"author":216,"featured_media":0,"parent":878,"menu_order":10,"comment_status":"closed","ping_status":"closed","template":"","meta":{"footnotes":""},"class_list":["post-1697","page","type-page","status-publish","hentry"],"_links":{"self":[{"href":"https:\/\/www.hawaii.edu\/kawaihapai\/wp-json\/wp\/v2\/pages\/1697","targetHints":{"allow":["GET"]}}],"collection":[{"href":"https:\/\/www.hawaii.edu\/kawaihapai\/wp-json\/wp\/v2\/pages"}],"about":[{"href":"https:\/\/www.hawaii.edu\/kawaihapai\/wp-json\/wp\/v2\/types\/page"}],"author":[{"embeddable":true,"href":"https:\/\/www.hawaii.edu\/kawaihapai\/wp-json\/wp\/v2\/users\/216"}],"replies":[{"embeddable":true,"href":"https:\/\/www.hawaii.edu\/kawaihapai\/wp-json\/wp\/v2\/comments?post=1697"}],"version-history":[{"count":3,"href":"https:\/\/www.hawaii.edu\/kawaihapai\/wp-json\/wp\/v2\/pages\/1697\/revisions"}],"predecessor-version":[{"id":3031,"href":"https:\/\/www.hawaii.edu\/kawaihapai\/wp-json\/wp\/v2\/pages\/1697\/revisions\/3031"}],"up":[{"embeddable":true,"href":"https:\/\/www.hawaii.edu\/kawaihapai\/wp-json\/wp\/v2\/pages\/878"}],"wp:attachment":[{"href":"https:\/\/www.hawaii.edu\/kawaihapai\/wp-json\/wp\/v2\/media?parent=1697"}],"curies":[{"name":"wp","href":"https:\/\/api.w.org\/{rel}","templated":true}]}}