  {"id":1695,"date":"2023-11-28T08:54:39","date_gmt":"2023-11-28T18:54:39","guid":{"rendered":"https:\/\/www.hawaii.edu\/kawaihapai\/?page_id=1695"},"modified":"2024-09-04T08:01:21","modified_gmt":"2024-09-04T18:01:21","slug":"hana-lei","status":"publish","type":"page","link":"https:\/\/www.hawaii.edu\/kawaihapai\/hana-list\/hana-lei\/","title":{"rendered":"Hana lei"},"content":{"rendered":"\n<p><strong>Inoa | Name(s)<\/strong><\/p>\n\n\n\n<p>Hana lei<\/p>\n\n\n\n<p><strong>H\u014d\u02bbulu\u02bbulu mana\u02bbo<\/strong><\/p>\n\n\n\n<p>\u02bbO ka hana lei, he hana \u02bbike ku\u02bbuna ia e mau ana a i k\u0113ia l\u0101. Nui n\u0101 \u02bbano o n\u0101 lei i hana\u02bbia e like me ke kui pololei, ke kui poepoe, ka wili, ka haku, ka hili, ka humupapa, ka hilo a me kekahi mau \u02bbano \u02bb\u0113 a\u02bbe n\u014d paha. Aia ke \u02bbano o ka lei i ke \u02bbano o ka mea e ho\u02bbohana \u02bbia nei. Nui p\u016b n\u0101 \u02bbano mea i ho\u02bbohana \u02bbia no ka hana lei \u02bbana e like ho\u02bbi me ka pua, ka limu, ka p\u016bp\u016b, ka hulu, ka palai, ka lau, ka \u02bb\u014dhi\u02bba, a me n\u0101 mea he nui \u02bb\u0113 a\u02bbe. \u02bbO ka lei kahi mea e makana ai a e komo ai i mea e k\u0101hiko \u02bbia ka mea komo i n\u0101 kinolau o ka \u02bb\u0101ina.<\/p>\n\n\n\n<p><strong>Description<\/strong><\/p>\n\n\n\n<p>Lei making is a cultural practice that continues through today. There are many styles of lei such as kui pololei, kui poepoe, wili, haku, hili, humupapa, hilo, and other styles as well. The style is often dependent on the material being used to make the lei. There are many different kinds of materials used to make lei such as pua, limu, p\u016bp\u016b, hulu, palai, lau, \u02bb\u014dhi\u02bba, and many other materials. A lei is something that adorns the wearer with the kinolau of the land.<\/p>\n\n\n\n<p><strong>\u02bb\u014clelo kuhikuhi<\/strong><\/p>\n\n\n\n<p>E koho i k\u0113ia hua\u02bb\u014dlelo no n\u0101 kumuwaiwai pili i ka hana lei \u02bbana.<\/p>\n\n\n\n<p><strong>Instructions&nbsp;<\/strong><\/p>\n\n\n\n<p>Use this term for resources related to making lei.<\/p>\n\n\n\n<p><strong>Hana | Practice:<\/strong> <a href=\"https:\/\/www.hawaii.edu\/kawaihapai\/hana-list\/hana-lei-pupu\/\">Hana lei p\u016bp\u016b<\/a>; <a href=\"https:\/\/www.hawaii.edu\/kawaihapai\/hana-list\/hula\/\">Hula<\/a><\/p>\n\n\n\n<p><strong>Lako | Materials + tools \/ implements:<\/strong> Kui; Pua; Palapalai; Hau; \u02bbAha; P\u0101\u02bb\u0101 p\u0101ma; Hulu; L\u0101\u02bb\u012b; Limu; P\u016bp\u016b ; \u014chi\u02bba; Lau<\/p>\n\n\n\n<p><strong>K\u016bmole | Source(s)<\/strong><\/p>\n\n\n\n<p>Pukui, Mary Kawena, and Samuel H. (Samuel Hoyt) Elbert. <em>Hawaiian Dictionary\u202f: Hawaiian-English, English-Hawaiian<\/em>. Rev. and enl. Ed. Honolulu: University of Hawaii Press, 1986.<\/p>\n\n\n\n<p>Young, David G. (David Gourlay).&nbsp;<em>N\u0101 Mea Makamae\u202f: Hawaiian Treasures<\/em>. Kailua-Kona, Hawai\u02bbi: Palapala Press, 1999.<\/p>\n\n\n\n<p><strong>Ho\u02bbopili \u02bbia i | Applied to:&nbsp;<\/strong><a href=\"https:\/\/uhawaii-manoa.primo.exlibrisgroup.com\/permalink\/01UHAWAII_MANOA\/11uc19p\/alma9910916152605681\">M\u0101naleo. La\u0304 Lei<\/a><\/p>\n\n\n\n<p><strong>Mea haku | Created by:<\/strong><strong>\u00a0<\/strong>Keahiahi Long; Annemarie Paikai<\/p>\n","protected":false},"excerpt":{"rendered":"<p>Inoa | Name(s) Hana lei H\u014d\u02bbulu\u02bbulu mana\u02bbo \u02bbO ka hana lei, he hana \u02bbike ku\u02bbuna ia e mau ana a i k\u0113ia l\u0101. Nui n\u0101 \u02bbano o n\u0101 lei i hana\u02bbia e like me ke kui pololei, ke kui poepoe, &hellip; <\/p>\n","protected":false},"author":216,"featured_media":0,"parent":878,"menu_order":9,"comment_status":"closed","ping_status":"closed","template":"","meta":{"footnotes":""},"class_list":["post-1695","page","type-page","status-publish","hentry"],"_links":{"self":[{"href":"https:\/\/www.hawaii.edu\/kawaihapai\/wp-json\/wp\/v2\/pages\/1695","targetHints":{"allow":["GET"]}}],"collection":[{"href":"https:\/\/www.hawaii.edu\/kawaihapai\/wp-json\/wp\/v2\/pages"}],"about":[{"href":"https:\/\/www.hawaii.edu\/kawaihapai\/wp-json\/wp\/v2\/types\/page"}],"author":[{"embeddable":true,"href":"https:\/\/www.hawaii.edu\/kawaihapai\/wp-json\/wp\/v2\/users\/216"}],"replies":[{"embeddable":true,"href":"https:\/\/www.hawaii.edu\/kawaihapai\/wp-json\/wp\/v2\/comments?post=1695"}],"version-history":[{"count":3,"href":"https:\/\/www.hawaii.edu\/kawaihapai\/wp-json\/wp\/v2\/pages\/1695\/revisions"}],"predecessor-version":[{"id":3029,"href":"https:\/\/www.hawaii.edu\/kawaihapai\/wp-json\/wp\/v2\/pages\/1695\/revisions\/3029"}],"up":[{"embeddable":true,"href":"https:\/\/www.hawaii.edu\/kawaihapai\/wp-json\/wp\/v2\/pages\/878"}],"wp:attachment":[{"href":"https:\/\/www.hawaii.edu\/kawaihapai\/wp-json\/wp\/v2\/media?parent=1695"}],"curies":[{"name":"wp","href":"https:\/\/api.w.org\/{rel}","templated":true}]}}