  {"id":1677,"date":"2023-11-28T08:25:29","date_gmt":"2023-11-28T18:25:29","guid":{"rendered":"https:\/\/www.hawaii.edu\/kawaihapai\/?page_id=1677"},"modified":"2024-09-03T17:19:39","modified_gmt":"2024-09-04T03:19:39","slug":"poli%ca%bbahu","status":"publish","type":"page","link":"https:\/\/www.hawaii.edu\/kawaihapai\/akua-list\/poli%ca%bbahu\/","title":{"rendered":"Poli\u02bbahu"},"content":{"rendered":"\n<p><strong>Inoa | Name(s)<\/strong><\/p>\n\n\n\n<p>Poli\u02bbahu<\/p>\n\n\n\n<p><strong>H\u014d\u02bbulu\u02bbulu mana\u02bbo<\/strong><\/p>\n\n\n\n<p>\u02bbO Poli\u02bbahu ke akua wahine e noho ana ma Maunakea. Kaulana \u02bbo ia no kona kapa hau, e uhi ana i ka mauna. \u02bb\u014clelo \u02bbia \u201cPoli\u02bbahu, ka wahine ke kapa hau anu o Mauna Kea<sup>1<\/sup>,\u201d no kona kinolau, \u02bbo ka hau anu, a me kona wahi noho, ka mauna ki\u02bbeki\u02bbe loa ma Hawai\u02bbi.<\/p>\n\n\n\n<p>\u02bbO L\u012bl\u012bnoe, Waiau, a me Kahoupok\u0101ne kona mau kaikaina e noho p\u016b ana ma Maunakea me ia.<\/p>\n\n\n\n<p>Aia he mau mo\u02bbolelo e pili ana i\u0101 ia. Ma ka mo\u02bbolelo \u02bbo L\u0101\u02bbieikawai, he pilina aloha k\u0101na me ke ali\u02bbi \u02bbo \u02bbAiwohik\u016bpua no Kaua\u02bbi. Ha\u02bbalele \u02bbo \u02bbAiwohik\u016bpua i\u0101 Poli\u02bbahu no Hinaikam\u0101lama no H\u0101na ma muli \u02bbo k\u0101na ho\u02bbohiki me Hinaikam\u0101lama e male kekahi. Ma muli o kona h\u016bh\u016b, ku\u02bbu ihola \u02bbo Poli\u02bbahu i ke anu a me ka wela ma luna Hinaikam\u0101lama a me \u02bbAiwohik\u016bpua a ho\u02bboka\u02bbawale \u02bbia l\u0101ua<sup>2<\/sup>. Ma kekahi mo\u02bbolelo kaulana p\u016b ka ho\u02bbok\u016bk\u016b he\u02bbe h\u014dlua ma waena o Poli\u02bbahu a me Pele i m\u0101lama \u02bbia ma Laup\u0101hoehoe<sup>3<\/sup>.<\/p>\n\n\n\n<p><strong>Description<\/strong><\/p>\n\n\n\n<p>Poli\u02bbahu is a Hawaiian goddes who lives on Maunakea. She is known for her blanket of snow that covers the mountain. It is said \u201cPoli\u02bbahu, ka wahine ke kapa hau anu o Mauna Kea<sup>1<\/sup>,\u201d for her natural form, snow, and her dwelling place, the highest peak on Hawai\u02bbi.<\/p>\n\n\n\n<p>L\u012bl\u012bnoe, Waiau, and Kahoupok\u0101ne are her sisters that live with her on Maunakea.<\/p>\n\n\n\n<p>There are many stories about her. In the story of L\u0101\u02bbieikawai, she is romantically involved with the chief of Kaua\u02bbi, \u02bbAiwohik\u016bpua. \u02bbAiwohik\u016bpua leaves Poli\u02bbahu for Hinaikam\u0101lama from H\u0101na because he also promised to marry Hinaikam\u0101lama. Because of her rage, Poli\u02bbahu unleashes the deep cold and the intense heat onto Hinaikam\u0101lama and \u02bbAiwohik\u016bpua until they are forced to separate<sup>2<\/sup>. In a different story, there occurs a great sledding contest between Poli\u02bbahu and Pele which takes place at Laup\u0101hoehoe<sup>3<\/sup>.<\/p>\n\n\n\n<p><strong>\u02bb\u014clelo kuhikuhi<\/strong><\/p>\n\n\n\n<p>&nbsp;E koho i k\u0113ia hua\u02bb\u014dlelo no n\u0101 kumuwaiwai pili i\u0101 Poli\u02bbahu, ke akua wahine o ka hau ma Maunakea.<\/p>\n\n\n\n<p><strong>Instructions<\/strong><\/p>\n\n\n\n<p>Use this term for resources related to Poli\u02bbahu, the goddess of snow who lives atop Maunakea.<\/p>\n\n\n\n<p><strong>Mo\u02bbok\u016b\u02bbauhau | Genealogy<\/strong><\/p>\n\n\n\n<p><em>Akua | Deity:\u00a0<\/em><a href=\"https:\/\/www.hawaii.edu\/kawaihapai\/akua-list\/lilinoe\/\">L\u012bl\u012bnoe<\/a>; Waiau; Kahoupok\u0101ne; \u02bbAiwohik\u016bpua; Hinaikam\u0101lama; <a href=\"https:\/\/www.hawaii.edu\/kawaihapai\/akua-list\/pelehonuamea\/\">Pele<\/a><\/p>\n\n\n\n<p><strong>\u02bb\u0100ina | Land\/sea:<\/strong> <a href=\"https:\/\/www.hawaii.edu\/kawaihapai\/mauna-kea\/\" data-type=\"page\" data-id=\"416\">Maunakea<\/a>; M\u0101n\u0101; Laup\u0101hoehoe; Pu\u02bbu Poli\u02bbahu (Maunakea)\u00a0<\/p>\n\n\n\n<p><strong>Hana | Practice<\/strong>: He\u02bbe h\u014dlua\u00a0<\/p>\n\n\n\n<p><strong>Kinolau | Form<\/strong>: Hau; L\u0101<\/p>\n\n\n\n<p><strong>K\u016bmole | Source(s)<\/strong><\/p>\n\n\n\n<p>(1) Pukui, Mary Kawena. <em>\u2019Olelo No\u2019eau\u202f: Hawaiian Proverbs &amp; Poetical Sayings<\/em>. Honolulu, Hawai\u2019i: Bishop Museum Press, 1983.<\/p>\n\n\n\n<p> (2) Hale\u02bbole, S. N, and Hiko\u02bbul\u0101 Hanapi. <em>Ke ka\u02bbao o L\u0101\u02bbieikawai<\/em>. Hilo, Hawai\u02bbi: Hale Kuamo\u02bbo, Ka Haka \u02bbUla o Ke\u02bbeliok\u014dlani, 2001.<\/p>\n\n\n\n<p>(3) Westervelt, W. D. (William Drake). <em>Hawaiian Legends of Volcanoes (Mythology) Collected and Translated from the Hawaiian<\/em>. Boston, Mass: Ellis Press, 1916. pages 55-62. <\/p>\n\n\n\n<p>(4) Pukui, Mary Kawena, and Samuel H. (Samuel Hoyt) Elbert. <em>Hawaiian Dictionary\u202f: Hawaiian-English, English-Hawaiian<\/em>. Rev. and enl. Ed. Honolulu: University of Hawaii Press, 1986.<\/p>\n\n\n\n<p>(5) Westervelt, W. D. (William Drake). <em>Hawaiian Legends of Ghosts and Ghost-Gods<\/em>. Rutland, Vt: C. E. Tuttle, 1963. pages 116-151.<\/p>\n\n\n\n<p><strong><strong>Ho\u02bbopili \u02bbia i | Applied to:<\/strong><\/strong> <a href=\"https:\/\/uhawaii-manoa.primo.exlibrisgroup.com\/permalink\/01UHAWAII_MANOA\/11uc19p\/alma9928517044605682\">Pele and the snow goddess<\/a>, <a href=\"https:\/\/uhawaii-manoa.primo.exlibrisgroup.com\/discovery\/fulldisplay?docid=alma9943009664605682&amp;context=L&amp;vid=01UHAWAII_MANOA:MANOA&amp;lang=en&amp;search_scope=DN_and_CI&amp;adaptor=Local%20Search%20Engine&amp;tab=Everything&amp;query=any%2Ccontains%2CPoliahu&amp;facet=tlevel%2Cinclude%2Cavailable_p&amp;offset=0\" target=\"_blank\" rel=\"noreferrer noopener\">Poli\u02bbahu and the breadfruit trees : a short story of rivalry, friendship and compassion<\/a><\/p>\n\n\n\n<p><strong>Mea haku | Created by: <\/strong>Puaokamele Dizon; Annemarie Paikai.<\/p>\n","protected":false},"excerpt":{"rendered":"<p>Inoa | Name(s) Poli\u02bbahu H\u014d\u02bbulu\u02bbulu mana\u02bbo \u02bbO Poli\u02bbahu ke akua wahine e noho ana ma Maunakea. Kaulana \u02bbo ia no kona kapa hau, e uhi ana i ka mauna. \u02bb\u014clelo \u02bbia \u201cPoli\u02bbahu, ka wahine ke kapa hau anu o Mauna &hellip; <\/p>\n","protected":false},"author":216,"featured_media":0,"parent":925,"menu_order":22,"comment_status":"closed","ping_status":"closed","template":"","meta":{"footnotes":""},"class_list":["post-1677","page","type-page","status-publish","hentry"],"_links":{"self":[{"href":"https:\/\/www.hawaii.edu\/kawaihapai\/wp-json\/wp\/v2\/pages\/1677","targetHints":{"allow":["GET"]}}],"collection":[{"href":"https:\/\/www.hawaii.edu\/kawaihapai\/wp-json\/wp\/v2\/pages"}],"about":[{"href":"https:\/\/www.hawaii.edu\/kawaihapai\/wp-json\/wp\/v2\/types\/page"}],"author":[{"embeddable":true,"href":"https:\/\/www.hawaii.edu\/kawaihapai\/wp-json\/wp\/v2\/users\/216"}],"replies":[{"embeddable":true,"href":"https:\/\/www.hawaii.edu\/kawaihapai\/wp-json\/wp\/v2\/comments?post=1677"}],"version-history":[{"count":7,"href":"https:\/\/www.hawaii.edu\/kawaihapai\/wp-json\/wp\/v2\/pages\/1677\/revisions"}],"predecessor-version":[{"id":3011,"href":"https:\/\/www.hawaii.edu\/kawaihapai\/wp-json\/wp\/v2\/pages\/1677\/revisions\/3011"}],"up":[{"embeddable":true,"href":"https:\/\/www.hawaii.edu\/kawaihapai\/wp-json\/wp\/v2\/pages\/925"}],"wp:attachment":[{"href":"https:\/\/www.hawaii.edu\/kawaihapai\/wp-json\/wp\/v2\/media?parent=1677"}],"curies":[{"name":"wp","href":"https:\/\/api.w.org\/{rel}","templated":true}]}}