  {"id":1658,"date":"2023-11-28T08:17:53","date_gmt":"2023-11-28T18:17:53","guid":{"rendered":"https:\/\/www.hawaii.edu\/kawaihapai\/?page_id=1658"},"modified":"2024-09-03T16:01:21","modified_gmt":"2024-09-04T02:01:21","slug":"kanaloa","status":"publish","type":"page","link":"https:\/\/www.hawaii.edu\/kawaihapai\/akua-list\/kanaloa\/","title":{"rendered":"Kanaloa"},"content":{"rendered":"\n<p><strong>Inoa | Name(s)<\/strong><\/p>\n\n\n\n<p>Kanaloa<\/p>\n\n\n\n<p><strong>H\u014d\u02bbulu\u02bbulu mana\u02bbo<\/strong><\/p>\n\n\n\n<p>He akua nui \u02bbo Kanaloa. He pilina kona me ka moana, \u02bbo ia ho\u02bbi ka holo \u02bbana ma n\u0101 wa\u02bba ma ka moana. Pili p\u016b \u02bbo ia i ka lawai\u02bba a me ka loko i\u02bba. \u02bbO kona mau kinolau ka he\u02bbe, ka m\u016bhe\u02bbe, ka mai\u02bba, a me ka nai\u02bba<sup>5<\/sup>.<\/p>\n\n\n\n<p>\u02bbIke nui \u02bbia \u02bbo ia ma n\u0101 mo\u02bbolelo e huaka\u02bbi ana me ke akua \u02bbo K\u0101ne. \u02bbO k\u0101 l\u0101ua hana ma n\u0101 mo\u02bbolelo, \u02bbo ia ka huaka\u02bbi \u02bbana mai \u02bb\u014d a \u02bb\u014d ka pae \u02bb\u0101ina o Hawai\u02bbi e huli \u02bbana i wai. \u02bb\u014clelo pinepine \u02bbia no k\u0101 l\u0101ua inu \u02bbana i ka \u02bbawa ma n\u0101 mo\u02bbolelo. \u02bbO n\u0101 p\u014d mahina o K\u0101loak\u016bkahi, K\u0101loak\u016blua, a me K\u0101loak\u016bkolu no k\u0113ia akua. \u02bbO kekahi inoa no ka mokupuni o Kaho\u02bbolawe, \u02bbo ia \u02bbo Kanaloa.<\/p>\n\n\n\n<p><strong>Description<\/strong><\/p>\n\n\n\n<p>Kanaloa is a great God. He is associated with the deep ocean, and especially regarding sailing on canoes in deep ocean. He is also assocaited with fishing and fish ponds. His bodily forms include the octopus, the squid, the banana, and the porpoise<sup>5<\/sup>.<\/p>\n\n\n\n<p>He is often seen in stories traveling alongside the god K\u0101ne. In these stories, they travel all over within the Hawaiian archipelago and are often seeking out water sources. They drink \u02bbawa together, and are associated with it.The moon phases K\u0101loak\u016bkahi, K\u0101loak\u016blua, and K\u0101loak\u016bkolu are so called for this god. Another name for the island of Kaho\u02bbolawe is Kanaloa, presumably for this god as well.<\/p>\n\n\n\n<p><strong>\u02bb\u014clelo kuhikuhi<\/strong><\/p>\n\n\n\n<p>E koho i k\u0113ia hua\u02bb\u014dlelo no n\u0101 kumuwaiwai pili i ke akua \u02bbo Kanaloa. \u02bbA\u02bbole k\u0113ia ka hua\u02bb\u014dlelo no ka mokupuni o Kaho\u02bbolawe.<\/p>\n\n\n\n<p><strong>Instructions<\/strong><\/p>\n\n\n\n<p>Use this term for resources associated with the god Kanaloa. Do not use this term for the island of Kaho\u02bbolawe.<\/p>\n\n\n\n<p><strong>Mo\u02bbok\u016b\u02bbauhau | Genealogy<\/strong><\/p>\n\n\n\n<p><em>Akua | Deity:\u00a0<\/em>Anuenue<sup>2<\/sup>; <a href=\"https:\/\/www.hawaii.edu\/kawaihapai\/akua\/kane\/\" data-type=\"page\" data-id=\"1660\">K\u0101ne<sup>3<\/sup><\/a><\/p>\n\n\n\n<p><strong>\u02bb\u0100ina: | Land\/sea:<\/strong> <a href=\"https:\/\/www.hawaii.edu\/kawaihapai\/ka-pae-%ca%bbaina-o-hawai%ca%bbi-na-kai-%ca%bbewalu\/kaho%ca%bbolawe\/\" data-type=\"page\" data-id=\"669\">Kaho\u02bbolawe<sup>3<\/sup><\/a><\/p>\n\n\n\n<p><strong>Hana | Practice: <\/strong><a href=\"https:\/\/www.hawaii.edu\/kawaihapai\/hana-list\/lawai%ca%bba\/\" data-type=\"page\" data-id=\"992\">Lawai\u02bba<sup>3<\/sup>;<\/a> Lawai\u02bba loko i\u02bba<sup>4<\/sup>; K\u0101lai wa\u02bba; Ho\u02bbokele<\/p>\n\n\n\n<p><strong>Kinolau | Form:<\/strong> He\u02bbe;<sup>3<\/sup>; Kai<sup>4<\/sup>; Moana hohonu; K\u014d, \u02bbohe; Awa; Kalo; Mai\u02bba; Pua\u02bba; Niu; Wauke<\/p>\n\n\n\n<p><strong>K\u016bmole | Source(s)<\/strong><\/p>\n\n\n\n<p>(1) Pukui, Mary Kawena, and Samuel H. (Samuel Hoyt) Elbert. <em>Hawaiian Dictionary\u202f: Hawaiian-English, English-Hawaiian<\/em>. Rev. and enl. Ed. Honolulu: University of Hawaii Press, 1986.<\/p>\n\n\n\n<p>(2) Westervelt, W. D. (William Drake). <em>Hawaiian Legends of Ghosts and Ghost-Gods<\/em>. Rutland, Vt: C. E. Tuttle, 1963. pages 166-151.<\/p>\n\n\n\n<p>(3) Levin, Wayne, Rowland B Reeve, Franco Salmoiraghi, and David Ulrich. <em>Kaho\u02bbolawe\u202f: N\u0101 Leo o Kanaloa\u202f: Chants and Stories of Kaho\u02bbolawe<\/em>. Honolulu: \u02bbAi P\u014dhaku Press, 1995.<\/p>\n\n\n\n<p>(4) Kaopio, Matthew. <em>Hawaiian Family Legends<\/em>. Honolulu, Hawaii: Mutual Pub., 2003.<\/p>\n\n\n\n<p> (5) Armitage, Kimo. <em>Akua Hawai\u02bbi\u202f: Hawaiian Gods and Their Stories<\/em>. Honolulu, Hawaii: Bishop Museum Press, 2005.<\/p>\n\n\n\n<p><strong>Ho\u02bbopili \u02bbia i  |Applied to: <\/strong><a href=\"https:\/\/uhawaii-manoa.primo.exlibrisgroup.com\/permalink\/01UHAWAII_MANOA\/1rbop20\/cdi_proquest_journals_2188826490\">He huliko&#8217;a Kanaloa: seeking the depths of Kanaloa<\/a>; <a href=\"https:\/\/uhawaii-manoa.primo.exlibrisgroup.com\/permalink\/01UHAWAII_MANOA\/11uc19p\/alma9911807724605682\">Kane and Kanaloa<\/a>; <a href=\"https:\/\/uhawaii-manoa.primo.exlibrisgroup.com\/permalink\/01UHAWAII_MANOA\/11uc19p\/alma9919350264605682\">Umi, the peasant prince of Hawaii<\/a><\/p>\n\n\n\n<p><strong>Mea haku | Created by: <\/strong>Puaokamele Dizon; Annemarie Paikai<\/p>\n","protected":false},"excerpt":{"rendered":"<p>Inoa | Name(s) Kanaloa H\u014d\u02bbulu\u02bbulu mana\u02bbo He akua nui \u02bbo Kanaloa. He pilina kona me ka moana, \u02bbo ia ho\u02bbi ka holo \u02bbana ma n\u0101 wa\u02bba ma ka moana. Pili p\u016b \u02bbo ia i ka lawai\u02bba a me ka loko &hellip; <\/p>\n","protected":false},"author":216,"featured_media":0,"parent":925,"menu_order":11,"comment_status":"closed","ping_status":"closed","template":"","meta":{"footnotes":""},"class_list":["post-1658","page","type-page","status-publish","hentry"],"_links":{"self":[{"href":"https:\/\/www.hawaii.edu\/kawaihapai\/wp-json\/wp\/v2\/pages\/1658","targetHints":{"allow":["GET"]}}],"collection":[{"href":"https:\/\/www.hawaii.edu\/kawaihapai\/wp-json\/wp\/v2\/pages"}],"about":[{"href":"https:\/\/www.hawaii.edu\/kawaihapai\/wp-json\/wp\/v2\/types\/page"}],"author":[{"embeddable":true,"href":"https:\/\/www.hawaii.edu\/kawaihapai\/wp-json\/wp\/v2\/users\/216"}],"replies":[{"embeddable":true,"href":"https:\/\/www.hawaii.edu\/kawaihapai\/wp-json\/wp\/v2\/comments?post=1658"}],"version-history":[{"count":6,"href":"https:\/\/www.hawaii.edu\/kawaihapai\/wp-json\/wp\/v2\/pages\/1658\/revisions"}],"predecessor-version":[{"id":2987,"href":"https:\/\/www.hawaii.edu\/kawaihapai\/wp-json\/wp\/v2\/pages\/1658\/revisions\/2987"}],"up":[{"embeddable":true,"href":"https:\/\/www.hawaii.edu\/kawaihapai\/wp-json\/wp\/v2\/pages\/925"}],"wp:attachment":[{"href":"https:\/\/www.hawaii.edu\/kawaihapai\/wp-json\/wp\/v2\/media?parent=1658"}],"curies":[{"name":"wp","href":"https:\/\/api.w.org\/{rel}","templated":true}]}}