  {"id":1521,"date":"2023-11-15T09:51:50","date_gmt":"2023-11-15T19:51:50","guid":{"rendered":"https:\/\/www.hawaii.edu\/kawaihapai\/?page_id=1521"},"modified":"2024-05-23T11:53:12","modified_gmt":"2024-05-23T21:53:12","slug":"%ca%bbaina-domain-schema","status":"publish","type":"page","link":"https:\/\/www.hawaii.edu\/kawaihapai\/%ca%bbaina-domain-schema\/","title":{"rendered":"\u02bb\u0100ina Domain Schema"},"content":{"rendered":"\n<p>(Re)presented below are concepts, characteristics, and relationships we identified for \u02bb\u0101ina.<\/p>\n\n\n<div class=\"wp-block-image\">\n<figure class=\"aligncenter size-full is-resized\"><img loading=\"lazy\" decoding=\"async\" width=\"727\" height=\"631\" src=\"https:\/\/www.hawaii.edu\/kawaihapai\/wp-content\/uploads\/sites\/42\/2024\/05\/new-\u02bbAina-1.png\" alt=\"\" class=\"wp-image-2552\" style=\"width:582px;height:auto\" srcset=\"https:\/\/www.hawaii.edu\/kawaihapai\/wp-content\/uploads\/sites\/42\/2024\/05\/new-\u02bbAina-1.png 727w, https:\/\/www.hawaii.edu\/kawaihapai\/wp-content\/uploads\/sites\/42\/2024\/05\/new-\u02bbAina-1-300x260.png 300w\" sizes=\"auto, (max-width: 727px) 100vw, 727px\" \/><\/figure>\n<\/div>\n\n\n<h2 class=\"wp-block-heading\">Example of Relationships of a Specific \u02bb\u0100ina Term: H\u0101na<\/h2>\n\n\n\n<p>Below are aspects and relationships representative of H\u0101na, Maui. The green circles connected by arrows represent relationships to other terms within the \u02bb\u0101ina domain. The blue circles represent connections to the hana domain. The red circles represent connections to the mo\u02bbok\u016b\u02bbauhau domain. The smaller circles yellow circles represent attributes of the terms in the domain. This visualization is not a comprehensive or exhaustive representation of the many ways to understand and experience H\u0101na; rather, these aspects and relationships have been prioritized for this stage of the Hawai\u02bbi knowledge organization system development.<\/p>\n\n\n<div class=\"wp-block-image\">\n<figure class=\"aligncenter size-large is-resized\"><img loading=\"lazy\" decoding=\"async\" width=\"1024\" height=\"658\" src=\"https:\/\/www.hawaii.edu\/kawaihapai\/wp-content\/uploads\/sites\/42\/2024\/05\/Hanaviz-1024x658.png\" alt=\"\" class=\"wp-image-2556\" style=\"width:1130px;height:auto\" srcset=\"https:\/\/www.hawaii.edu\/kawaihapai\/wp-content\/uploads\/sites\/42\/2024\/05\/Hanaviz-1024x658.png 1024w, https:\/\/www.hawaii.edu\/kawaihapai\/wp-content\/uploads\/sites\/42\/2024\/05\/Hanaviz-300x193.png 300w, https:\/\/www.hawaii.edu\/kawaihapai\/wp-content\/uploads\/sites\/42\/2024\/05\/Hanaviz-768x494.png 768w, https:\/\/www.hawaii.edu\/kawaihapai\/wp-content\/uploads\/sites\/42\/2024\/05\/Hanaviz.png 1279w\" sizes=\"auto, (max-width: 1024px) 100vw, 1024px\" \/><\/figure>\n<\/div>","protected":false},"excerpt":{"rendered":"<p>(Re)presented below are concepts, characteristics, and relationships we identified for \u02bb\u0101ina. Example of Relationships of a Specific \u02bb\u0100ina Term: H\u0101na Below are aspects and relationships representative of H\u0101na, Maui. The green circles connected by arrows represent relationships to other terms &hellip; <\/p>\n","protected":false},"author":154,"featured_media":0,"parent":0,"menu_order":0,"comment_status":"closed","ping_status":"closed","template":"","meta":{"footnotes":""},"class_list":["post-1521","page","type-page","status-publish","hentry"],"_links":{"self":[{"href":"https:\/\/www.hawaii.edu\/kawaihapai\/wp-json\/wp\/v2\/pages\/1521","targetHints":{"allow":["GET"]}}],"collection":[{"href":"https:\/\/www.hawaii.edu\/kawaihapai\/wp-json\/wp\/v2\/pages"}],"about":[{"href":"https:\/\/www.hawaii.edu\/kawaihapai\/wp-json\/wp\/v2\/types\/page"}],"author":[{"embeddable":true,"href":"https:\/\/www.hawaii.edu\/kawaihapai\/wp-json\/wp\/v2\/users\/154"}],"replies":[{"embeddable":true,"href":"https:\/\/www.hawaii.edu\/kawaihapai\/wp-json\/wp\/v2\/comments?post=1521"}],"version-history":[{"count":7,"href":"https:\/\/www.hawaii.edu\/kawaihapai\/wp-json\/wp\/v2\/pages\/1521\/revisions"}],"predecessor-version":[{"id":2558,"href":"https:\/\/www.hawaii.edu\/kawaihapai\/wp-json\/wp\/v2\/pages\/1521\/revisions\/2558"}],"wp:attachment":[{"href":"https:\/\/www.hawaii.edu\/kawaihapai\/wp-json\/wp\/v2\/media?parent=1521"}],"curies":[{"name":"wp","href":"https:\/\/api.w.org\/{rel}","templated":true}]}}