  {"id":1264,"date":"2023-09-13T14:28:43","date_gmt":"2023-09-14T00:28:43","guid":{"rendered":"https:\/\/www.hawaii.edu\/kawaihapai\/?page_id=1264"},"modified":"2024-09-03T14:59:17","modified_gmt":"2024-09-04T00:59:17","slug":"haloa","status":"publish","type":"page","link":"https:\/\/www.hawaii.edu\/kawaihapai\/akua-list\/haloa\/","title":{"rendered":"H\u0101loa"},"content":{"rendered":"\n<p><strong>Inoa | Name(s)<\/strong><\/p>\n\n\n\n<p>H\u0101loa<\/p>\n\n\n\n<p><strong>H\u014d\u02bbulu\u02bbulu mana\u02bbo<\/strong><\/p>\n\n\n\n<p>He kanaka \u02bbo H\u0101loa i h\u0101nau \u02bbia na W\u0101kea l\u0101ua \u02bbo Ho\u02bboh\u014dk\u016bkalani. Ua kapa \u02bbia \u02bbo H\u0101loa no kona kaikunane i h\u0101nau \u02bbia ma mua pono ona, \u02bbo ia ho\u02bbi \u02bbo H\u0101loanakalaukapalili. H\u0101nau \u02bbia \u02bbo ia he keiki \u02bbe\u02bbepa. Kanu \u02bbia ihola k\u0113ia keiki, a mai kona lua a\u02bbe i ulu ai ke kalo mua loa.\u00a0<br>\u02bbO n\u0101 mokupuni o Hawai\u02bbi ko H\u0101loa mau kua\u02bbana na Papa l\u0101ua \u02bbo W\u0101kea. \u02bbO kona mau kua\u02bbana n\u0101 mea i ola ai ke kanaka \u02bbo H\u0101loa. \u02bbO n\u0101 mokupuni kahi a kanaka e noho ai. \u02bbO H\u0101loanakalaukapalili, \u02bbo ia ho\u02bbi ke kalo mua loa, ka mea o kanaka e \u02bbai ai. P\u0113nei e ola ai n\u0101 hanauna k\u0101naka mai ia w\u0101 a hiki i k\u0113ia w\u0101.\u00a0Ua noho p\u016b \u02bbo H\u0101loa me Hinamanoulua\u02bbe. Na l\u0101ua ke keiki h\u0101nau \u02bbo Waia ke keiki.<\/p>\n\n\n\n<p><strong>Description<\/strong><\/p>\n\n\n\n<p>H\u0101loa is a human born of W\u0101kea and Ho\u02bboh\u014dk\u016bkalani. He was named H\u0101loa after his elder brother, who was born right before him, H\u0101loanakalaukapalili. He was a stillborn. This child was buried and from his grave grew the first kalo plant.&nbsp;<br>The Hawaiian islands are H\u0101loa\u2019s elder siblings born of Papa and W\u0101kea. H\u0101loa, the human, was able to survive because of his elder siblings. The islands provided a place to live. H\u0101loanakalaukapalili, the first kalo plant, provided sustenance. Thus is the reason we have have subsequent generations of humans from that time until today. H\u0101loa lived with Hinamanoulua\u02bbe. It is said that she is a form of Haumea. Together they had a child named Waia.<\/p>\n\n\n\n<p><strong>\u02bb\u014clelo kuhikuhi<\/strong><\/p>\n\n\n\n<p>E koho i k\u0113ia hua\u02bb\u014dlelo no n\u0101 kumuwaiwai pili i\u0101 H\u0101loa, ke kanaka a ke kaikaina ho\u02bbi o H\u0101loanakalaukapalili. Ma muli o k\u0113ia pilina, koho paha \u02bbia k\u0113ia mau hua\u02bb\u014dlelo \u02bbelua no n\u0101 kumuwaiwai like.<\/p>\n\n\n\n<p><strong>Instructions<\/strong><\/p>\n\n\n\n<p>Use for resources related to H\u0101loa, the human younger sibling of H\u0101loanakalaukapalili. Often will be used alongside resources regarding their older sibling.<\/p>\n\n\n\n<p><strong>Mo\u02bbok\u016b\u02bbauhau<\/strong> | <strong>Genealogy<\/strong><\/p>\n\n\n\n<p><em>Akua | Deity<\/em>: <a href=\"https:\/\/www.hawaii.edu\/kawaihapai\/akua\/haloanakalaukapalili\/\" data-type=\"page\" data-id=\"1252\">H\u0101loanakalaukapalili<\/a>; Hinamanouluae<sup>2<\/sup><\/p>\n\n\n\n<p><em>Makua | Parent<\/em>:\u00a0<a href=\"https:\/\/www.hawaii.edu\/kawaihapai\/akua\/wakea\/\" data-type=\"page\" data-id=\"1679\">W\u0101kea<\/a><sup>1<\/sup>; Ho\u02bboh\u014dk\u016bkalani<\/p>\n\n\n\n<p><em>Keiki | Child<\/em>: Waia<sup>2<\/sup><\/p>\n\n\n\n<p><strong>\u02bb\u0100ina | Land\/sea: <\/strong><a href=\"https:\/\/www.hawaii.edu\/kawaihapai\/ka-pae-%ca%bbaina-o-hawai%ca%bbi-na-kai-%ca%bbewalu\/\" data-type=\"page\" data-id=\"757\">Pae \u02bb\u0101ina o Hawai\u02bbi<\/a>; <a href=\"https:\/\/www.hawaii.edu\/kawaihapai\/ka-pae-%ca%bbaina-o-hawai%ca%bbi-na-kai-%ca%bbewalu\/hawai%ca%bbi\/\" data-type=\"page\" data-id=\"651\">Hawai\u02bbi<\/a>; <a href=\"https:\/\/www.hawaii.edu\/kawaihapai\/ka-pae-%ca%bbaina-o-hawai%ca%bbi-na-kai-%ca%bbewalu\/maui\/\" data-type=\"page\" data-id=\"656\">Maui<\/a>; <a href=\"https:\/\/www.hawaii.edu\/kawaihapai\/ka-pae-%ca%bbaina-o-hawai%ca%bbi-na-kai-%ca%bbewalu\/moloka%ca%bbi\/\" data-type=\"page\" data-id=\"659\">Moloka\u02bbi<\/a>; <a href=\"https:\/\/www.hawaii.edu\/kawaihapai\/ka-pae-%ca%bbaina-o-hawai%ca%bbi-na-kai-%ca%bbewalu\/lana%ca%bbi\/\" data-type=\"page\" data-id=\"661\">L\u0101na\u02bbi<\/a>; <a href=\"https:\/\/www.hawaii.edu\/kawaihapai\/ka-pae-%ca%bbaina-o-hawai%ca%bbi-na-kai-%ca%bbewalu\/o%ca%bbahu\/\" data-type=\"page\" data-id=\"663\">O\u02bbahu<\/a>; <a href=\"https:\/\/www.hawaii.edu\/kawaihapai\/ka-pae-%ca%bbaina-o-hawai%ca%bbi-na-kai-%ca%bbewalu\/kaua%ca%bbi\/\" data-type=\"page\" data-id=\"665\">Kaua\u02bbi;<\/a> <a href=\"https:\/\/www.hawaii.edu\/kawaihapai\/ka-pae-%ca%bbaina-o-hawai%ca%bbi-na-kai-%ca%bbewalu\/ni%ca%bbihau\/\" data-type=\"page\" data-id=\"667\">Ni\u02bbihau<\/a>; <a href=\"https:\/\/www.hawaii.edu\/kawaihapai\/ka-pae-%ca%bbaina-o-hawai%ca%bbi-na-kai-%ca%bbewalu\/kaho%ca%bbolawe\/\" data-type=\"page\" data-id=\"669\">Kaho\u02bbolawe<\/a><\/p>\n\n\n\n<p><strong>Hana | Practice:<\/strong> <a href=\"https:\/\/www.hawaii.edu\/kawaihapai\/hana-list\/mahi-%ca%bbai-kalo\/\" data-type=\"page\" data-id=\"1733\">Mahi\u02bbai kalo<\/a><\/p>\n\n\n\n<p><strong>Kinolau | Form: <\/strong>Kalo<\/p>\n\n\n\n<p><strong>K\u016bmole | Source(s)<\/strong><\/p>\n\n\n\n<p>1. Pukui, Mary Kawena, and Samuel H. (Samuel Hoyt) Elbert. <em>Hawaiian Dictionary\u202f: Hawaiian-English, English-Hawaiian<\/em>. Rev. and enl. Ed. Honolulu: University of Hawaii Press, 1986.<\/p>\n\n\n\n<p>2. Fornander, Abraham, and Thomas G. (Thomas George) Thrum. <em>Fornander Collection of Hawaiian Antiquities and Folk-Lore\u202f: The Hawaiian Account of the Formation of Their Islands and Origin of Their Race, with the Traditions of Their Migrations, Etc.<\/em> Millwood, N.Y: Kraus Reprint, 1985. page 404.<\/p>\n\n\n\n<p><strong>Ho\u02bbopili \u02bbia i | Applied to:\u00a0<\/strong><a href=\"https:\/\/uhawaii-manoa.primo.exlibrisgroup.com\/permalink\/01UHAWAII_MANOA\/1j16209\/alma9932102864605682\">Haloa<\/a>; <a href=\"https:\/\/uhawaii-manoa.primo.exlibrisgroup.com\/permalink\/01UHAWAII_MANOA\/1j16209\/alma9951152126705682\">Finding meaning Kaona and contemporary Hawaiian literature: Chapter 3: Kaona connectivity to Papa, W\u0101kea, and H\u0101loa Naka (Chapter 3)<\/a><\/p>\n\n\n\n<p><strong>Mea haku | Created by:\u00a0<\/strong>Puaokamele Dizon<\/p>\n\n\n\n<p><strong>Mea loiloi | Edited by:<\/strong> Annemarie Paikai<\/p>\n","protected":false},"excerpt":{"rendered":"<p>Inoa | Name(s) H\u0101loa H\u014d\u02bbulu\u02bbulu mana\u02bbo He kanaka \u02bbo H\u0101loa i h\u0101nau \u02bbia na W\u0101kea l\u0101ua \u02bbo Ho\u02bboh\u014dk\u016bkalani. Ua kapa \u02bbia \u02bbo H\u0101loa no kona kaikunane i h\u0101nau \u02bbia ma mua pono ona, \u02bbo ia ho\u02bbi \u02bbo H\u0101loanakalaukapalili. H\u0101nau \u02bbia &hellip; <\/p>\n","protected":false},"author":216,"featured_media":0,"parent":925,"menu_order":2,"comment_status":"closed","ping_status":"closed","template":"","meta":{"footnotes":""},"class_list":["post-1264","page","type-page","status-publish","hentry"],"_links":{"self":[{"href":"https:\/\/www.hawaii.edu\/kawaihapai\/wp-json\/wp\/v2\/pages\/1264","targetHints":{"allow":["GET"]}}],"collection":[{"href":"https:\/\/www.hawaii.edu\/kawaihapai\/wp-json\/wp\/v2\/pages"}],"about":[{"href":"https:\/\/www.hawaii.edu\/kawaihapai\/wp-json\/wp\/v2\/types\/page"}],"author":[{"embeddable":true,"href":"https:\/\/www.hawaii.edu\/kawaihapai\/wp-json\/wp\/v2\/users\/216"}],"replies":[{"embeddable":true,"href":"https:\/\/www.hawaii.edu\/kawaihapai\/wp-json\/wp\/v2\/comments?post=1264"}],"version-history":[{"count":22,"href":"https:\/\/www.hawaii.edu\/kawaihapai\/wp-json\/wp\/v2\/pages\/1264\/revisions"}],"predecessor-version":[{"id":2969,"href":"https:\/\/www.hawaii.edu\/kawaihapai\/wp-json\/wp\/v2\/pages\/1264\/revisions\/2969"}],"up":[{"embeddable":true,"href":"https:\/\/www.hawaii.edu\/kawaihapai\/wp-json\/wp\/v2\/pages\/925"}],"wp:attachment":[{"href":"https:\/\/www.hawaii.edu\/kawaihapai\/wp-json\/wp\/v2\/media?parent=1264"}],"curies":[{"name":"wp","href":"https:\/\/api.w.org\/{rel}","templated":true}]}}